{"id":3633,"date":"2023-10-04T05:17:01","date_gmt":"2023-10-04T09:17:01","guid":{"rendered":"https:\/\/ejanc.org\/nuestra-vision\/"},"modified":"2025-03-23T21:57:53","modified_gmt":"2025-03-24T01:57:53","slug":"nuestra-vision","status":"publish","type":"page","link":"https:\/\/ejanc.org\/es\/quienes-somos\/nuestra-vision\/","title":{"rendered":"Misi\u00f3n y visi\u00f3n"},"content":{"rendered":"\t\t<div data-elementor-type=\"wp-page\" data-elementor-id=\"3633\" class=\"elementor elementor-3633 elementor-1976\" data-elementor-post-type=\"page\">\n\t\t\t\t<div class=\"elementor-element elementor-element-d8ea9a5 e-flex e-con-boxed e-con e-parent\" data-id=\"d8ea9a5\" data-element_type=\"container\" data-e-type=\"container\">\n\t\t\t\t\t<div class=\"e-con-inner\">\n\t\t\t\t<div class=\"elementor-element elementor-element-8407cef elementor-position-left icon_box elementor-vertical-align-top elementor-widget elementor-widget-image-box\" data-id=\"8407cef\" data-element_type=\"widget\" data-e-type=\"widget\" data-widget_type=\"image-box.default\">\n\t\t\t\t<div class=\"elementor-widget-container\">\n\t\t\t\t\t<div class=\"elementor-image-box-wrapper\"><figure class=\"elementor-image-box-img\"><img fetchpriority=\"high\" decoding=\"async\" width=\"2560\" height=\"1920\" src=\"https:\/\/ejanc.org\/wp-content\/uploads\/2023\/10\/3A436CE6-A5B6-4AFE-9F7C-991B7F826A38-Ramiyah-scaled.jpeg\" class=\"attachment-full size-full wp-image-3953\" alt=\"\" srcset=\"https:\/\/ejanc.org\/wp-content\/uploads\/2023\/10\/3A436CE6-A5B6-4AFE-9F7C-991B7F826A38-Ramiyah-scaled.jpeg 2560w, https:\/\/ejanc.org\/wp-content\/uploads\/2023\/10\/3A436CE6-A5B6-4AFE-9F7C-991B7F826A38-Ramiyah-300x225.jpeg 300w, https:\/\/ejanc.org\/wp-content\/uploads\/2023\/10\/3A436CE6-A5B6-4AFE-9F7C-991B7F826A38-Ramiyah-1024x768.jpeg 1024w, https:\/\/ejanc.org\/wp-content\/uploads\/2023\/10\/3A436CE6-A5B6-4AFE-9F7C-991B7F826A38-Ramiyah-768x576.jpeg 768w, https:\/\/ejanc.org\/wp-content\/uploads\/2023\/10\/3A436CE6-A5B6-4AFE-9F7C-991B7F826A38-Ramiyah-1536x1152.jpeg 1536w, https:\/\/ejanc.org\/wp-content\/uploads\/2023\/10\/3A436CE6-A5B6-4AFE-9F7C-991B7F826A38-Ramiyah-2048x1536.jpeg 2048w\" sizes=\"(max-width: 2560px) 100vw, 2560px\" \/><\/figure><div class=\"elementor-image-box-content\"><h3 class=\"elementor-image-box-title\">Nuestra misi\u00f3n<\/h3><p class=\"elementor-image-box-description\">La misi\u00f3n de EJA es desmantelar los caminos que llevan estudaintes de la escuela a la c\u00e1rcel y de la escuela a la deportaci\u00f3n, eliminar la criminalizaci\u00f3n de los estudiantes Negro, Latinos, discapacitados y LGBTQ+, y garantizar la igualdad educativa para todos los estudiantes del sistema escolar p\u00fablico.<\/p><\/div><\/div>\t\t\t\t<\/div>\n\t\t\t\t<\/div>\n\t\t\t\t<div class=\"elementor-element elementor-element-6f1795e elementor-position-left icon_box elementor-vertical-align-top elementor-widget elementor-widget-image-box\" data-id=\"6f1795e\" data-element_type=\"widget\" data-e-type=\"widget\" data-widget_type=\"image-box.default\">\n\t\t\t\t<div class=\"elementor-widget-container\">\n\t\t\t\t\t<div class=\"elementor-image-box-wrapper\"><figure class=\"elementor-image-box-img\"><img decoding=\"async\" width=\"1800\" height=\"1200\" src=\"https:\/\/ejanc.org\/wp-content\/uploads\/2023\/10\/079A98C2-C111-4445-97AE-284E70267C04-Ramiyah-1.jpeg\" class=\"attachment-full size-full wp-image-3955\" alt=\"\" srcset=\"https:\/\/ejanc.org\/wp-content\/uploads\/2023\/10\/079A98C2-C111-4445-97AE-284E70267C04-Ramiyah-1.jpeg 1800w, https:\/\/ejanc.org\/wp-content\/uploads\/2023\/10\/079A98C2-C111-4445-97AE-284E70267C04-Ramiyah-1-300x200.jpeg 300w, https:\/\/ejanc.org\/wp-content\/uploads\/2023\/10\/079A98C2-C111-4445-97AE-284E70267C04-Ramiyah-1-1024x683.jpeg 1024w, https:\/\/ejanc.org\/wp-content\/uploads\/2023\/10\/079A98C2-C111-4445-97AE-284E70267C04-Ramiyah-1-768x512.jpeg 768w, https:\/\/ejanc.org\/wp-content\/uploads\/2023\/10\/079A98C2-C111-4445-97AE-284E70267C04-Ramiyah-1-1536x1024.jpeg 1536w\" sizes=\"(max-width: 1800px) 100vw, 1800px\" \/><\/figure><div class=\"elementor-image-box-content\"><h3 class=\"elementor-image-box-title\">Nuestra Visi\u00f3n<\/h3><p class=\"elementor-image-box-description\">EJA imagina un sistema escolar p\u00fablico centrado en las relaciones que valore realmente a padres y alumnos como responsables de la toma de decisiones y agentes activos del cambio. En este sistema educativo, la educaci\u00f3n es un derecho humano y las escuelas son entornos seguros, saludables y enriquecedores en que cada alumno tiene la oportunidad de alcanzar su pleno potencial. Las escuelas dan prioridad a la labor de prevenir traumas, reparar da\u00f1os y promover la curaci\u00f3n, y rechazan la cultura del castigo y la criminalizaci\u00f3n. Las escuelas proporcionan recursos equitativos, adoptan planes de estudios culturalmente pertinentes y abordan el racismo y todas las formas de opresi\u00f3n. \n\n <\/p><\/div><\/div>\t\t\t\t<\/div>\n\t\t\t\t<\/div>\n\t\t\t\t\t<\/div>\n\t\t\t\t<\/div>\n\t\t\t\t<\/div>\n\t\t","protected":false},"excerpt":{"rendered":"<p>Nuestra misi\u00f3n La misi\u00f3n de EJA es desmantelar los caminos que llevan estudaintes de la escuela a la c\u00e1rcel y de la escuela a la deportaci\u00f3n, eliminar la criminalizaci\u00f3n de [&hellip;]<\/p>\n","protected":false},"author":1,"featured_media":5972,"parent":3672,"menu_order":0,"comment_status":"closed","ping_status":"closed","template":"","meta":{"_acf_changed":false,"give_campaign_id":0,"inline_featured_image":false,"footnotes":""},"class_list":["post-3633","page","type-page","status-publish","has-post-thumbnail","hentry"],"acf":[],"yoast_head":"<!-- This site is optimized with the Yoast SEO plugin v27.0 - https:\/\/yoast.com\/product\/yoast-seo-wordpress\/ -->\n<title>Misi\u00f3n y visi\u00f3n | Alianza por la Justicia en la Educaci\u00f3n<\/title>\n<meta name=\"robots\" content=\"index, follow, max-snippet:-1, max-image-preview:large, max-video-preview:-1\" \/>\n<link rel=\"canonical\" href=\"https:\/\/ejanc.org\/es\/quienes-somos\/nuestra-vision\/\" \/>\n<meta property=\"og:locale\" content=\"es_ES\" \/>\n<meta property=\"og:type\" content=\"article\" \/>\n<meta property=\"og:title\" content=\"Misi\u00f3n y visi\u00f3n | Alianza por la Justicia en la Educaci\u00f3n\" \/>\n<meta property=\"og:description\" content=\"Nuestra misi\u00f3n La misi\u00f3n de EJA es desmantelar los caminos que llevan estudaintes de la escuela a la c\u00e1rcel y de la escuela a la deportaci\u00f3n, eliminar la criminalizaci\u00f3n de [&hellip;]\" \/>\n<meta property=\"og:url\" content=\"https:\/\/ejanc.org\/es\/quienes-somos\/nuestra-vision\/\" \/>\n<meta property=\"og:site_name\" content=\"Alianza por la Justicia en la Educaci\u00f3n\" \/>\n<meta property=\"article:publisher\" content=\"https:\/\/www.facebook.com\/EJARALEIGHNC\/\" \/>\n<meta property=\"article:modified_time\" content=\"2025-03-24T01:57:53+00:00\" \/>\n<meta name=\"twitter:card\" content=\"summary_large_image\" \/>\n<meta name=\"twitter:label1\" content=\"Tiempo de lectura\" \/>\n\t<meta name=\"twitter:data1\" content=\"1 minuto\" \/>\n<script type=\"application\/ld+json\" class=\"yoast-schema-graph\">{\"@context\":\"https:\/\/schema.org\",\"@graph\":[{\"@type\":\"WebPage\",\"@id\":\"https:\/\/ejanc.org\/es\/quienes-somos\/nuestra-vision\/\",\"url\":\"https:\/\/ejanc.org\/es\/quienes-somos\/nuestra-vision\/\",\"name\":\"Misi\u00f3n y visi\u00f3n | Alianza por la Justicia en la Educaci\u00f3n\",\"isPartOf\":{\"@id\":\"https:\/\/ejanc.org\/#website\"},\"primaryImageOfPage\":{\"@id\":\"https:\/\/ejanc.org\/es\/quienes-somos\/nuestra-vision\/#primaryimage\"},\"image\":{\"@id\":\"https:\/\/ejanc.org\/es\/quienes-somos\/nuestra-vision\/#primaryimage\"},\"thumbnailUrl\":\"https:\/\/ejanc.org\/wp-content\/uploads\/2025\/01\/IMG_2697-2-1-scaled-e1745464980195.jpg\",\"datePublished\":\"2023-10-04T09:17:01+00:00\",\"dateModified\":\"2025-03-24T01:57:53+00:00\",\"breadcrumb\":{\"@id\":\"https:\/\/ejanc.org\/es\/quienes-somos\/nuestra-vision\/#breadcrumb\"},\"inLanguage\":\"es\",\"potentialAction\":[{\"@type\":\"ReadAction\",\"target\":[\"https:\/\/ejanc.org\/es\/quienes-somos\/nuestra-vision\/\"]}]},{\"@type\":\"ImageObject\",\"inLanguage\":\"es\",\"@id\":\"https:\/\/ejanc.org\/es\/quienes-somos\/nuestra-vision\/#primaryimage\",\"url\":\"https:\/\/ejanc.org\/wp-content\/uploads\/2025\/01\/IMG_2697-2-1-scaled-e1745464980195.jpg\",\"contentUrl\":\"https:\/\/ejanc.org\/wp-content\/uploads\/2025\/01\/IMG_2697-2-1-scaled-e1745464980195.jpg\",\"width\":1920,\"height\":2560},{\"@type\":\"BreadcrumbList\",\"@id\":\"https:\/\/ejanc.org\/es\/quienes-somos\/nuestra-vision\/#breadcrumb\",\"itemListElement\":[{\"@type\":\"ListItem\",\"position\":1,\"name\":\"Home\",\"item\":\"https:\/\/ejanc.org\/es\/inicio\/\"},{\"@type\":\"ListItem\",\"position\":2,\"name\":\"Qui\u00e9nes Somos\",\"item\":\"https:\/\/ejanc.org\/es\/quienes-somos\/\"},{\"@type\":\"ListItem\",\"position\":3,\"name\":\"Misi\u00f3n y visi\u00f3n\"}]},{\"@type\":\"WebSite\",\"@id\":\"https:\/\/ejanc.org\/#website\",\"url\":\"https:\/\/ejanc.org\/\",\"name\":\"Alianza por la Justicia en la Educaci\u00f3n\",\"description\":\"\",\"publisher\":{\"@id\":\"https:\/\/ejanc.org\/#organization\"},\"potentialAction\":[{\"@type\":\"SearchAction\",\"target\":{\"@type\":\"EntryPoint\",\"urlTemplate\":\"https:\/\/ejanc.org\/?s={search_term_string}\"},\"query-input\":{\"@type\":\"PropertyValueSpecification\",\"valueRequired\":true,\"valueName\":\"search_term_string\"}}],\"inLanguage\":\"es\"},{\"@type\":\"Organization\",\"@id\":\"https:\/\/ejanc.org\/#organization\",\"name\":\"Alianza por la Justicia en la Educaci\u00f3n\",\"url\":\"https:\/\/ejanc.org\/\",\"logo\":{\"@type\":\"ImageObject\",\"inLanguage\":\"es\",\"@id\":\"https:\/\/ejanc.org\/#\/schema\/logo\/image\/\",\"url\":\"https:\/\/ejanc.org\/wp-content\/uploads\/2023\/10\/logo.png\",\"contentUrl\":\"https:\/\/ejanc.org\/wp-content\/uploads\/2023\/10\/logo.png\",\"width\":129,\"height\":132,\"caption\":\"Alianza por la Justicia en la Educaci\u00f3n\"},\"image\":{\"@id\":\"https:\/\/ejanc.org\/#\/schema\/logo\/image\/\"},\"sameAs\":[\"https:\/\/www.facebook.com\/EJARALEIGHNC\/\",\"https:\/\/www.instagram.com\/ejaraleighnc\/\",\"https:\/\/www.linkedin.com\/company\/ejaraleighnc\/about\/\",\"https:\/\/www.youtube.com\/@educationjusticealliance8063\"]}]}<\/script>\n<!-- \/ Yoast SEO plugin. -->","yoast_head_json":{"title":"Misi\u00f3n y visi\u00f3n | Alianza por la Justicia en la Educaci\u00f3n","robots":{"index":"index","follow":"follow","max-snippet":"max-snippet:-1","max-image-preview":"max-image-preview:large","max-video-preview":"max-video-preview:-1"},"canonical":"https:\/\/ejanc.org\/es\/quienes-somos\/nuestra-vision\/","og_locale":"es_ES","og_type":"article","og_title":"Misi\u00f3n y visi\u00f3n | Alianza por la Justicia en la Educaci\u00f3n","og_description":"Nuestra misi\u00f3n La misi\u00f3n de EJA es desmantelar los caminos que llevan estudaintes de la escuela a la c\u00e1rcel y de la escuela a la deportaci\u00f3n, eliminar la criminalizaci\u00f3n de [&hellip;]","og_url":"https:\/\/ejanc.org\/es\/quienes-somos\/nuestra-vision\/","og_site_name":"Alianza por la Justicia en la Educaci\u00f3n","article_publisher":"https:\/\/www.facebook.com\/EJARALEIGHNC\/","article_modified_time":"2025-03-24T01:57:53+00:00","twitter_card":"summary_large_image","twitter_misc":{"Tiempo de lectura":"1 minuto"},"schema":{"@context":"https:\/\/schema.org","@graph":[{"@type":"WebPage","@id":"https:\/\/ejanc.org\/es\/quienes-somos\/nuestra-vision\/","url":"https:\/\/ejanc.org\/es\/quienes-somos\/nuestra-vision\/","name":"Misi\u00f3n y visi\u00f3n | Alianza por la Justicia en la Educaci\u00f3n","isPartOf":{"@id":"https:\/\/ejanc.org\/#website"},"primaryImageOfPage":{"@id":"https:\/\/ejanc.org\/es\/quienes-somos\/nuestra-vision\/#primaryimage"},"image":{"@id":"https:\/\/ejanc.org\/es\/quienes-somos\/nuestra-vision\/#primaryimage"},"thumbnailUrl":"https:\/\/ejanc.org\/wp-content\/uploads\/2025\/01\/IMG_2697-2-1-scaled-e1745464980195.jpg","datePublished":"2023-10-04T09:17:01+00:00","dateModified":"2025-03-24T01:57:53+00:00","breadcrumb":{"@id":"https:\/\/ejanc.org\/es\/quienes-somos\/nuestra-vision\/#breadcrumb"},"inLanguage":"es","potentialAction":[{"@type":"ReadAction","target":["https:\/\/ejanc.org\/es\/quienes-somos\/nuestra-vision\/"]}]},{"@type":"ImageObject","inLanguage":"es","@id":"https:\/\/ejanc.org\/es\/quienes-somos\/nuestra-vision\/#primaryimage","url":"https:\/\/ejanc.org\/wp-content\/uploads\/2025\/01\/IMG_2697-2-1-scaled-e1745464980195.jpg","contentUrl":"https:\/\/ejanc.org\/wp-content\/uploads\/2025\/01\/IMG_2697-2-1-scaled-e1745464980195.jpg","width":1920,"height":2560},{"@type":"BreadcrumbList","@id":"https:\/\/ejanc.org\/es\/quienes-somos\/nuestra-vision\/#breadcrumb","itemListElement":[{"@type":"ListItem","position":1,"name":"Home","item":"https:\/\/ejanc.org\/es\/inicio\/"},{"@type":"ListItem","position":2,"name":"Qui\u00e9nes Somos","item":"https:\/\/ejanc.org\/es\/quienes-somos\/"},{"@type":"ListItem","position":3,"name":"Misi\u00f3n y visi\u00f3n"}]},{"@type":"WebSite","@id":"https:\/\/ejanc.org\/#website","url":"https:\/\/ejanc.org\/","name":"Alianza por la Justicia en la Educaci\u00f3n","description":"","publisher":{"@id":"https:\/\/ejanc.org\/#organization"},"potentialAction":[{"@type":"SearchAction","target":{"@type":"EntryPoint","urlTemplate":"https:\/\/ejanc.org\/?s={search_term_string}"},"query-input":{"@type":"PropertyValueSpecification","valueRequired":true,"valueName":"search_term_string"}}],"inLanguage":"es"},{"@type":"Organization","@id":"https:\/\/ejanc.org\/#organization","name":"Alianza por la Justicia en la Educaci\u00f3n","url":"https:\/\/ejanc.org\/","logo":{"@type":"ImageObject","inLanguage":"es","@id":"https:\/\/ejanc.org\/#\/schema\/logo\/image\/","url":"https:\/\/ejanc.org\/wp-content\/uploads\/2023\/10\/logo.png","contentUrl":"https:\/\/ejanc.org\/wp-content\/uploads\/2023\/10\/logo.png","width":129,"height":132,"caption":"Alianza por la Justicia en la Educaci\u00f3n"},"image":{"@id":"https:\/\/ejanc.org\/#\/schema\/logo\/image\/"},"sameAs":["https:\/\/www.facebook.com\/EJARALEIGHNC\/","https:\/\/www.instagram.com\/ejaraleighnc\/","https:\/\/www.linkedin.com\/company\/ejaraleighnc\/about\/","https:\/\/www.youtube.com\/@educationjusticealliance8063"]}]}},"campaignId":"","_links":{"self":[{"href":"https:\/\/ejanc.org\/es\/wp-json\/wp\/v2\/pages\/3633","targetHints":{"allow":["GET"]}}],"collection":[{"href":"https:\/\/ejanc.org\/es\/wp-json\/wp\/v2\/pages"}],"about":[{"href":"https:\/\/ejanc.org\/es\/wp-json\/wp\/v2\/types\/page"}],"author":[{"embeddable":true,"href":"https:\/\/ejanc.org\/es\/wp-json\/wp\/v2\/users\/1"}],"replies":[{"embeddable":true,"href":"https:\/\/ejanc.org\/es\/wp-json\/wp\/v2\/comments?post=3633"}],"version-history":[{"count":11,"href":"https:\/\/ejanc.org\/es\/wp-json\/wp\/v2\/pages\/3633\/revisions"}],"predecessor-version":[{"id":6262,"href":"https:\/\/ejanc.org\/es\/wp-json\/wp\/v2\/pages\/3633\/revisions\/6262"}],"up":[{"embeddable":true,"href":"https:\/\/ejanc.org\/es\/wp-json\/wp\/v2\/pages\/3672"}],"wp:featuredmedia":[{"embeddable":true,"href":"https:\/\/ejanc.org\/es\/wp-json\/wp\/v2\/media\/5972"}],"wp:attachment":[{"href":"https:\/\/ejanc.org\/es\/wp-json\/wp\/v2\/media?parent=3633"}],"curies":[{"name":"wp","href":"https:\/\/api.w.org\/{rel}","templated":true}]}}