{"id":3681,"date":"2023-10-04T08:45:23","date_gmt":"2023-10-04T12:45:23","guid":{"rendered":"https:\/\/ejanc.org\/terminologia-comun\/"},"modified":"2024-08-12T15:50:17","modified_gmt":"2024-08-12T19:50:17","slug":"terminologia-comun","status":"publish","type":"page","link":"https:\/\/ejanc.org\/es\/recursos\/terminologia-comun\/","title":{"rendered":"Lista Terminol\u00f3gica"},"content":{"rendered":"\t\t<div data-elementor-type=\"wp-page\" data-elementor-id=\"3681\" class=\"elementor elementor-3681 elementor-2362\" data-elementor-post-type=\"page\">\n\t\t\t\t<div class=\"elementor-element elementor-element-57cde49 e-flex e-con-boxed e-con e-parent\" data-id=\"57cde49\" data-element_type=\"container\" data-e-type=\"container\">\n\t\t\t\t\t<div class=\"e-con-inner\">\n\t\t\t\t<div class=\"elementor-element elementor-element-bb1c123 elementor-widget elementor-widget-text-editor\" data-id=\"bb1c123\" data-element_type=\"widget\" data-e-type=\"widget\" data-widget_type=\"text-editor.default\">\n\t\t\t\t<div class=\"elementor-widget-container\">\n\t\t\t\t\t\t\t\t\t<p><b>El colonialismo<\/b> es la pol\u00edtica o pr\u00e1ctica de dominar mediante la adquisici\u00f3n del control pol\u00edtico total o parcial de la tierra, los recursos y la poblaci\u00f3n de otro pa\u00eds, ocup\u00e1ndolo con colonos y explot\u00e1ndolo econ\u00f3micamente.<\/p>\n<p><span style=\"text-align: var(--text-align);\"><b>La criminalizaci\u00f3n<\/b><\/span><span style=\"text-align: var(--text-align);\">&nbsp;es el etiquetado de un individuo o grupo, sus actividades, cultura y\/o identidad como desviados, peligrosos e indeseables y la correspondiente supresi\u00f3n de ese individuo o grupo por parte de las autoridades. Las personas y poblaciones criminalizadas no necesitan tener un comportamiento ilegal o perjudicial para ser tratadas como delincuentes, sino que son regularmente objeto de vigilancia, paradas, cacheos y interrogatorios policiales, y suspensi\u00f3n y expulsi\u00f3n escolar. A menudo, la criminalizaci\u00f3n va m\u00e1s all\u00e1 de los sistemas policial y judicial y repercute en la percepci\u00f3n y el trato que la sociedad en general tiene del individuo o el grupo. (Adaptado de la definici\u00f3n de la Coalici\u00f3n por la Justicia Juvenil)<\/span><\/p>\n<p><b>Los derechos humanos<\/b><span style=\"text-align: var(--text-align);\">&nbsp;son necesarios para que las personas vivan la vida en libertad, dignidad y igualdad, y tengan cubiertas sus necesidades b\u00e1sicas. Los derechos humanos se aplican a todas las personas por igual, independientemente de su origen, simplemente porque son seres humanos. El movimiento por los derechos civiles en Estados Unidos forma parte de un movimiento por los derechos humanos que lucha por los derechos civiles a la igualdad y a no sufrir discriminaci\u00f3n, as\u00ed como por los derechos econ\u00f3micos y sociales a la educaci\u00f3n, el trabajo, la salud y la vivienda. (Adaptado de la definici\u00f3n de NESRI y CADRE)<\/span><\/p>\n<p><b style=\"text-align: var(--text-align);\">El abandono escolar<\/b><span style=\"text-align: var(--text-align);\">&nbsp;se refiere a los numerosos factores sist\u00e9micos que impiden o desaniman a los j\u00f3venes a seguir en el buen camino para completar su educaci\u00f3n y tiene consecuencias graves y duraderas para los estudiantes, los padres, las escuelas y las comunidades. Estos factores incluyen, entre otros, el fracaso a la hora de proporcionar los componentes esenciales de una educaci\u00f3n de alta calidad, la falta de participaci\u00f3n de las partes interesadas en la toma de decisiones, la excesiva confianza en las pr\u00e1cticas de tolerancia cero y las medidas punitivas como las suspensiones y las expulsiones, la excesiva confianza en las t\u00e1cticas de aplicaci\u00f3n de la ley y la cesi\u00f3n de la autoridad disciplinaria al personal encargado de hacer cumplir la ley, y una historia de racismo y desigualdad sist\u00e9micos. Estos factores afectan a todos los estudiantes, pero tienen un impacto desproporcionado en los j\u00f3venes hist\u00f3ricamente marginados.<\/span><\/p>\n<p><b>Agentes de Polic\u00eda Escolares (SRO)&nbsp;<\/b> Cualquier oficial de la ley asignado permanentemente a trabajar en una escuela o conjunto de escuelas. En la actualidad, en algunas localidades, son agentes jurados o certificados de las fuerzas del orden empleados por los departamentos de polic\u00eda de las ciudades y las oficinas del sheriff.<span style=\"text-align: var(--text-align);\"><span style=\"font-weight: bold;\"><br><\/span><\/span><\/p>\n<p><span style=\"text-align: var(--text-align);\"><b>El \u00abCamino de la Escuela a la Deportaci\u00f3n\u00bb (School-to-Deportation Pipeline)<\/b>&nbsp; es un conjunto de pol\u00edticas y pr\u00e1cticas escolares en las que los estudiantes son expulsados de las escuelas hacia el sistema de justicia juvenil y penal y, finalmente, hacia los procedimientos de inmigraci\u00f3n (o en riesgo de) que conducen al proceso de deportaci\u00f3n.<\/span><\/p>\n<p><b>El \u00abCamino de la Escuela a la C\u00e1rcel\u00bb (School-to-Prison Pipeline)<\/b> &nbsp; es un conjunto de pol\u00edticas y pr\u00e1cticas escolares que empujan a los alumnos de la escuela al sistema de justicia juvenil y penal.<\/p>\n<p><b>Un movimiento social<\/b><span style=\"text-align: var(--text-align);\">&nbsp;es la movilizaci\u00f3n y autoorganizaci\u00f3n masiva de personas sin poder para conseguir o asegurar sus derechos. Se compone de movilizaciones locales desafiantes conectadas a otros movimientos locales con objetivos similares mediante redes formales e informales de informaci\u00f3n y apoyo. Supera las expectativas, planes e instrucciones del liderazgo formal y de las organizaciones existentes actuando de forma espont\u00e1nea, asumiendo riesgos y comport\u00e1ndose de forma impredecible. (Definici\u00f3n de Liderazgo para la Justicia Social<\/span><\/p>\n<p><b>La Supremac\u00eda Blanca<\/b> es un sistema de explotaci\u00f3n y opresi\u00f3n de continentes, naciones y BIPOC (negros, ind\u00edgenas y otras personas de color) perpetuado institucionalmente y basado en la historia por personas y naciones blancas del continente europeo, con el fin de crear, mantener y defender un sistema de riqueza, poder y privilegio.&nbsp;<br><\/p>\n<p><span style=\"text-align: var(--text-align);\"><b>Una pol\u00edtica disciplinaria de tolerancia cero<\/b><\/span><span style=\"text-align: var(--text-align);\">&nbsp;es una pol\u00edtica o pr\u00e1ctica de disciplina escolar que tiene como consecuencia una consecuencia disciplinaria autom\u00e1tica, como la suspensi\u00f3n dentro o fuera de la escuela, la expulsi\u00f3n o el traslado escolar involuntario, para cualquier alumno que cometa una o m\u00e1s infracciones de las enumeradas. Una pol\u00edtica de disciplina escolar puede ser una pol\u00edtica de tolerancia cero incluso si los administradores tienen cierta discreci\u00f3n para modificar la consecuencia caso por caso.<\/span><\/p>\t\t\t\t\t\t\t\t<\/div>\n\t\t\t\t<\/div>\n\t\t\t\t\t<\/div>\n\t\t\t\t<\/div>\n\t\t\t\t<\/div>\n\t\t","protected":false},"excerpt":{"rendered":"<p>El colonialismo es la pol\u00edtica o pr\u00e1ctica de dominar mediante la adquisici\u00f3n del control pol\u00edtico total o parcial de la tierra, los recursos y la poblaci\u00f3n de otro pa\u00eds, ocup\u00e1ndolo [&hellip;]<\/p>\n","protected":false},"author":1,"featured_media":4628,"parent":3719,"menu_order":0,"comment_status":"closed","ping_status":"closed","template":"","meta":{"_acf_changed":false,"give_campaign_id":0,"inline_featured_image":false,"footnotes":""},"class_list":["post-3681","page","type-page","status-publish","has-post-thumbnail","hentry"],"acf":[],"yoast_head":"<!-- This site is optimized with the Yoast SEO plugin v27.0 - https:\/\/yoast.com\/product\/yoast-seo-wordpress\/ -->\n<title>Lista Terminol\u00f3gica | Alianza por la Justicia en la Educaci\u00f3n<\/title>\n<meta name=\"robots\" content=\"index, follow, max-snippet:-1, max-image-preview:large, max-video-preview:-1\" \/>\n<link rel=\"canonical\" href=\"https:\/\/ejanc.org\/es\/recursos\/terminologia-comun\/\" \/>\n<meta property=\"og:locale\" content=\"es_ES\" \/>\n<meta property=\"og:type\" content=\"article\" \/>\n<meta property=\"og:title\" content=\"Lista Terminol\u00f3gica | Alianza por la Justicia en la Educaci\u00f3n\" \/>\n<meta property=\"og:description\" content=\"El colonialismo es la pol\u00edtica o pr\u00e1ctica de dominar mediante la adquisici\u00f3n del control pol\u00edtico total o parcial de la tierra, los recursos y la poblaci\u00f3n de otro pa\u00eds, ocup\u00e1ndolo [&hellip;]\" \/>\n<meta property=\"og:url\" content=\"https:\/\/ejanc.org\/es\/recursos\/terminologia-comun\/\" \/>\n<meta property=\"og:site_name\" content=\"Alianza por la Justicia en la Educaci\u00f3n\" \/>\n<meta property=\"article:publisher\" content=\"https:\/\/www.facebook.com\/EJARALEIGHNC\/\" \/>\n<meta property=\"article:modified_time\" content=\"2024-08-12T19:50:17+00:00\" \/>\n<meta property=\"og:image\" content=\"https:\/\/ejanc.org\/wp-content\/uploads\/2023\/10\/07E09D3D-9A89-492D-AC0F-665ED532ABED-Ramiyah.jpeg\" \/>\n\t<meta property=\"og:image:width\" content=\"1800\" \/>\n\t<meta property=\"og:image:height\" content=\"1200\" \/>\n\t<meta property=\"og:image:type\" content=\"image\/jpeg\" \/>\n<meta name=\"twitter:card\" content=\"summary_large_image\" \/>\n<meta name=\"twitter:label1\" content=\"Tiempo de lectura\" \/>\n\t<meta name=\"twitter:data1\" content=\"4 minutos\" \/>\n<script type=\"application\/ld+json\" class=\"yoast-schema-graph\">{\"@context\":\"https:\/\/schema.org\",\"@graph\":[{\"@type\":\"WebPage\",\"@id\":\"https:\/\/ejanc.org\/es\/recursos\/terminologia-comun\/\",\"url\":\"https:\/\/ejanc.org\/es\/recursos\/terminologia-comun\/\",\"name\":\"Lista Terminol\u00f3gica | Alianza por la Justicia en la Educaci\u00f3n\",\"isPartOf\":{\"@id\":\"https:\/\/ejanc.org\/#website\"},\"primaryImageOfPage\":{\"@id\":\"https:\/\/ejanc.org\/es\/recursos\/terminologia-comun\/#primaryimage\"},\"image\":{\"@id\":\"https:\/\/ejanc.org\/es\/recursos\/terminologia-comun\/#primaryimage\"},\"thumbnailUrl\":\"https:\/\/ejanc.org\/wp-content\/uploads\/2023\/10\/07E09D3D-9A89-492D-AC0F-665ED532ABED-Ramiyah.jpeg\",\"datePublished\":\"2023-10-04T12:45:23+00:00\",\"dateModified\":\"2024-08-12T19:50:17+00:00\",\"breadcrumb\":{\"@id\":\"https:\/\/ejanc.org\/es\/recursos\/terminologia-comun\/#breadcrumb\"},\"inLanguage\":\"es\",\"potentialAction\":[{\"@type\":\"ReadAction\",\"target\":[\"https:\/\/ejanc.org\/es\/recursos\/terminologia-comun\/\"]}]},{\"@type\":\"ImageObject\",\"inLanguage\":\"es\",\"@id\":\"https:\/\/ejanc.org\/es\/recursos\/terminologia-comun\/#primaryimage\",\"url\":\"https:\/\/ejanc.org\/wp-content\/uploads\/2023\/10\/07E09D3D-9A89-492D-AC0F-665ED532ABED-Ramiyah.jpeg\",\"contentUrl\":\"https:\/\/ejanc.org\/wp-content\/uploads\/2023\/10\/07E09D3D-9A89-492D-AC0F-665ED532ABED-Ramiyah.jpeg\",\"width\":1800,\"height\":1200},{\"@type\":\"BreadcrumbList\",\"@id\":\"https:\/\/ejanc.org\/es\/recursos\/terminologia-comun\/#breadcrumb\",\"itemListElement\":[{\"@type\":\"ListItem\",\"position\":1,\"name\":\"Home\",\"item\":\"https:\/\/ejanc.org\/es\/inicio\/\"},{\"@type\":\"ListItem\",\"position\":2,\"name\":\"Recursos\",\"item\":\"https:\/\/ejanc.org\/es\/recursos\/\"},{\"@type\":\"ListItem\",\"position\":3,\"name\":\"Lista Terminol\u00f3gica\"}]},{\"@type\":\"WebSite\",\"@id\":\"https:\/\/ejanc.org\/#website\",\"url\":\"https:\/\/ejanc.org\/\",\"name\":\"Alianza por la Justicia en la Educaci\u00f3n\",\"description\":\"\",\"publisher\":{\"@id\":\"https:\/\/ejanc.org\/#organization\"},\"potentialAction\":[{\"@type\":\"SearchAction\",\"target\":{\"@type\":\"EntryPoint\",\"urlTemplate\":\"https:\/\/ejanc.org\/?s={search_term_string}\"},\"query-input\":{\"@type\":\"PropertyValueSpecification\",\"valueRequired\":true,\"valueName\":\"search_term_string\"}}],\"inLanguage\":\"es\"},{\"@type\":\"Organization\",\"@id\":\"https:\/\/ejanc.org\/#organization\",\"name\":\"Alianza por la Justicia en la Educaci\u00f3n\",\"url\":\"https:\/\/ejanc.org\/\",\"logo\":{\"@type\":\"ImageObject\",\"inLanguage\":\"es\",\"@id\":\"https:\/\/ejanc.org\/#\/schema\/logo\/image\/\",\"url\":\"https:\/\/ejanc.org\/wp-content\/uploads\/2023\/10\/logo.png\",\"contentUrl\":\"https:\/\/ejanc.org\/wp-content\/uploads\/2023\/10\/logo.png\",\"width\":129,\"height\":132,\"caption\":\"Alianza por la Justicia en la Educaci\u00f3n\"},\"image\":{\"@id\":\"https:\/\/ejanc.org\/#\/schema\/logo\/image\/\"},\"sameAs\":[\"https:\/\/www.facebook.com\/EJARALEIGHNC\/\",\"https:\/\/www.instagram.com\/ejaraleighnc\/\",\"https:\/\/www.linkedin.com\/company\/ejaraleighnc\/about\/\",\"https:\/\/www.youtube.com\/@educationjusticealliance8063\"]}]}<\/script>\n<!-- \/ Yoast SEO plugin. -->","yoast_head_json":{"title":"Lista Terminol\u00f3gica | Alianza por la Justicia en la Educaci\u00f3n","robots":{"index":"index","follow":"follow","max-snippet":"max-snippet:-1","max-image-preview":"max-image-preview:large","max-video-preview":"max-video-preview:-1"},"canonical":"https:\/\/ejanc.org\/es\/recursos\/terminologia-comun\/","og_locale":"es_ES","og_type":"article","og_title":"Lista Terminol\u00f3gica | Alianza por la Justicia en la Educaci\u00f3n","og_description":"El colonialismo es la pol\u00edtica o pr\u00e1ctica de dominar mediante la adquisici\u00f3n del control pol\u00edtico total o parcial de la tierra, los recursos y la poblaci\u00f3n de otro pa\u00eds, ocup\u00e1ndolo [&hellip;]","og_url":"https:\/\/ejanc.org\/es\/recursos\/terminologia-comun\/","og_site_name":"Alianza por la Justicia en la Educaci\u00f3n","article_publisher":"https:\/\/www.facebook.com\/EJARALEIGHNC\/","article_modified_time":"2024-08-12T19:50:17+00:00","og_image":[{"width":1800,"height":1200,"url":"https:\/\/ejanc.org\/wp-content\/uploads\/2023\/10\/07E09D3D-9A89-492D-AC0F-665ED532ABED-Ramiyah.jpeg","type":"image\/jpeg"}],"twitter_card":"summary_large_image","twitter_misc":{"Tiempo de lectura":"4 minutos"},"schema":{"@context":"https:\/\/schema.org","@graph":[{"@type":"WebPage","@id":"https:\/\/ejanc.org\/es\/recursos\/terminologia-comun\/","url":"https:\/\/ejanc.org\/es\/recursos\/terminologia-comun\/","name":"Lista Terminol\u00f3gica | Alianza por la Justicia en la Educaci\u00f3n","isPartOf":{"@id":"https:\/\/ejanc.org\/#website"},"primaryImageOfPage":{"@id":"https:\/\/ejanc.org\/es\/recursos\/terminologia-comun\/#primaryimage"},"image":{"@id":"https:\/\/ejanc.org\/es\/recursos\/terminologia-comun\/#primaryimage"},"thumbnailUrl":"https:\/\/ejanc.org\/wp-content\/uploads\/2023\/10\/07E09D3D-9A89-492D-AC0F-665ED532ABED-Ramiyah.jpeg","datePublished":"2023-10-04T12:45:23+00:00","dateModified":"2024-08-12T19:50:17+00:00","breadcrumb":{"@id":"https:\/\/ejanc.org\/es\/recursos\/terminologia-comun\/#breadcrumb"},"inLanguage":"es","potentialAction":[{"@type":"ReadAction","target":["https:\/\/ejanc.org\/es\/recursos\/terminologia-comun\/"]}]},{"@type":"ImageObject","inLanguage":"es","@id":"https:\/\/ejanc.org\/es\/recursos\/terminologia-comun\/#primaryimage","url":"https:\/\/ejanc.org\/wp-content\/uploads\/2023\/10\/07E09D3D-9A89-492D-AC0F-665ED532ABED-Ramiyah.jpeg","contentUrl":"https:\/\/ejanc.org\/wp-content\/uploads\/2023\/10\/07E09D3D-9A89-492D-AC0F-665ED532ABED-Ramiyah.jpeg","width":1800,"height":1200},{"@type":"BreadcrumbList","@id":"https:\/\/ejanc.org\/es\/recursos\/terminologia-comun\/#breadcrumb","itemListElement":[{"@type":"ListItem","position":1,"name":"Home","item":"https:\/\/ejanc.org\/es\/inicio\/"},{"@type":"ListItem","position":2,"name":"Recursos","item":"https:\/\/ejanc.org\/es\/recursos\/"},{"@type":"ListItem","position":3,"name":"Lista Terminol\u00f3gica"}]},{"@type":"WebSite","@id":"https:\/\/ejanc.org\/#website","url":"https:\/\/ejanc.org\/","name":"Alianza por la Justicia en la Educaci\u00f3n","description":"","publisher":{"@id":"https:\/\/ejanc.org\/#organization"},"potentialAction":[{"@type":"SearchAction","target":{"@type":"EntryPoint","urlTemplate":"https:\/\/ejanc.org\/?s={search_term_string}"},"query-input":{"@type":"PropertyValueSpecification","valueRequired":true,"valueName":"search_term_string"}}],"inLanguage":"es"},{"@type":"Organization","@id":"https:\/\/ejanc.org\/#organization","name":"Alianza por la Justicia en la Educaci\u00f3n","url":"https:\/\/ejanc.org\/","logo":{"@type":"ImageObject","inLanguage":"es","@id":"https:\/\/ejanc.org\/#\/schema\/logo\/image\/","url":"https:\/\/ejanc.org\/wp-content\/uploads\/2023\/10\/logo.png","contentUrl":"https:\/\/ejanc.org\/wp-content\/uploads\/2023\/10\/logo.png","width":129,"height":132,"caption":"Alianza por la Justicia en la Educaci\u00f3n"},"image":{"@id":"https:\/\/ejanc.org\/#\/schema\/logo\/image\/"},"sameAs":["https:\/\/www.facebook.com\/EJARALEIGHNC\/","https:\/\/www.instagram.com\/ejaraleighnc\/","https:\/\/www.linkedin.com\/company\/ejaraleighnc\/about\/","https:\/\/www.youtube.com\/@educationjusticealliance8063"]}]}},"campaignId":"","_links":{"self":[{"href":"https:\/\/ejanc.org\/es\/wp-json\/wp\/v2\/pages\/3681","targetHints":{"allow":["GET"]}}],"collection":[{"href":"https:\/\/ejanc.org\/es\/wp-json\/wp\/v2\/pages"}],"about":[{"href":"https:\/\/ejanc.org\/es\/wp-json\/wp\/v2\/types\/page"}],"author":[{"embeddable":true,"href":"https:\/\/ejanc.org\/es\/wp-json\/wp\/v2\/users\/1"}],"replies":[{"embeddable":true,"href":"https:\/\/ejanc.org\/es\/wp-json\/wp\/v2\/comments?post=3681"}],"version-history":[{"count":8,"href":"https:\/\/ejanc.org\/es\/wp-json\/wp\/v2\/pages\/3681\/revisions"}],"predecessor-version":[{"id":5355,"href":"https:\/\/ejanc.org\/es\/wp-json\/wp\/v2\/pages\/3681\/revisions\/5355"}],"up":[{"embeddable":true,"href":"https:\/\/ejanc.org\/es\/wp-json\/wp\/v2\/pages\/3719"}],"wp:featuredmedia":[{"embeddable":true,"href":"https:\/\/ejanc.org\/es\/wp-json\/wp\/v2\/media\/4628"}],"wp:attachment":[{"href":"https:\/\/ejanc.org\/es\/wp-json\/wp\/v2\/media?parent=3681"}],"curies":[{"name":"wp","href":"https:\/\/api.w.org\/{rel}","templated":true}]}}