{"id":3683,"date":"2023-10-04T06:13:50","date_gmt":"2023-10-04T06:13:50","guid":{"rendered":"https:\/\/ejanc.org\/campana-consejeros-no-policias\/"},"modified":"2023-10-10T15:01:25","modified_gmt":"2023-10-10T15:01:25","slug":"campana-consejeros-no-policias","status":"publish","type":"page","link":"https:\/\/ejanc.org\/es\/campanas\/campana-consejeros-no-policias\/","title":{"rendered":"Consejeros, no polic\u00edas"},"content":{"rendered":"\t\t<div data-elementor-type=\"wp-page\" data-elementor-id=\"3683\" class=\"elementor elementor-3683 elementor-2118\" data-elementor-post-type=\"page\">\n\t\t\t\t<div class=\"elementor-element elementor-element-dcbfc9c e-flex e-con-boxed e-con e-parent\" data-id=\"dcbfc9c\" data-element_type=\"container\" data-e-type=\"container\">\n\t\t\t\t\t<div class=\"e-con-inner\">\n\t\t\t\t<div class=\"elementor-element elementor-element-27fbbbf elementor-widget elementor-widget-text-editor\" data-id=\"27fbbbf\" data-element_type=\"widget\" data-e-type=\"widget\" data-widget_type=\"text-editor.default\">\n\t\t\t\t<div class=\"elementor-widget-container\">\n\t\t\t\t\t\t\t\t\t<p><a href=\"https:\/\/www.southerncoalition.org\/counselorsnotcopswakecounty\/\"><strong>Echa un vistazo a nuestra p\u00e1gina de la coalici\u00f3n #CounselorsNotCops aqu\u00ed.<\/strong><\/a><\/p>\n\t\t\t\t\t\t\t\t<\/div>\n\t\t\t\t<\/div>\n\t\t\t\t<div class=\"elementor-element elementor-element-a552bd7 elementor-widget elementor-widget-text-editor\" data-id=\"a552bd7\" data-element_type=\"widget\" data-e-type=\"widget\" data-widget_type=\"text-editor.default\">\n\t\t\t\t<div class=\"elementor-widget-container\">\n\t\t\t\t\t\t\t\t\t<p>Nuestra campa\u00f1a \u00abConsejeros, no polic\u00edas\u00bb pretende educar a los funcionarios del WCPSS sobre la importancia de desprenderse de las fuerzas del orden e invertir en personal de apoyo escolar, como psic\u00f3logos escolares, terapeutas de salud mental, consejeros escolares, enfermeras y otro personal de apoyo como los Peacebuilders. <\/p>\n<p>El Programa de Agentes de Recursos Escolares del Sistema de Escuelas P\u00fablicas del Condado de Wake (WCPSS) alimenta el proceso de transici\u00f3n de la escuela a la c\u00e1rcel en el condado de Wake. Actualmente hay m\u00e1s de 70 agentes de recursos escolares en WCPSS, con al menos uno en cada centro de secundaria y bachillerato. Durante el a\u00f1o escolar 2018-19, el 28,5% de todas las denuncias de delincuencia juvenil en el condado de Wake estaban relacionadas con la escuela. Los estudiantes negros representaron solo el 22% de la matr\u00edcula estudiantil de WCPSS en 2018-19, pero fueron el 73% de las quejas de delincuencia relacionadas con la escuela. La mayor\u00eda de los casos remitidos por los agentes de recursos escolares (SRO) del WCPSS durante este periodo se remitieron a los tribunales de menores y penales, lo que puede dar lugar a antecedentes penales y juveniles para cientos de alumnos negros y marrones. Los tribunales de adolescentes, la mediaci\u00f3n y otros programas de desv\u00edo constituyeron un porcentaje significativamente inferior de las remisiones.<\/p>\n\t\t\t\t\t\t\t\t<\/div>\n\t\t\t\t<\/div>\n\t\t\t\t<div class=\"elementor-element elementor-element-1e7879b elementor-widget elementor-widget-text-editor\" data-id=\"1e7879b\" data-element_type=\"widget\" data-e-type=\"widget\" data-widget_type=\"text-editor.default\">\n\t\t\t\t<div class=\"elementor-widget-container\">\n\t\t\t\t\t\t\t\t\t<p>Con este fin, EJA hace un llamamiento a la superintendente de WCPSS y a su personal y a los miembros del consejo escolar para:<\/p>\n<ol>\n<li>Acabar con la presencia habitual de las fuerzas del orden en las escuelas y poner fin a la criminalizaci\u00f3n sistem\u00e1tica de alumnos y padres.<strong><em> <\/em><\/strong><\/li>\n<li>Aprobar la propuesta de Polic\u00eda de Zona Escolar Segura de EJA para proteger a los estudiantes indocumentados del Servicio de Inmigraci\u00f3n y Control de Aduanas (ICE).<\/li>\n<li>Implantar un programa Peacebuilder como alternativa a la polic\u00eda escolar. Los Peacebuilders son trabajadores de intervenci\u00f3n comunitaria que construyen intencionadamente relaciones positivas con alumnos y padres y proporcionan apoyo de intervenci\u00f3n a profesores y administradores.<strong><em> <\/em><\/strong><\/li>\n<\/ol>\n\t\t\t\t\t\t\t\t<\/div>\n\t\t\t\t<\/div>\n\t\t\t\t<div class=\"elementor-element elementor-element-b38e163 elementor-widget elementor-widget-text-editor\" data-id=\"b38e163\" data-element_type=\"widget\" data-e-type=\"widget\" data-widget_type=\"text-editor.default\">\n\t\t\t\t<div class=\"elementor-widget-container\">\n\t\t\t\t\t\t\t\t\t<p><a href=\"https:\/\/www.southerncoalition.org\/counselorsnotcopswakecounty\/\">Obtenga m\u00e1s informaci\u00f3n sobre nuestros socios de la coalici\u00f3n #CounselorsNotCops y las demandas colectivas aqu\u00ed.<\/a><\/p>\n\t\t\t\t\t\t\t\t<\/div>\n\t\t\t\t<\/div>\n\t\t\t\t\t<\/div>\n\t\t\t\t<\/div>\n\t\t\t\t<\/div>\n\t\t","protected":false},"excerpt":{"rendered":"<p>Echa un vistazo a nuestra p\u00e1gina de la coalici\u00f3n #CounselorsNotCops aqu\u00ed. Nuestra campa\u00f1a \u00abConsejeros, no polic\u00edas\u00bb pretende educar a los funcionarios del WCPSS sobre la importancia de desprenderse de las [&hellip;]<\/p>\n","protected":false},"author":1,"featured_media":3626,"parent":3669,"menu_order":0,"comment_status":"closed","ping_status":"closed","template":"","meta":{"_acf_changed":false,"give_campaign_id":0,"inline_featured_image":false,"footnotes":""},"class_list":["post-3683","page","type-page","status-publish","has-post-thumbnail","hentry"],"acf":[],"yoast_head":"<!-- This site is optimized with the Yoast SEO plugin v27.0 - https:\/\/yoast.com\/product\/yoast-seo-wordpress\/ -->\n<title>Consejeros, no polic\u00edas | Alianza por la Justicia en la Educaci\u00f3n<\/title>\n<meta name=\"robots\" content=\"index, follow, max-snippet:-1, max-image-preview:large, max-video-preview:-1\" \/>\n<link rel=\"canonical\" href=\"https:\/\/ejanc.org\/campaigns_sbltu6ooudkwlbgvogn6qg\/counselors_not_cops\/\" \/>\n<meta property=\"og:locale\" content=\"es_ES\" \/>\n<meta property=\"og:type\" content=\"article\" \/>\n<meta property=\"og:title\" content=\"Consejeros, no polic\u00edas | Alianza por la Justicia en la Educaci\u00f3n\" \/>\n<meta property=\"og:description\" content=\"Echa un vistazo a nuestra p\u00e1gina de la coalici\u00f3n #CounselorsNotCops aqu\u00ed. Nuestra campa\u00f1a \u00abConsejeros, no polic\u00edas\u00bb pretende educar a los funcionarios del WCPSS sobre la importancia de desprenderse de las [&hellip;]\" \/>\n<meta property=\"og:url\" content=\"https:\/\/ejanc.org\/campaigns_sbltu6ooudkwlbgvogn6qg\/counselors_not_cops\/\" \/>\n<meta property=\"og:site_name\" content=\"Alianza por la Justicia en la Educaci\u00f3n\" \/>\n<meta property=\"article:publisher\" content=\"https:\/\/www.facebook.com\/EJARALEIGHNC\/\" \/>\n<meta property=\"article:modified_time\" content=\"2023-10-10T15:01:25+00:00\" \/>\n<meta property=\"og:image\" content=\"https:\/\/ejanc.org\/wp-content\/uploads\/2023\/10\/963349E7-740C-4C20-95FC-CEFF38383A2A-Ramiyah.jpeg\" \/>\n\t<meta property=\"og:image:width\" content=\"1800\" \/>\n\t<meta property=\"og:image:height\" content=\"1200\" \/>\n\t<meta property=\"og:image:type\" content=\"image\/jpeg\" \/>\n<meta name=\"twitter:card\" content=\"summary_large_image\" \/>\n<meta name=\"twitter:label1\" content=\"Tiempo de lectura\" \/>\n\t<meta name=\"twitter:data1\" content=\"2 minutos\" \/>\n<script type=\"application\/ld+json\" class=\"yoast-schema-graph\">{\"@context\":\"https:\/\/schema.org\",\"@graph\":[{\"@type\":\"WebPage\",\"@id\":\"https:\/\/ejanc.org\/campaigns_sbltu6ooudkwlbgvogn6qg\/counselors_not_cops\/\",\"url\":\"https:\/\/ejanc.org\/campaigns_sbltu6ooudkwlbgvogn6qg\/counselors_not_cops\/\",\"name\":\"Consejeros, no polic\u00edas | Alianza por la Justicia en la Educaci\u00f3n\",\"isPartOf\":{\"@id\":\"https:\/\/ejanc.org\/#website\"},\"primaryImageOfPage\":{\"@id\":\"https:\/\/ejanc.org\/campaigns_sbltu6ooudkwlbgvogn6qg\/counselors_not_cops\/#primaryimage\"},\"image\":{\"@id\":\"https:\/\/ejanc.org\/campaigns_sbltu6ooudkwlbgvogn6qg\/counselors_not_cops\/#primaryimage\"},\"thumbnailUrl\":\"https:\/\/ejanc.org\/wp-content\/uploads\/2023\/10\/963349E7-740C-4C20-95FC-CEFF38383A2A-Ramiyah.jpeg\",\"datePublished\":\"2023-10-04T06:13:50+00:00\",\"dateModified\":\"2023-10-10T15:01:25+00:00\",\"breadcrumb\":{\"@id\":\"https:\/\/ejanc.org\/campaigns_sbltu6ooudkwlbgvogn6qg\/counselors_not_cops\/#breadcrumb\"},\"inLanguage\":\"es\",\"potentialAction\":[{\"@type\":\"ReadAction\",\"target\":[\"https:\/\/ejanc.org\/campaigns_sbltu6ooudkwlbgvogn6qg\/counselors_not_cops\/\"]}]},{\"@type\":\"ImageObject\",\"inLanguage\":\"es\",\"@id\":\"https:\/\/ejanc.org\/campaigns_sbltu6ooudkwlbgvogn6qg\/counselors_not_cops\/#primaryimage\",\"url\":\"https:\/\/ejanc.org\/wp-content\/uploads\/2023\/10\/963349E7-740C-4C20-95FC-CEFF38383A2A-Ramiyah.jpeg\",\"contentUrl\":\"https:\/\/ejanc.org\/wp-content\/uploads\/2023\/10\/963349E7-740C-4C20-95FC-CEFF38383A2A-Ramiyah.jpeg\",\"width\":1800,\"height\":1200},{\"@type\":\"BreadcrumbList\",\"@id\":\"https:\/\/ejanc.org\/campaigns_sbltu6ooudkwlbgvogn6qg\/counselors_not_cops\/#breadcrumb\",\"itemListElement\":[{\"@type\":\"ListItem\",\"position\":1,\"name\":\"Home\",\"item\":\"https:\/\/ejanc.org\/es\/inicio\/\"},{\"@type\":\"ListItem\",\"position\":2,\"name\":\"Campa\u00f1as\",\"item\":\"https:\/\/ejanc.org\/campaigns_sbltu6ooudkwlbgvogn6qg\/\"},{\"@type\":\"ListItem\",\"position\":3,\"name\":\"Consejeros, no polic\u00edas\"}]},{\"@type\":\"WebSite\",\"@id\":\"https:\/\/ejanc.org\/#website\",\"url\":\"https:\/\/ejanc.org\/\",\"name\":\"Alianza por la Justicia en la Educaci\u00f3n\",\"description\":\"\",\"publisher\":{\"@id\":\"https:\/\/ejanc.org\/#organization\"},\"potentialAction\":[{\"@type\":\"SearchAction\",\"target\":{\"@type\":\"EntryPoint\",\"urlTemplate\":\"https:\/\/ejanc.org\/?s={search_term_string}\"},\"query-input\":{\"@type\":\"PropertyValueSpecification\",\"valueRequired\":true,\"valueName\":\"search_term_string\"}}],\"inLanguage\":\"es\"},{\"@type\":\"Organization\",\"@id\":\"https:\/\/ejanc.org\/#organization\",\"name\":\"Alianza por la Justicia en la Educaci\u00f3n\",\"url\":\"https:\/\/ejanc.org\/\",\"logo\":{\"@type\":\"ImageObject\",\"inLanguage\":\"es\",\"@id\":\"https:\/\/ejanc.org\/#\/schema\/logo\/image\/\",\"url\":\"https:\/\/ejanc.org\/wp-content\/uploads\/2023\/10\/logo.png\",\"contentUrl\":\"https:\/\/ejanc.org\/wp-content\/uploads\/2023\/10\/logo.png\",\"width\":129,\"height\":132,\"caption\":\"Alianza por la Justicia en la Educaci\u00f3n\"},\"image\":{\"@id\":\"https:\/\/ejanc.org\/#\/schema\/logo\/image\/\"},\"sameAs\":[\"https:\/\/www.facebook.com\/EJARALEIGHNC\/\",\"https:\/\/www.instagram.com\/ejaraleighnc\/\",\"https:\/\/www.linkedin.com\/company\/ejaraleighnc\/about\/\",\"https:\/\/www.youtube.com\/@educationjusticealliance8063\"]}]}<\/script>\n<!-- \/ Yoast SEO plugin. -->","yoast_head_json":{"title":"Consejeros, no polic\u00edas | Alianza por la Justicia en la Educaci\u00f3n","robots":{"index":"index","follow":"follow","max-snippet":"max-snippet:-1","max-image-preview":"max-image-preview:large","max-video-preview":"max-video-preview:-1"},"canonical":"https:\/\/ejanc.org\/campaigns_sbltu6ooudkwlbgvogn6qg\/counselors_not_cops\/","og_locale":"es_ES","og_type":"article","og_title":"Consejeros, no polic\u00edas | Alianza por la Justicia en la Educaci\u00f3n","og_description":"Echa un vistazo a nuestra p\u00e1gina de la coalici\u00f3n #CounselorsNotCops aqu\u00ed. Nuestra campa\u00f1a \u00abConsejeros, no polic\u00edas\u00bb pretende educar a los funcionarios del WCPSS sobre la importancia de desprenderse de las [&hellip;]","og_url":"https:\/\/ejanc.org\/campaigns_sbltu6ooudkwlbgvogn6qg\/counselors_not_cops\/","og_site_name":"Alianza por la Justicia en la Educaci\u00f3n","article_publisher":"https:\/\/www.facebook.com\/EJARALEIGHNC\/","article_modified_time":"2023-10-10T15:01:25+00:00","og_image":[{"width":1800,"height":1200,"url":"https:\/\/ejanc.org\/wp-content\/uploads\/2023\/10\/963349E7-740C-4C20-95FC-CEFF38383A2A-Ramiyah.jpeg","type":"image\/jpeg"}],"twitter_card":"summary_large_image","twitter_misc":{"Tiempo de lectura":"2 minutos"},"schema":{"@context":"https:\/\/schema.org","@graph":[{"@type":"WebPage","@id":"https:\/\/ejanc.org\/campaigns_sbltu6ooudkwlbgvogn6qg\/counselors_not_cops\/","url":"https:\/\/ejanc.org\/campaigns_sbltu6ooudkwlbgvogn6qg\/counselors_not_cops\/","name":"Consejeros, no polic\u00edas | Alianza por la Justicia en la Educaci\u00f3n","isPartOf":{"@id":"https:\/\/ejanc.org\/#website"},"primaryImageOfPage":{"@id":"https:\/\/ejanc.org\/campaigns_sbltu6ooudkwlbgvogn6qg\/counselors_not_cops\/#primaryimage"},"image":{"@id":"https:\/\/ejanc.org\/campaigns_sbltu6ooudkwlbgvogn6qg\/counselors_not_cops\/#primaryimage"},"thumbnailUrl":"https:\/\/ejanc.org\/wp-content\/uploads\/2023\/10\/963349E7-740C-4C20-95FC-CEFF38383A2A-Ramiyah.jpeg","datePublished":"2023-10-04T06:13:50+00:00","dateModified":"2023-10-10T15:01:25+00:00","breadcrumb":{"@id":"https:\/\/ejanc.org\/campaigns_sbltu6ooudkwlbgvogn6qg\/counselors_not_cops\/#breadcrumb"},"inLanguage":"es","potentialAction":[{"@type":"ReadAction","target":["https:\/\/ejanc.org\/campaigns_sbltu6ooudkwlbgvogn6qg\/counselors_not_cops\/"]}]},{"@type":"ImageObject","inLanguage":"es","@id":"https:\/\/ejanc.org\/campaigns_sbltu6ooudkwlbgvogn6qg\/counselors_not_cops\/#primaryimage","url":"https:\/\/ejanc.org\/wp-content\/uploads\/2023\/10\/963349E7-740C-4C20-95FC-CEFF38383A2A-Ramiyah.jpeg","contentUrl":"https:\/\/ejanc.org\/wp-content\/uploads\/2023\/10\/963349E7-740C-4C20-95FC-CEFF38383A2A-Ramiyah.jpeg","width":1800,"height":1200},{"@type":"BreadcrumbList","@id":"https:\/\/ejanc.org\/campaigns_sbltu6ooudkwlbgvogn6qg\/counselors_not_cops\/#breadcrumb","itemListElement":[{"@type":"ListItem","position":1,"name":"Home","item":"https:\/\/ejanc.org\/es\/inicio\/"},{"@type":"ListItem","position":2,"name":"Campa\u00f1as","item":"https:\/\/ejanc.org\/campaigns_sbltu6ooudkwlbgvogn6qg\/"},{"@type":"ListItem","position":3,"name":"Consejeros, no polic\u00edas"}]},{"@type":"WebSite","@id":"https:\/\/ejanc.org\/#website","url":"https:\/\/ejanc.org\/","name":"Alianza por la Justicia en la Educaci\u00f3n","description":"","publisher":{"@id":"https:\/\/ejanc.org\/#organization"},"potentialAction":[{"@type":"SearchAction","target":{"@type":"EntryPoint","urlTemplate":"https:\/\/ejanc.org\/?s={search_term_string}"},"query-input":{"@type":"PropertyValueSpecification","valueRequired":true,"valueName":"search_term_string"}}],"inLanguage":"es"},{"@type":"Organization","@id":"https:\/\/ejanc.org\/#organization","name":"Alianza por la Justicia en la Educaci\u00f3n","url":"https:\/\/ejanc.org\/","logo":{"@type":"ImageObject","inLanguage":"es","@id":"https:\/\/ejanc.org\/#\/schema\/logo\/image\/","url":"https:\/\/ejanc.org\/wp-content\/uploads\/2023\/10\/logo.png","contentUrl":"https:\/\/ejanc.org\/wp-content\/uploads\/2023\/10\/logo.png","width":129,"height":132,"caption":"Alianza por la Justicia en la Educaci\u00f3n"},"image":{"@id":"https:\/\/ejanc.org\/#\/schema\/logo\/image\/"},"sameAs":["https:\/\/www.facebook.com\/EJARALEIGHNC\/","https:\/\/www.instagram.com\/ejaraleighnc\/","https:\/\/www.linkedin.com\/company\/ejaraleighnc\/about\/","https:\/\/www.youtube.com\/@educationjusticealliance8063"]}]}},"campaignId":"","_links":{"self":[{"href":"https:\/\/ejanc.org\/es\/wp-json\/wp\/v2\/pages\/3683","targetHints":{"allow":["GET"]}}],"collection":[{"href":"https:\/\/ejanc.org\/es\/wp-json\/wp\/v2\/pages"}],"about":[{"href":"https:\/\/ejanc.org\/es\/wp-json\/wp\/v2\/types\/page"}],"author":[{"embeddable":true,"href":"https:\/\/ejanc.org\/es\/wp-json\/wp\/v2\/users\/1"}],"replies":[{"embeddable":true,"href":"https:\/\/ejanc.org\/es\/wp-json\/wp\/v2\/comments?post=3683"}],"version-history":[{"count":7,"href":"https:\/\/ejanc.org\/es\/wp-json\/wp\/v2\/pages\/3683\/revisions"}],"predecessor-version":[{"id":4534,"href":"https:\/\/ejanc.org\/es\/wp-json\/wp\/v2\/pages\/3683\/revisions\/4534"}],"up":[{"embeddable":true,"href":"https:\/\/ejanc.org\/es\/wp-json\/wp\/v2\/pages\/3669"}],"wp:featuredmedia":[{"embeddable":true,"href":"https:\/\/ejanc.org\/es\/wp-json\/wp\/v2\/media\/3626"}],"wp:attachment":[{"href":"https:\/\/ejanc.org\/es\/wp-json\/wp\/v2\/media?parent=3683"}],"curies":[{"name":"wp","href":"https:\/\/api.w.org\/{rel}","templated":true}]}}