{"id":3699,"date":"2023-10-05T04:50:44","date_gmt":"2023-10-05T04:50:44","guid":{"rendered":"https:\/\/ejanc.org\/h-e-a-l-juntos-nc\/"},"modified":"2024-08-12T15:45:40","modified_gmt":"2024-08-12T19:45:40","slug":"h-e-a-l-juntos-nc","status":"publish","type":"page","link":"https:\/\/ejanc.org\/es\/campanas\/h-e-a-l-juntos-nc\/","title":{"rendered":"H.E.A.L. Juntos NC"},"content":{"rendered":"\t\t<div data-elementor-type=\"wp-page\" data-elementor-id=\"3699\" class=\"elementor elementor-3699 elementor-2965\" data-elementor-post-type=\"page\">\n\t\t\t\t<div class=\"elementor-element elementor-element-1ef5856 e-flex e-con-boxed e-con e-parent\" data-id=\"1ef5856\" data-element_type=\"container\" data-e-type=\"container\">\n\t\t\t\t\t<div class=\"e-con-inner\">\n\t\t\t\t<div class=\"elementor-element elementor-element-2ffc84d elementor-widget elementor-widget-image\" data-id=\"2ffc84d\" data-element_type=\"widget\" data-e-type=\"widget\" data-widget_type=\"image.default\">\n\t\t\t\t<div class=\"elementor-widget-container\">\n\t\t\t\t\t\t\t\t\t\t\t\t\t\t\t<img fetchpriority=\"high\" decoding=\"async\" width=\"791\" height=\"1024\" src=\"https:\/\/ejanc.org\/wp-content\/uploads\/2023\/10\/White_Minimalist_Dental_Care_Email_Newsletter-791x1024.png\" class=\"attachment-large size-large wp-image-3603\" alt=\"\" srcset=\"https:\/\/ejanc.org\/wp-content\/uploads\/2023\/10\/White_Minimalist_Dental_Care_Email_Newsletter-791x1024.png 791w, https:\/\/ejanc.org\/wp-content\/uploads\/2023\/10\/White_Minimalist_Dental_Care_Email_Newsletter-232x300.png 232w, https:\/\/ejanc.org\/wp-content\/uploads\/2023\/10\/White_Minimalist_Dental_Care_Email_Newsletter-768x994.png 768w, https:\/\/ejanc.org\/wp-content\/uploads\/2023\/10\/White_Minimalist_Dental_Care_Email_Newsletter-1187x1536.png 1187w, https:\/\/ejanc.org\/wp-content\/uploads\/2023\/10\/White_Minimalist_Dental_Care_Email_Newsletter.png 1545w\" sizes=\"(max-width: 791px) 100vw, 791px\" \/>\t\t\t\t\t\t\t\t\t\t\t\t\t\t\t<\/div>\n\t\t\t\t<\/div>\n\t\t\t\t\t<\/div>\n\t\t\t\t<\/div>\n\t\t<div class=\"elementor-element elementor-element-3bff4e9 e-flex e-con-boxed e-con e-parent\" data-id=\"3bff4e9\" data-element_type=\"container\" data-e-type=\"container\">\n\t\t\t\t\t<div class=\"e-con-inner\">\n\t\t<div class=\"elementor-element elementor-element-cca3ebb e-con-full e-flex e-con e-child\" data-id=\"cca3ebb\" data-element_type=\"container\" data-e-type=\"container\">\n\t\t\t\t<div class=\"elementor-element elementor-element-7c5e27d elementor-widget elementor-widget-image\" data-id=\"7c5e27d\" data-element_type=\"widget\" data-e-type=\"widget\" data-widget_type=\"image.default\">\n\t\t\t\t<div class=\"elementor-widget-container\">\n\t\t\t\t\t\t\t\t\t\t\t\t\t\t\t\t<a href=\"https:\/\/docs.google.com\/forms\/d\/e\/1FAIpQLSdU2apgXVZ2TZ3JH-Yb1S4Uvv2Ll6wHcG0_F0rtnJq6POtwKg\/viewform?link_id=0&#038;can_id=bdce5c79d0eca29f702561c3375e7ef8&#038;source=email-rescheduling-guilford-county-event-due-to-thunderstorms-2&#038;email_referrer&#038;email_subject=rescheduling-guilford-county-event-due-to-thunderstorms\" target=\"_blank\">\n\t\t\t\t\t\t\t<img decoding=\"async\" width=\"800\" height=\"800\" src=\"https:\/\/ejanc.org\/wp-content\/uploads\/2023\/10\/1-2-przmi2baazm1yz21m5jxivupjgz8afiv95emq2qlsw-1024x1024.png\" class=\"attachment-large size-large wp-image-3604\" alt=\"\" srcset=\"https:\/\/ejanc.org\/wp-content\/uploads\/2023\/10\/1-2-przmi2baazm1yz21m5jxivupjgz8afiv95emq2qlsw-1024x1024.png 1024w, https:\/\/ejanc.org\/wp-content\/uploads\/2023\/10\/1-2-przmi2baazm1yz21m5jxivupjgz8afiv95emq2qlsw-300x300.png 300w, https:\/\/ejanc.org\/wp-content\/uploads\/2023\/10\/1-2-przmi2baazm1yz21m5jxivupjgz8afiv95emq2qlsw-150x150.png 150w, https:\/\/ejanc.org\/wp-content\/uploads\/2023\/10\/1-2-przmi2baazm1yz21m5jxivupjgz8afiv95emq2qlsw-768x768.png 768w, https:\/\/ejanc.org\/wp-content\/uploads\/2023\/10\/1-2-przmi2baazm1yz21m5jxivupjgz8afiv95emq2qlsw.png 1200w\" sizes=\"(max-width: 800px) 100vw, 800px\" \/>\t\t\t\t\t\t\t\t<\/a>\n\t\t\t\t\t\t\t\t\t\t\t\t\t\t\t<\/div>\n\t\t\t\t<\/div>\n\t\t\t\t<div class=\"elementor-element elementor-element-86aadca elementor-widget elementor-widget-text-editor\" data-id=\"86aadca\" data-element_type=\"widget\" data-e-type=\"widget\" data-widget_type=\"text-editor.default\">\n\t\t\t\t<div class=\"elementor-widget-container\">\n\t\t\t\t\t\t\t\t\t<p><strong><a href=\"https:\/\/docs.google.com\/forms\/d\/e\/1FAIpQLSdU2apgXVZ2TZ3JH-Yb1S4Uvv2Ll6wHcG0_F0rtnJq6POtwKg\/viewform?link_id=0&amp;can_id=bdce5c79d0eca29f702561c3375e7ef8&amp;source=email-rescheduling-guilford-county-event-due-to-thunderstorms-2&amp;email_referrer&amp;email_subject=rescheduling-guilford-county-event-due-to-thunderstorms\">Realice y comparta la encuesta<\/a><\/strong><\/p>\n\t\t\t\t\t\t\t\t<\/div>\n\t\t\t\t<\/div>\n\t\t\t\t<\/div>\n\t\t<div class=\"elementor-element elementor-element-9b60b4d e-con-full e-flex e-con e-child\" data-id=\"9b60b4d\" data-element_type=\"container\" data-e-type=\"container\">\n\t\t\t\t<div class=\"elementor-element elementor-element-cba5032 elementor-widget elementor-widget-image\" data-id=\"cba5032\" data-element_type=\"widget\" data-e-type=\"widget\" data-widget_type=\"image.default\">\n\t\t\t\t<div class=\"elementor-widget-container\">\n\t\t\t\t\t\t\t\t\t\t\t\t\t\t\t\t<a href=\"https:\/\/us02web.zoom.us\/meeting\/register\/tZ0tf-qvpzwjG9ewWEZy2ZBzd2YTrSsNv5pJ#\/registration\" target=\"_blank\">\n\t\t\t\t\t\t\t<img decoding=\"async\" width=\"800\" height=\"800\" src=\"https:\/\/ejanc.org\/wp-content\/uploads\/2023\/10\/2-1-przmje91zjfof34eu89wk1r7u4ey6zt6fqoe76rizk-1024x1024.png\" class=\"attachment-large size-large wp-image-3605\" alt=\"\" srcset=\"https:\/\/ejanc.org\/wp-content\/uploads\/2023\/10\/2-1-przmje91zjfof34eu89wk1r7u4ey6zt6fqoe76rizk-1024x1024.png 1024w, https:\/\/ejanc.org\/wp-content\/uploads\/2023\/10\/2-1-przmje91zjfof34eu89wk1r7u4ey6zt6fqoe76rizk-300x300.png 300w, https:\/\/ejanc.org\/wp-content\/uploads\/2023\/10\/2-1-przmje91zjfof34eu89wk1r7u4ey6zt6fqoe76rizk-150x150.png 150w, https:\/\/ejanc.org\/wp-content\/uploads\/2023\/10\/2-1-przmje91zjfof34eu89wk1r7u4ey6zt6fqoe76rizk-768x768.png 768w, https:\/\/ejanc.org\/wp-content\/uploads\/2023\/10\/2-1-przmje91zjfof34eu89wk1r7u4ey6zt6fqoe76rizk.png 1200w\" sizes=\"(max-width: 800px) 100vw, 800px\" \/>\t\t\t\t\t\t\t\t<\/a>\n\t\t\t\t\t\t\t\t\t\t\t\t\t\t\t<\/div>\n\t\t\t\t<\/div>\n\t\t\t\t<div class=\"elementor-element elementor-element-ab215c0 elementor-widget elementor-widget-text-editor\" data-id=\"ab215c0\" data-element_type=\"widget\" data-e-type=\"widget\" data-widget_type=\"text-editor.default\">\n\t\t\t\t<div class=\"elementor-widget-container\">\n\t\t\t\t\t\t\t\t\t<p><a href=\"https:\/\/us02web.zoom.us\/meeting\/register\/tZ0tf-qvpzwjG9ewWEZy2ZBzd2YTrSsNv5pJ#\/registration\" target=\"_blank\" rel=\"noopener\"><strong>\u00danase a una convocatoria estatal de H.E.A.L. Together NC el 11 de agosto<\/strong><\/a><\/p>\n\t\t\t\t\t\t\t\t<\/div>\n\t\t\t\t<\/div>\n\t\t\t\t<\/div>\n\t\t<div class=\"elementor-element elementor-element-4948483 e-con-full e-flex e-con e-child\" data-id=\"4948483\" data-element_type=\"container\" data-e-type=\"container\">\n\t\t\t\t<div class=\"elementor-element elementor-element-27d8638 elementor-widget elementor-widget-image\" data-id=\"27d8638\" data-element_type=\"widget\" data-e-type=\"widget\" data-widget_type=\"image.default\">\n\t\t\t\t<div class=\"elementor-widget-container\">\n\t\t\t\t\t\t\t\t\t\t\t\t\t\t\t\t<a href=\"https:\/\/docs.google.com\/forms\/d\/e\/1FAIpQLSftWmZ6hfJr1WPaXgv_ZGqiqPhPltMmIMLFpGWB5Xlmg5XMeg\/viewform\" target=\"_blank\">\n\t\t\t\t\t\t\t<img loading=\"lazy\" decoding=\"async\" width=\"800\" height=\"800\" src=\"https:\/\/ejanc.org\/wp-content\/uploads\/2023\/10\/3-1-przmjxznz26p6wbqmyt2ierwb7pnomzjigdl9zy9cw-1024x1024.png\" class=\"attachment-large size-large wp-image-3606\" alt=\"\" srcset=\"https:\/\/ejanc.org\/wp-content\/uploads\/2023\/10\/3-1-przmjxznz26p6wbqmyt2ierwb7pnomzjigdl9zy9cw-1024x1024.png 1024w, https:\/\/ejanc.org\/wp-content\/uploads\/2023\/10\/3-1-przmjxznz26p6wbqmyt2ierwb7pnomzjigdl9zy9cw-300x300.png 300w, https:\/\/ejanc.org\/wp-content\/uploads\/2023\/10\/3-1-przmjxznz26p6wbqmyt2ierwb7pnomzjigdl9zy9cw-150x150.png 150w, https:\/\/ejanc.org\/wp-content\/uploads\/2023\/10\/3-1-przmjxznz26p6wbqmyt2ierwb7pnomzjigdl9zy9cw-768x768.png 768w, https:\/\/ejanc.org\/wp-content\/uploads\/2023\/10\/3-1-przmjxznz26p6wbqmyt2ierwb7pnomzjigdl9zy9cw.png 1200w\" sizes=\"(max-width: 800px) 100vw, 800px\" \/>\t\t\t\t\t\t\t\t<\/a>\n\t\t\t\t\t\t\t\t\t\t\t\t\t\t\t<\/div>\n\t\t\t\t<\/div>\n\t\t\t\t<div class=\"elementor-element elementor-element-fccb7ed elementor-widget elementor-widget-text-editor\" data-id=\"fccb7ed\" data-element_type=\"widget\" data-e-type=\"widget\" data-widget_type=\"text-editor.default\">\n\t\t\t\t<div class=\"elementor-widget-container\">\n\t\t\t\t\t\t\t\t\t<p><a href=\"https:\/\/docs.google.com\/forms\/d\/e\/1FAIpQLSftWmZ6hfJr1WPaXgv_ZGqiqPhPltMmIMLFpGWB5Xlmg5XMeg\/viewform\" target=\"_blank\" rel=\"noopener\"><strong>\u00danase al grupo de trabajo local con otros padres y educadores<\/strong><\/a><\/p>\n\t\t\t\t\t\t\t\t<\/div>\n\t\t\t\t<\/div>\n\t\t\t\t<\/div>\n\t\t\t\t\t<\/div>\n\t\t\t\t<\/div>\n\t\t\t\t<\/div>\n\t\t","protected":false},"excerpt":{"rendered":"<p>Realice y comparta la encuesta \u00danase a una convocatoria estatal de H.E.A.L. Together NC el 11 de agosto \u00danase al grupo de trabajo local con otros padres y educadores<\/p>\n","protected":false},"author":1,"featured_media":4424,"parent":3669,"menu_order":0,"comment_status":"closed","ping_status":"closed","template":"","meta":{"_acf_changed":false,"give_campaign_id":0,"inline_featured_image":false,"footnotes":""},"class_list":["post-3699","page","type-page","status-publish","has-post-thumbnail","hentry"],"acf":[],"yoast_head":"<!-- This site is optimized with the Yoast SEO plugin v27.0 - https:\/\/yoast.com\/product\/yoast-seo-wordpress\/ -->\n<title>H.E.A.L. Juntos NC | Alianza por la Justicia en la Educaci\u00f3n<\/title>\n<meta name=\"robots\" content=\"index, follow, max-snippet:-1, max-image-preview:large, max-video-preview:-1\" \/>\n<link rel=\"canonical\" href=\"https:\/\/ejanc.org\/es\/campanas\/h-e-a-l-juntos-nc\/\" \/>\n<meta property=\"og:locale\" content=\"es_ES\" \/>\n<meta property=\"og:type\" content=\"article\" \/>\n<meta property=\"og:title\" content=\"H.E.A.L. Juntos NC | Alianza por la Justicia en la Educaci\u00f3n\" \/>\n<meta property=\"og:description\" content=\"Realice y comparta la encuesta \u00danase a una convocatoria estatal de H.E.A.L. Together NC el 11 de agosto \u00danase al grupo de trabajo local con otros padres y educadores\" \/>\n<meta property=\"og:url\" content=\"https:\/\/ejanc.org\/es\/campanas\/h-e-a-l-juntos-nc\/\" \/>\n<meta property=\"og:site_name\" content=\"Alianza por la Justicia en la Educaci\u00f3n\" \/>\n<meta property=\"article:publisher\" content=\"https:\/\/www.facebook.com\/EJARALEIGHNC\/\" \/>\n<meta property=\"article:modified_time\" content=\"2024-08-12T19:45:40+00:00\" \/>\n<meta property=\"og:image\" content=\"https:\/\/ejanc.org\/wp-content\/uploads\/2023\/10\/57E89213-C20F-4303-909C-F4CC9CD9E800-Ramiyah-scaled-e1696945110594.jpeg\" \/>\n\t<meta property=\"og:image:width\" content=\"2560\" \/>\n\t<meta property=\"og:image:height\" content=\"1498\" \/>\n\t<meta property=\"og:image:type\" content=\"image\/jpeg\" \/>\n<meta name=\"twitter:card\" content=\"summary_large_image\" \/>\n<script type=\"application\/ld+json\" class=\"yoast-schema-graph\">{\"@context\":\"https:\/\/schema.org\",\"@graph\":[{\"@type\":\"WebPage\",\"@id\":\"https:\/\/ejanc.org\/es\/campanas\/h-e-a-l-juntos-nc\/\",\"url\":\"https:\/\/ejanc.org\/es\/campanas\/h-e-a-l-juntos-nc\/\",\"name\":\"H.E.A.L. Juntos NC | Alianza por la Justicia en la Educaci\u00f3n\",\"isPartOf\":{\"@id\":\"https:\/\/ejanc.org\/#website\"},\"primaryImageOfPage\":{\"@id\":\"https:\/\/ejanc.org\/es\/campanas\/h-e-a-l-juntos-nc\/#primaryimage\"},\"image\":{\"@id\":\"https:\/\/ejanc.org\/es\/campanas\/h-e-a-l-juntos-nc\/#primaryimage\"},\"thumbnailUrl\":\"https:\/\/ejanc.org\/wp-content\/uploads\/2023\/10\/57E89213-C20F-4303-909C-F4CC9CD9E800-Ramiyah-scaled-e1696945110594.jpeg\",\"datePublished\":\"2023-10-05T04:50:44+00:00\",\"dateModified\":\"2024-08-12T19:45:40+00:00\",\"breadcrumb\":{\"@id\":\"https:\/\/ejanc.org\/es\/campanas\/h-e-a-l-juntos-nc\/#breadcrumb\"},\"inLanguage\":\"es\",\"potentialAction\":[{\"@type\":\"ReadAction\",\"target\":[\"https:\/\/ejanc.org\/es\/campanas\/h-e-a-l-juntos-nc\/\"]}]},{\"@type\":\"ImageObject\",\"inLanguage\":\"es\",\"@id\":\"https:\/\/ejanc.org\/es\/campanas\/h-e-a-l-juntos-nc\/#primaryimage\",\"url\":\"https:\/\/ejanc.org\/wp-content\/uploads\/2023\/10\/57E89213-C20F-4303-909C-F4CC9CD9E800-Ramiyah-scaled-e1696945110594.jpeg\",\"contentUrl\":\"https:\/\/ejanc.org\/wp-content\/uploads\/2023\/10\/57E89213-C20F-4303-909C-F4CC9CD9E800-Ramiyah-scaled-e1696945110594.jpeg\",\"width\":2560,\"height\":1498},{\"@type\":\"BreadcrumbList\",\"@id\":\"https:\/\/ejanc.org\/es\/campanas\/h-e-a-l-juntos-nc\/#breadcrumb\",\"itemListElement\":[{\"@type\":\"ListItem\",\"position\":1,\"name\":\"Home\",\"item\":\"https:\/\/ejanc.org\/es\/inicio\/\"},{\"@type\":\"ListItem\",\"position\":2,\"name\":\"Campa\u00f1as\",\"item\":\"https:\/\/ejanc.org\/campaigns_sbltu6ooudkwlbgvogn6qg\/\"},{\"@type\":\"ListItem\",\"position\":3,\"name\":\"H.E.A.L. Juntos NC\"}]},{\"@type\":\"WebSite\",\"@id\":\"https:\/\/ejanc.org\/#website\",\"url\":\"https:\/\/ejanc.org\/\",\"name\":\"Alianza por la Justicia en la Educaci\u00f3n\",\"description\":\"\",\"publisher\":{\"@id\":\"https:\/\/ejanc.org\/#organization\"},\"potentialAction\":[{\"@type\":\"SearchAction\",\"target\":{\"@type\":\"EntryPoint\",\"urlTemplate\":\"https:\/\/ejanc.org\/?s={search_term_string}\"},\"query-input\":{\"@type\":\"PropertyValueSpecification\",\"valueRequired\":true,\"valueName\":\"search_term_string\"}}],\"inLanguage\":\"es\"},{\"@type\":\"Organization\",\"@id\":\"https:\/\/ejanc.org\/#organization\",\"name\":\"Alianza por la Justicia en la Educaci\u00f3n\",\"url\":\"https:\/\/ejanc.org\/\",\"logo\":{\"@type\":\"ImageObject\",\"inLanguage\":\"es\",\"@id\":\"https:\/\/ejanc.org\/#\/schema\/logo\/image\/\",\"url\":\"https:\/\/ejanc.org\/wp-content\/uploads\/2023\/10\/logo.png\",\"contentUrl\":\"https:\/\/ejanc.org\/wp-content\/uploads\/2023\/10\/logo.png\",\"width\":129,\"height\":132,\"caption\":\"Alianza por la Justicia en la Educaci\u00f3n\"},\"image\":{\"@id\":\"https:\/\/ejanc.org\/#\/schema\/logo\/image\/\"},\"sameAs\":[\"https:\/\/www.facebook.com\/EJARALEIGHNC\/\",\"https:\/\/www.instagram.com\/ejaraleighnc\/\",\"https:\/\/www.linkedin.com\/company\/ejaraleighnc\/about\/\",\"https:\/\/www.youtube.com\/@educationjusticealliance8063\"]}]}<\/script>\n<!-- \/ Yoast SEO plugin. -->","yoast_head_json":{"title":"H.E.A.L. Juntos NC | Alianza por la Justicia en la Educaci\u00f3n","robots":{"index":"index","follow":"follow","max-snippet":"max-snippet:-1","max-image-preview":"max-image-preview:large","max-video-preview":"max-video-preview:-1"},"canonical":"https:\/\/ejanc.org\/es\/campanas\/h-e-a-l-juntos-nc\/","og_locale":"es_ES","og_type":"article","og_title":"H.E.A.L. Juntos NC | Alianza por la Justicia en la Educaci\u00f3n","og_description":"Realice y comparta la encuesta \u00danase a una convocatoria estatal de H.E.A.L. Together NC el 11 de agosto \u00danase al grupo de trabajo local con otros padres y educadores","og_url":"https:\/\/ejanc.org\/es\/campanas\/h-e-a-l-juntos-nc\/","og_site_name":"Alianza por la Justicia en la Educaci\u00f3n","article_publisher":"https:\/\/www.facebook.com\/EJARALEIGHNC\/","article_modified_time":"2024-08-12T19:45:40+00:00","og_image":[{"width":2560,"height":1498,"url":"https:\/\/ejanc.org\/wp-content\/uploads\/2023\/10\/57E89213-C20F-4303-909C-F4CC9CD9E800-Ramiyah-scaled-e1696945110594.jpeg","type":"image\/jpeg"}],"twitter_card":"summary_large_image","schema":{"@context":"https:\/\/schema.org","@graph":[{"@type":"WebPage","@id":"https:\/\/ejanc.org\/es\/campanas\/h-e-a-l-juntos-nc\/","url":"https:\/\/ejanc.org\/es\/campanas\/h-e-a-l-juntos-nc\/","name":"H.E.A.L. Juntos NC | Alianza por la Justicia en la Educaci\u00f3n","isPartOf":{"@id":"https:\/\/ejanc.org\/#website"},"primaryImageOfPage":{"@id":"https:\/\/ejanc.org\/es\/campanas\/h-e-a-l-juntos-nc\/#primaryimage"},"image":{"@id":"https:\/\/ejanc.org\/es\/campanas\/h-e-a-l-juntos-nc\/#primaryimage"},"thumbnailUrl":"https:\/\/ejanc.org\/wp-content\/uploads\/2023\/10\/57E89213-C20F-4303-909C-F4CC9CD9E800-Ramiyah-scaled-e1696945110594.jpeg","datePublished":"2023-10-05T04:50:44+00:00","dateModified":"2024-08-12T19:45:40+00:00","breadcrumb":{"@id":"https:\/\/ejanc.org\/es\/campanas\/h-e-a-l-juntos-nc\/#breadcrumb"},"inLanguage":"es","potentialAction":[{"@type":"ReadAction","target":["https:\/\/ejanc.org\/es\/campanas\/h-e-a-l-juntos-nc\/"]}]},{"@type":"ImageObject","inLanguage":"es","@id":"https:\/\/ejanc.org\/es\/campanas\/h-e-a-l-juntos-nc\/#primaryimage","url":"https:\/\/ejanc.org\/wp-content\/uploads\/2023\/10\/57E89213-C20F-4303-909C-F4CC9CD9E800-Ramiyah-scaled-e1696945110594.jpeg","contentUrl":"https:\/\/ejanc.org\/wp-content\/uploads\/2023\/10\/57E89213-C20F-4303-909C-F4CC9CD9E800-Ramiyah-scaled-e1696945110594.jpeg","width":2560,"height":1498},{"@type":"BreadcrumbList","@id":"https:\/\/ejanc.org\/es\/campanas\/h-e-a-l-juntos-nc\/#breadcrumb","itemListElement":[{"@type":"ListItem","position":1,"name":"Home","item":"https:\/\/ejanc.org\/es\/inicio\/"},{"@type":"ListItem","position":2,"name":"Campa\u00f1as","item":"https:\/\/ejanc.org\/campaigns_sbltu6ooudkwlbgvogn6qg\/"},{"@type":"ListItem","position":3,"name":"H.E.A.L. Juntos NC"}]},{"@type":"WebSite","@id":"https:\/\/ejanc.org\/#website","url":"https:\/\/ejanc.org\/","name":"Alianza por la Justicia en la Educaci\u00f3n","description":"","publisher":{"@id":"https:\/\/ejanc.org\/#organization"},"potentialAction":[{"@type":"SearchAction","target":{"@type":"EntryPoint","urlTemplate":"https:\/\/ejanc.org\/?s={search_term_string}"},"query-input":{"@type":"PropertyValueSpecification","valueRequired":true,"valueName":"search_term_string"}}],"inLanguage":"es"},{"@type":"Organization","@id":"https:\/\/ejanc.org\/#organization","name":"Alianza por la Justicia en la Educaci\u00f3n","url":"https:\/\/ejanc.org\/","logo":{"@type":"ImageObject","inLanguage":"es","@id":"https:\/\/ejanc.org\/#\/schema\/logo\/image\/","url":"https:\/\/ejanc.org\/wp-content\/uploads\/2023\/10\/logo.png","contentUrl":"https:\/\/ejanc.org\/wp-content\/uploads\/2023\/10\/logo.png","width":129,"height":132,"caption":"Alianza por la Justicia en la Educaci\u00f3n"},"image":{"@id":"https:\/\/ejanc.org\/#\/schema\/logo\/image\/"},"sameAs":["https:\/\/www.facebook.com\/EJARALEIGHNC\/","https:\/\/www.instagram.com\/ejaraleighnc\/","https:\/\/www.linkedin.com\/company\/ejaraleighnc\/about\/","https:\/\/www.youtube.com\/@educationjusticealliance8063"]}]}},"campaignId":"","_links":{"self":[{"href":"https:\/\/ejanc.org\/es\/wp-json\/wp\/v2\/pages\/3699","targetHints":{"allow":["GET"]}}],"collection":[{"href":"https:\/\/ejanc.org\/es\/wp-json\/wp\/v2\/pages"}],"about":[{"href":"https:\/\/ejanc.org\/es\/wp-json\/wp\/v2\/types\/page"}],"author":[{"embeddable":true,"href":"https:\/\/ejanc.org\/es\/wp-json\/wp\/v2\/users\/1"}],"replies":[{"embeddable":true,"href":"https:\/\/ejanc.org\/es\/wp-json\/wp\/v2\/comments?post=3699"}],"version-history":[{"count":5,"href":"https:\/\/ejanc.org\/es\/wp-json\/wp\/v2\/pages\/3699\/revisions"}],"predecessor-version":[{"id":5347,"href":"https:\/\/ejanc.org\/es\/wp-json\/wp\/v2\/pages\/3699\/revisions\/5347"}],"up":[{"embeddable":true,"href":"https:\/\/ejanc.org\/es\/wp-json\/wp\/v2\/pages\/3669"}],"wp:featuredmedia":[{"embeddable":true,"href":"https:\/\/ejanc.org\/es\/wp-json\/wp\/v2\/media\/4424"}],"wp:attachment":[{"href":"https:\/\/ejanc.org\/es\/wp-json\/wp\/v2\/media?parent=3699"}],"curies":[{"name":"wp","href":"https:\/\/api.w.org\/{rel}","templated":true}]}}