{"id":3722,"date":"2023-10-05T13:25:29","date_gmt":"2023-10-05T13:25:29","guid":{"rendered":"https:\/\/ejanc.org\/folleto-de-derechos-del-estudiante\/"},"modified":"2023-10-09T13:53:31","modified_gmt":"2023-10-09T13:53:31","slug":"folleto-de-derechos-del-estudiante","status":"publish","type":"page","link":"https:\/\/ejanc.org\/es\/recursos\/folleto-de-derechos-del-estudiante\/","title":{"rendered":"Folleto de derechos del estudiante"},"content":{"rendered":"\t\t<div data-elementor-type=\"wp-page\" data-elementor-id=\"3722\" class=\"elementor elementor-3722 elementor-3113\" data-elementor-post-type=\"page\">\n\t\t\t\t<div class=\"elementor-element elementor-element-9dd9698 e-flex e-con-boxed e-con e-parent\" data-id=\"9dd9698\" data-element_type=\"container\" data-e-type=\"container\">\n\t\t\t\t\t<div class=\"e-con-inner\">\n\t\t<div class=\"elementor-element elementor-element-3d6d08f e-con-full e-flex e-con e-child\" data-id=\"3d6d08f\" data-element_type=\"container\" data-e-type=\"container\">\n\t\t\t\t<div class=\"elementor-element elementor-element-367f63d elementor-widget elementor-widget-button\" data-id=\"367f63d\" data-element_type=\"widget\" data-e-type=\"widget\" data-widget_type=\"button.default\">\n\t\t\t\t<div class=\"elementor-widget-container\">\n\t\t\t\t\t\t\t\t\t<div class=\"elementor-button-wrapper\">\n\t\t\t\t\t<a class=\"elementor-button elementor-button-link elementor-size-sm\" href=\"http:\/\/ejanc.org\/es\/quienes-somos\/\" target=\"_blank\">\n\t\t\t\t\t\t<span class=\"elementor-button-content-wrapper\">\n\t\t\t\t\t\t\t\t\t<span class=\"elementor-button-text\">CAMPA\u00d1AS<\/span>\n\t\t\t\t\t<\/span>\n\t\t\t\t\t<\/a>\n\t\t\t\t<\/div>\n\t\t\t\t\t\t\t\t<\/div>\n\t\t\t\t<\/div>\n\t\t\t\t<div class=\"elementor-element elementor-element-aa4dc54 elementor-widget elementor-widget-button\" data-id=\"aa4dc54\" data-element_type=\"widget\" data-e-type=\"widget\" data-widget_type=\"button.default\">\n\t\t\t\t<div class=\"elementor-widget-container\">\n\t\t\t\t\t\t\t\t\t<div class=\"elementor-button-wrapper\">\n\t\t\t\t\t<a class=\"elementor-button elementor-button-link elementor-size-sm\" href=\"http:\/\/ejanc.org\/about\/\" target=\"_blank\">\n\t\t\t\t\t\t<span class=\"elementor-button-content-wrapper\">\n\t\t\t\t\t\t\t\t\t<span class=\"elementor-button-text\">TERMINOLOG\u00cdA COM\u00daN<\/span>\n\t\t\t\t\t<\/span>\n\t\t\t\t\t<\/a>\n\t\t\t\t<\/div>\n\t\t\t\t\t\t\t\t<\/div>\n\t\t\t\t<\/div>\n\t\t\t\t<div class=\"elementor-element elementor-element-146e8f1 elementor-widget elementor-widget-button\" data-id=\"146e8f1\" data-element_type=\"widget\" data-e-type=\"widget\" data-widget_type=\"button.default\">\n\t\t\t\t<div class=\"elementor-widget-container\">\n\t\t\t\t\t\t\t\t\t<div class=\"elementor-button-wrapper\">\n\t\t\t\t\t<a class=\"elementor-button elementor-button-link elementor-size-sm\" href=\"#\">\n\t\t\t\t\t\t<span class=\"elementor-button-content-wrapper\">\n\t\t\t\t\t\t\t\t\t<span class=\"elementor-button-text\">FOLLETO DE DERECHOS DEL ESTUDIANTE<\/span>\n\t\t\t\t\t<\/span>\n\t\t\t\t\t<\/a>\n\t\t\t\t<\/div>\n\t\t\t\t\t\t\t\t<\/div>\n\t\t\t\t<\/div>\n\t\t\t\t<div class=\"elementor-element elementor-element-1711595 elementor-mobile-align-left elementor-widget elementor-widget-button\" data-id=\"1711595\" data-element_type=\"widget\" data-e-type=\"widget\" data-widget_type=\"button.default\">\n\t\t\t\t<div class=\"elementor-widget-container\">\n\t\t\t\t\t\t\t\t\t<div class=\"elementor-button-wrapper\">\n\t\t\t\t\t<a class=\"elementor-button elementor-button-link elementor-size-sm\" href=\"#\">\n\t\t\t\t\t\t<span class=\"elementor-button-content-wrapper\">\n\t\t\t\t\t\t\t\t\t<span class=\"elementor-button-text\">2027-2018 DATOS DE SUSPENSIONES Y DETENCIONES DEL WCPSS<\/span>\n\t\t\t\t\t<\/span>\n\t\t\t\t\t<\/a>\n\t\t\t\t<\/div>\n\t\t\t\t\t\t\t\t<\/div>\n\t\t\t\t<\/div>\n\t\t\t\t<\/div>\n\t\t<div class=\"elementor-element elementor-element-3f7fd6c e-con-full e-flex e-con e-child\" data-id=\"3f7fd6c\" data-element_type=\"container\" data-e-type=\"container\">\n\t\t\t\t<div class=\"elementor-element elementor-element-768fb0e elementor-widget elementor-widget-button\" data-id=\"768fb0e\" data-element_type=\"widget\" data-e-type=\"widget\" data-widget_type=\"button.default\">\n\t\t\t\t<div class=\"elementor-widget-container\">\n\t\t\t\t\t\t\t\t\t<div class=\"elementor-button-wrapper\">\n\t\t\t\t\t<a class=\"elementor-button elementor-button-link elementor-size-sm\" href=\"http:\/\/ejanc.org\/es\/quienes-somos\/\" target=\"_blank\">\n\t\t\t\t\t\t<span class=\"elementor-button-content-wrapper\">\n\t\t\t\t\t\t\t\t\t<span class=\"elementor-button-text\">EJA CANAL YOUTUBE<\/span>\n\t\t\t\t\t<\/span>\n\t\t\t\t\t<\/a>\n\t\t\t\t<\/div>\n\t\t\t\t\t\t\t\t<\/div>\n\t\t\t\t<\/div>\n\t\t\t\t<div class=\"elementor-element elementor-element-ab3417c elementor-widget elementor-widget-button\" data-id=\"ab3417c\" data-element_type=\"widget\" data-e-type=\"widget\" data-widget_type=\"button.default\">\n\t\t\t\t<div class=\"elementor-widget-container\">\n\t\t\t\t\t\t\t\t\t<div class=\"elementor-button-wrapper\">\n\t\t\t\t\t<a class=\"elementor-button elementor-button-link elementor-size-sm\" href=\"http:\/\/ejanc.org\/about\/\" target=\"_blank\">\n\t\t\t\t\t\t<span class=\"elementor-button-content-wrapper\">\n\t\t\t\t\t\t\t\t\t<span class=\"elementor-button-text\">PEACEBUILDERS<\/span>\n\t\t\t\t\t<\/span>\n\t\t\t\t\t<\/a>\n\t\t\t\t<\/div>\n\t\t\t\t\t\t\t\t<\/div>\n\t\t\t\t<\/div>\n\t\t\t\t<div class=\"elementor-element elementor-element-35f905d elementor-widget elementor-widget-button\" data-id=\"35f905d\" data-element_type=\"widget\" data-e-type=\"widget\" data-widget_type=\"button.default\">\n\t\t\t\t<div class=\"elementor-widget-container\">\n\t\t\t\t\t\t\t\t\t<div class=\"elementor-button-wrapper\">\n\t\t\t\t\t<a class=\"elementor-button elementor-button-link elementor-size-sm\" href=\"#\">\n\t\t\t\t\t\t<span class=\"elementor-button-content-wrapper\">\n\t\t\t\t\t\t\t\t\t<span class=\"elementor-button-text\">LA JUSTICIA EDUCATIVA EN LAS URNAS, GU\u00cdA DE VOTO<\/span>\n\t\t\t\t\t<\/span>\n\t\t\t\t\t<\/a>\n\t\t\t\t<\/div>\n\t\t\t\t\t\t\t\t<\/div>\n\t\t\t\t<\/div>\n\t\t\t\t<\/div>\n\t\t\t\t<div class=\"elementor-element elementor-element-cdec058 elementor-widget elementor-widget-image\" data-id=\"cdec058\" data-element_type=\"widget\" data-e-type=\"widget\" data-widget_type=\"image.default\">\n\t\t\t\t<div class=\"elementor-widget-container\">\n\t\t\t\t\t\t\t\t\t\t\t\t\t\t\t<img fetchpriority=\"high\" decoding=\"async\" width=\"694\" height=\"900\" src=\"https:\/\/ejanc.org\/wp-content\/uploads\/2023\/10\/Student_KYR_Flyer_2_1.jpg\" class=\"attachment-large size-large wp-image-3607\" alt=\"\" srcset=\"https:\/\/ejanc.org\/wp-content\/uploads\/2023\/10\/Student_KYR_Flyer_2_1.jpg 694w, https:\/\/ejanc.org\/wp-content\/uploads\/2023\/10\/Student_KYR_Flyer_2_1-231x300.jpg 231w\" sizes=\"(max-width: 694px) 100vw, 694px\" \/>\t\t\t\t\t\t\t\t\t\t\t\t\t\t\t<\/div>\n\t\t\t\t<\/div>\n\t\t<div class=\"elementor-element elementor-element-8f1185b e-flex e-con-boxed e-con e-child\" data-id=\"8f1185b\" data-element_type=\"container\" data-e-type=\"container\">\n\t\t\t\t\t<div class=\"e-con-inner\">\n\t\t\t\t<div class=\"elementor-element elementor-element-bd78571 elementor-widget elementor-widget-text-editor\" data-id=\"bd78571\" data-element_type=\"widget\" data-e-type=\"widget\" data-widget_type=\"text-editor.default\">\n\t\t\t\t<div class=\"elementor-widget-container\">\n\t\t\t\t\t\t\t\t\t<p><a href=\"https:\/\/d3n8a8pro7vhmx.cloudfront.net\/edjusticealliance\/pages\/73\/attachments\/original\/1569853931\/Student_KYR_Flyer_%282%29_%281%29-converted.pdf?1569853931\" target=\"_blank\" rel=\"noopener\">PDF<\/a><\/p>\n\t\t\t\t\t\t\t\t<\/div>\n\t\t\t\t<\/div>\n\t\t\t\t\t<\/div>\n\t\t\t\t<\/div>\n\t\t\t\t\t<\/div>\n\t\t\t\t<\/div>\n\t\t\t\t<\/div>\n\t\t","protected":false},"excerpt":{"rendered":"<p>CAMPA\u00d1AS TERMINOLOG\u00cdA COM\u00daN FOLLETO DE DERECHOS DEL ESTUDIANTE 2027-2018 DATOS DE SUSPENSIONES Y DETENCIONES DEL WCPSS EJA CANAL YOUTUBE PEACEBUILDERS LA JUSTICIA EDUCATIVA EN LAS URNAS, GU\u00cdA DE VOTO PDF<\/p>\n","protected":false},"author":1,"featured_media":0,"parent":3719,"menu_order":0,"comment_status":"closed","ping_status":"closed","template":"","meta":{"_acf_changed":false,"give_campaign_id":0,"inline_featured_image":false,"footnotes":""},"class_list":["post-3722","page","type-page","status-publish","hentry"],"acf":[],"yoast_head":"<!-- This site is optimized with the Yoast SEO plugin v27.0 - https:\/\/yoast.com\/product\/yoast-seo-wordpress\/ -->\n<title>Folleto de derechos del estudiante | Alianza por la Justicia en la Educaci\u00f3n<\/title>\n<meta name=\"robots\" content=\"index, follow, max-snippet:-1, max-image-preview:large, max-video-preview:-1\" \/>\n<link rel=\"canonical\" href=\"https:\/\/ejanc.org\/es\/recursos\/folleto-de-derechos-del-estudiante\/\" \/>\n<meta property=\"og:locale\" content=\"es_ES\" \/>\n<meta property=\"og:type\" content=\"article\" \/>\n<meta property=\"og:title\" content=\"Folleto de derechos del estudiante | Alianza por la Justicia en la Educaci\u00f3n\" \/>\n<meta property=\"og:description\" content=\"CAMPA\u00d1AS TERMINOLOG\u00cdA COM\u00daN FOLLETO DE DERECHOS DEL ESTUDIANTE 2027-2018 DATOS DE SUSPENSIONES Y DETENCIONES DEL WCPSS EJA CANAL YOUTUBE PEACEBUILDERS LA JUSTICIA EDUCATIVA EN LAS URNAS, GU\u00cdA DE VOTO PDF\" \/>\n<meta property=\"og:url\" content=\"https:\/\/ejanc.org\/es\/recursos\/folleto-de-derechos-del-estudiante\/\" \/>\n<meta property=\"og:site_name\" content=\"Alianza por la Justicia en la Educaci\u00f3n\" \/>\n<meta property=\"article:publisher\" content=\"https:\/\/www.facebook.com\/EJARALEIGHNC\/\" \/>\n<meta property=\"article:modified_time\" content=\"2023-10-09T13:53:31+00:00\" \/>\n<meta property=\"og:image\" content=\"https:\/\/ejanc.org\/wp-content\/uploads\/2023\/10\/Student_KYR_Flyer_2_1.jpg\" \/>\n<meta name=\"twitter:card\" content=\"summary_large_image\" \/>\n<script type=\"application\/ld+json\" class=\"yoast-schema-graph\">{\"@context\":\"https:\/\/schema.org\",\"@graph\":[{\"@type\":\"WebPage\",\"@id\":\"https:\/\/ejanc.org\/es\/recursos\/folleto-de-derechos-del-estudiante\/\",\"url\":\"https:\/\/ejanc.org\/es\/recursos\/folleto-de-derechos-del-estudiante\/\",\"name\":\"Folleto de derechos del estudiante | Alianza por la Justicia en la Educaci\u00f3n\",\"isPartOf\":{\"@id\":\"https:\/\/ejanc.org\/#website\"},\"primaryImageOfPage\":{\"@id\":\"https:\/\/ejanc.org\/es\/recursos\/folleto-de-derechos-del-estudiante\/#primaryimage\"},\"image\":{\"@id\":\"https:\/\/ejanc.org\/es\/recursos\/folleto-de-derechos-del-estudiante\/#primaryimage\"},\"thumbnailUrl\":\"https:\/\/ejanc.org\/wp-content\/uploads\/2023\/10\/Student_KYR_Flyer_2_1.jpg\",\"datePublished\":\"2023-10-05T13:25:29+00:00\",\"dateModified\":\"2023-10-09T13:53:31+00:00\",\"breadcrumb\":{\"@id\":\"https:\/\/ejanc.org\/es\/recursos\/folleto-de-derechos-del-estudiante\/#breadcrumb\"},\"inLanguage\":\"es\",\"potentialAction\":[{\"@type\":\"ReadAction\",\"target\":[\"https:\/\/ejanc.org\/es\/recursos\/folleto-de-derechos-del-estudiante\/\"]}]},{\"@type\":\"ImageObject\",\"inLanguage\":\"es\",\"@id\":\"https:\/\/ejanc.org\/es\/recursos\/folleto-de-derechos-del-estudiante\/#primaryimage\",\"url\":\"https:\/\/ejanc.org\/wp-content\/uploads\/2023\/10\/Student_KYR_Flyer_2_1.jpg\",\"contentUrl\":\"https:\/\/ejanc.org\/wp-content\/uploads\/2023\/10\/Student_KYR_Flyer_2_1.jpg\"},{\"@type\":\"BreadcrumbList\",\"@id\":\"https:\/\/ejanc.org\/es\/recursos\/folleto-de-derechos-del-estudiante\/#breadcrumb\",\"itemListElement\":[{\"@type\":\"ListItem\",\"position\":1,\"name\":\"Home\",\"item\":\"https:\/\/ejanc.org\/es\/inicio\/\"},{\"@type\":\"ListItem\",\"position\":2,\"name\":\"Recursos\",\"item\":\"https:\/\/ejanc.org\/es\/recursos\/\"},{\"@type\":\"ListItem\",\"position\":3,\"name\":\"Folleto de derechos del estudiante\"}]},{\"@type\":\"WebSite\",\"@id\":\"https:\/\/ejanc.org\/#website\",\"url\":\"https:\/\/ejanc.org\/\",\"name\":\"Alianza por la Justicia en la Educaci\u00f3n\",\"description\":\"\",\"publisher\":{\"@id\":\"https:\/\/ejanc.org\/#organization\"},\"potentialAction\":[{\"@type\":\"SearchAction\",\"target\":{\"@type\":\"EntryPoint\",\"urlTemplate\":\"https:\/\/ejanc.org\/?s={search_term_string}\"},\"query-input\":{\"@type\":\"PropertyValueSpecification\",\"valueRequired\":true,\"valueName\":\"search_term_string\"}}],\"inLanguage\":\"es\"},{\"@type\":\"Organization\",\"@id\":\"https:\/\/ejanc.org\/#organization\",\"name\":\"Alianza por la Justicia en la Educaci\u00f3n\",\"url\":\"https:\/\/ejanc.org\/\",\"logo\":{\"@type\":\"ImageObject\",\"inLanguage\":\"es\",\"@id\":\"https:\/\/ejanc.org\/#\/schema\/logo\/image\/\",\"url\":\"https:\/\/ejanc.org\/wp-content\/uploads\/2023\/10\/logo.png\",\"contentUrl\":\"https:\/\/ejanc.org\/wp-content\/uploads\/2023\/10\/logo.png\",\"width\":129,\"height\":132,\"caption\":\"Alianza por la Justicia en la Educaci\u00f3n\"},\"image\":{\"@id\":\"https:\/\/ejanc.org\/#\/schema\/logo\/image\/\"},\"sameAs\":[\"https:\/\/www.facebook.com\/EJARALEIGHNC\/\",\"https:\/\/www.instagram.com\/ejaraleighnc\/\",\"https:\/\/www.linkedin.com\/company\/ejaraleighnc\/about\/\",\"https:\/\/www.youtube.com\/@educationjusticealliance8063\"]}]}<\/script>\n<!-- \/ Yoast SEO plugin. -->","yoast_head_json":{"title":"Folleto de derechos del estudiante | Alianza por la Justicia en la Educaci\u00f3n","robots":{"index":"index","follow":"follow","max-snippet":"max-snippet:-1","max-image-preview":"max-image-preview:large","max-video-preview":"max-video-preview:-1"},"canonical":"https:\/\/ejanc.org\/es\/recursos\/folleto-de-derechos-del-estudiante\/","og_locale":"es_ES","og_type":"article","og_title":"Folleto de derechos del estudiante | Alianza por la Justicia en la Educaci\u00f3n","og_description":"CAMPA\u00d1AS TERMINOLOG\u00cdA COM\u00daN FOLLETO DE DERECHOS DEL ESTUDIANTE 2027-2018 DATOS DE SUSPENSIONES Y DETENCIONES DEL WCPSS EJA CANAL YOUTUBE PEACEBUILDERS LA JUSTICIA EDUCATIVA EN LAS URNAS, GU\u00cdA DE VOTO PDF","og_url":"https:\/\/ejanc.org\/es\/recursos\/folleto-de-derechos-del-estudiante\/","og_site_name":"Alianza por la Justicia en la Educaci\u00f3n","article_publisher":"https:\/\/www.facebook.com\/EJARALEIGHNC\/","article_modified_time":"2023-10-09T13:53:31+00:00","og_image":[{"url":"https:\/\/ejanc.org\/wp-content\/uploads\/2023\/10\/Student_KYR_Flyer_2_1.jpg","type":"","width":"","height":""}],"twitter_card":"summary_large_image","schema":{"@context":"https:\/\/schema.org","@graph":[{"@type":"WebPage","@id":"https:\/\/ejanc.org\/es\/recursos\/folleto-de-derechos-del-estudiante\/","url":"https:\/\/ejanc.org\/es\/recursos\/folleto-de-derechos-del-estudiante\/","name":"Folleto de derechos del estudiante | Alianza por la Justicia en la Educaci\u00f3n","isPartOf":{"@id":"https:\/\/ejanc.org\/#website"},"primaryImageOfPage":{"@id":"https:\/\/ejanc.org\/es\/recursos\/folleto-de-derechos-del-estudiante\/#primaryimage"},"image":{"@id":"https:\/\/ejanc.org\/es\/recursos\/folleto-de-derechos-del-estudiante\/#primaryimage"},"thumbnailUrl":"https:\/\/ejanc.org\/wp-content\/uploads\/2023\/10\/Student_KYR_Flyer_2_1.jpg","datePublished":"2023-10-05T13:25:29+00:00","dateModified":"2023-10-09T13:53:31+00:00","breadcrumb":{"@id":"https:\/\/ejanc.org\/es\/recursos\/folleto-de-derechos-del-estudiante\/#breadcrumb"},"inLanguage":"es","potentialAction":[{"@type":"ReadAction","target":["https:\/\/ejanc.org\/es\/recursos\/folleto-de-derechos-del-estudiante\/"]}]},{"@type":"ImageObject","inLanguage":"es","@id":"https:\/\/ejanc.org\/es\/recursos\/folleto-de-derechos-del-estudiante\/#primaryimage","url":"https:\/\/ejanc.org\/wp-content\/uploads\/2023\/10\/Student_KYR_Flyer_2_1.jpg","contentUrl":"https:\/\/ejanc.org\/wp-content\/uploads\/2023\/10\/Student_KYR_Flyer_2_1.jpg"},{"@type":"BreadcrumbList","@id":"https:\/\/ejanc.org\/es\/recursos\/folleto-de-derechos-del-estudiante\/#breadcrumb","itemListElement":[{"@type":"ListItem","position":1,"name":"Home","item":"https:\/\/ejanc.org\/es\/inicio\/"},{"@type":"ListItem","position":2,"name":"Recursos","item":"https:\/\/ejanc.org\/es\/recursos\/"},{"@type":"ListItem","position":3,"name":"Folleto de derechos del estudiante"}]},{"@type":"WebSite","@id":"https:\/\/ejanc.org\/#website","url":"https:\/\/ejanc.org\/","name":"Alianza por la Justicia en la Educaci\u00f3n","description":"","publisher":{"@id":"https:\/\/ejanc.org\/#organization"},"potentialAction":[{"@type":"SearchAction","target":{"@type":"EntryPoint","urlTemplate":"https:\/\/ejanc.org\/?s={search_term_string}"},"query-input":{"@type":"PropertyValueSpecification","valueRequired":true,"valueName":"search_term_string"}}],"inLanguage":"es"},{"@type":"Organization","@id":"https:\/\/ejanc.org\/#organization","name":"Alianza por la Justicia en la Educaci\u00f3n","url":"https:\/\/ejanc.org\/","logo":{"@type":"ImageObject","inLanguage":"es","@id":"https:\/\/ejanc.org\/#\/schema\/logo\/image\/","url":"https:\/\/ejanc.org\/wp-content\/uploads\/2023\/10\/logo.png","contentUrl":"https:\/\/ejanc.org\/wp-content\/uploads\/2023\/10\/logo.png","width":129,"height":132,"caption":"Alianza por la Justicia en la Educaci\u00f3n"},"image":{"@id":"https:\/\/ejanc.org\/#\/schema\/logo\/image\/"},"sameAs":["https:\/\/www.facebook.com\/EJARALEIGHNC\/","https:\/\/www.instagram.com\/ejaraleighnc\/","https:\/\/www.linkedin.com\/company\/ejaraleighnc\/about\/","https:\/\/www.youtube.com\/@educationjusticealliance8063"]}]}},"campaignId":"","_links":{"self":[{"href":"https:\/\/ejanc.org\/es\/wp-json\/wp\/v2\/pages\/3722","targetHints":{"allow":["GET"]}}],"collection":[{"href":"https:\/\/ejanc.org\/es\/wp-json\/wp\/v2\/pages"}],"about":[{"href":"https:\/\/ejanc.org\/es\/wp-json\/wp\/v2\/types\/page"}],"author":[{"embeddable":true,"href":"https:\/\/ejanc.org\/es\/wp-json\/wp\/v2\/users\/1"}],"replies":[{"embeddable":true,"href":"https:\/\/ejanc.org\/es\/wp-json\/wp\/v2\/comments?post=3722"}],"version-history":[{"count":2,"href":"https:\/\/ejanc.org\/es\/wp-json\/wp\/v2\/pages\/3722\/revisions"}],"predecessor-version":[{"id":4061,"href":"https:\/\/ejanc.org\/es\/wp-json\/wp\/v2\/pages\/3722\/revisions\/4061"}],"up":[{"embeddable":true,"href":"https:\/\/ejanc.org\/es\/wp-json\/wp\/v2\/pages\/3719"}],"wp:attachment":[{"href":"https:\/\/ejanc.org\/es\/wp-json\/wp\/v2\/media?parent=3722"}],"curies":[{"name":"wp","href":"https:\/\/api.w.org\/{rel}","templated":true}]}}