{"id":3724,"date":"2023-10-04T06:39:23","date_gmt":"2023-10-04T06:39:23","guid":{"rendered":"https:\/\/ejanc.org\/too-young-to-suspendt\/"},"modified":"2024-08-12T15:46:06","modified_gmt":"2024-08-12T19:46:06","slug":"too-young-to-suspendt","status":"publish","type":"page","link":"https:\/\/ejanc.org\/es\/campanas\/too-young-to-suspendt\/","title":{"rendered":"Demasiado J\u00f3ven Para Suspender"},"content":{"rendered":"\t\t<div data-elementor-type=\"wp-page\" data-elementor-id=\"3724\" class=\"elementor elementor-3724 elementor-2186\" data-elementor-post-type=\"page\">\n\t\t\t\t<div class=\"elementor-element elementor-element-b4134c5 e-flex e-con-boxed e-con e-parent\" data-id=\"b4134c5\" data-element_type=\"container\" data-e-type=\"container\">\n\t\t\t\t\t<div class=\"e-con-inner\">\n\t\t<div class=\"elementor-element elementor-element-8250150 e-flex e-con-boxed e-con e-child\" data-id=\"8250150\" data-element_type=\"container\" data-e-type=\"container\">\n\t\t\t\t\t<div class=\"e-con-inner\">\n\t\t\t\t<div class=\"elementor-element elementor-element-b329f53 elementor-widget elementor-widget-text-editor\" data-id=\"b329f53\" data-element_type=\"widget\" data-e-type=\"widget\" data-widget_type=\"text-editor.default\">\n\t\t\t\t<div class=\"elementor-widget-container\">\n\t\t\t\t\t\t\t\t\t<p>La campa\u00f1a Demasiado J\u00f3ven Para Suspender pretende reducir las disparidades raciales en las suspensiones en la escuela primaria. Los alumnos negros de las escuelas p\u00fablicas de Carolina del Norte tienen 4,1 veces m\u00e1s probabilidades de ser suspendidos que sus hom\u00f3logos blancos. Los alumnos negros representan el 25% de los ni\u00f1os matriculados en las escuelas p\u00fablicas del estado, pero reciben el 55,2% de las suspensiones de corta duraci\u00f3n. Los alumnos blancos constituyen el 47,3% de los alumnos matriculados en las escuelas p\u00fablicas de Carolina del Norte, pero s\u00f3lo reciben el 25,8% de las suspensiones de corta duraci\u00f3n.<\/p>\n<p><strong><em>En el Sistema de Escuelas P\u00fablicas del Condado de Wake (WCPSS), los alumnos negros de primaria representan el 11% de la poblaci\u00f3n escolar, pero reciben el 54% de todas las suspensiones en la escuela.<\/em><\/strong><em>. <\/em> <\/p>\n<p>EJA&#8217;s <strong><em>Demasiado joven para suspender <\/em><\/strong>se basan en la AB 420 de California (2014) con pocos cambios. EJA&#8217;s <strong><em>Demasiado joven para suspender <\/em><\/strong> proh\u00edbe la suspensi\u00f3n o expulsi\u00f3n de alumnos de preescolar a 5\u00ba curso, con limitadas excepciones. EJA exige que WCPSS proh\u00edba que los estudiantes de pre-K a 5\u00ba grado sean suspendidos o expulsados de la escuela con excepciones limitadas. La intenci\u00f3n es evitar las suspensiones o expulsiones de j\u00f3venes estudiantes que se portan mal o desaf\u00edan voluntariamente a las autoridades escolares, pero que no suponen ning\u00fan peligro para los dem\u00e1s alumnos.<\/p>\n<p>Las escuelas financiadas con fondos p\u00fablicos, incluidas las escuelas concertadas, no suspender\u00e1n ni expulsar\u00e1n a los alumnos de preescolar a 5\u00ba grado y aplicar\u00e1n inmediatamente alternativas positivas de prevenci\u00f3n e intervenci\u00f3n para apoyar el aprendizaje social y emocional (SEL) de los alumnos, como las Salas de Paz, la justicia restaurativa y las pr\u00e1cticas de resoluci\u00f3n de conflictos.<\/p>\n\t\t\t\t\t\t\t\t<\/div>\n\t\t\t\t<\/div>\n\t\t\t\t\t<\/div>\n\t\t\t\t<\/div>\n\t\t\t\t\t<\/div>\n\t\t\t\t<\/div>\n\t\t\t\t<\/div>\n\t\t","protected":false},"excerpt":{"rendered":"<p>La campa\u00f1a Demasiado J\u00f3ven Para Suspender pretende reducir las disparidades raciales en las suspensiones en la escuela primaria. Los alumnos negros de las escuelas p\u00fablicas de Carolina del Norte tienen [&hellip;]<\/p>\n","protected":false},"author":1,"featured_media":3627,"parent":3669,"menu_order":0,"comment_status":"closed","ping_status":"closed","template":"","meta":{"_acf_changed":false,"give_campaign_id":0,"inline_featured_image":false,"footnotes":""},"class_list":["post-3724","page","type-page","status-publish","has-post-thumbnail","hentry"],"acf":[],"yoast_head":"<!-- This site is optimized with the Yoast SEO plugin v27.0 - https:\/\/yoast.com\/product\/yoast-seo-wordpress\/ -->\n<title>Demasiado J\u00f3ven Para Suspender | Alianza por la Justicia en la Educaci\u00f3n<\/title>\n<meta name=\"robots\" content=\"index, follow, max-snippet:-1, max-image-preview:large, max-video-preview:-1\" \/>\n<link rel=\"canonical\" href=\"https:\/\/ejanc.org\/es\/campanas\/too-young-to-suspendt\/\" \/>\n<meta property=\"og:locale\" content=\"es_ES\" \/>\n<meta property=\"og:type\" content=\"article\" \/>\n<meta property=\"og:title\" content=\"Demasiado J\u00f3ven Para Suspender | Alianza por la Justicia en la Educaci\u00f3n\" \/>\n<meta property=\"og:description\" content=\"La campa\u00f1a Demasiado J\u00f3ven Para Suspender pretende reducir las disparidades raciales en las suspensiones en la escuela primaria. Los alumnos negros de las escuelas p\u00fablicas de Carolina del Norte tienen [&hellip;]\" \/>\n<meta property=\"og:url\" content=\"https:\/\/ejanc.org\/es\/campanas\/too-young-to-suspendt\/\" \/>\n<meta property=\"og:site_name\" content=\"Alianza por la Justicia en la Educaci\u00f3n\" \/>\n<meta property=\"article:publisher\" content=\"https:\/\/www.facebook.com\/EJARALEIGHNC\/\" \/>\n<meta property=\"article:modified_time\" content=\"2024-08-12T19:46:06+00:00\" \/>\n<meta property=\"og:image\" content=\"https:\/\/ejanc.org\/wp-content\/uploads\/2023\/10\/ECC9B72A-780E-470B-B749-F5B6199EEC48-Ramiyah.jpeg\" \/>\n\t<meta property=\"og:image:width\" content=\"1800\" \/>\n\t<meta property=\"og:image:height\" content=\"1200\" \/>\n\t<meta property=\"og:image:type\" content=\"image\/jpeg\" \/>\n<meta name=\"twitter:card\" content=\"summary_large_image\" \/>\n<meta name=\"twitter:label1\" content=\"Tiempo de lectura\" \/>\n\t<meta name=\"twitter:data1\" content=\"1 minuto\" \/>\n<script type=\"application\/ld+json\" class=\"yoast-schema-graph\">{\"@context\":\"https:\/\/schema.org\",\"@graph\":[{\"@type\":\"WebPage\",\"@id\":\"https:\/\/ejanc.org\/es\/campanas\/too-young-to-suspendt\/\",\"url\":\"https:\/\/ejanc.org\/es\/campanas\/too-young-to-suspendt\/\",\"name\":\"Demasiado J\u00f3ven Para Suspender | Alianza por la Justicia en la Educaci\u00f3n\",\"isPartOf\":{\"@id\":\"https:\/\/ejanc.org\/#website\"},\"primaryImageOfPage\":{\"@id\":\"https:\/\/ejanc.org\/es\/campanas\/too-young-to-suspendt\/#primaryimage\"},\"image\":{\"@id\":\"https:\/\/ejanc.org\/es\/campanas\/too-young-to-suspendt\/#primaryimage\"},\"thumbnailUrl\":\"https:\/\/ejanc.org\/wp-content\/uploads\/2023\/10\/ECC9B72A-780E-470B-B749-F5B6199EEC48-Ramiyah.jpeg\",\"datePublished\":\"2023-10-04T06:39:23+00:00\",\"dateModified\":\"2024-08-12T19:46:06+00:00\",\"breadcrumb\":{\"@id\":\"https:\/\/ejanc.org\/es\/campanas\/too-young-to-suspendt\/#breadcrumb\"},\"inLanguage\":\"es\",\"potentialAction\":[{\"@type\":\"ReadAction\",\"target\":[\"https:\/\/ejanc.org\/es\/campanas\/too-young-to-suspendt\/\"]}]},{\"@type\":\"ImageObject\",\"inLanguage\":\"es\",\"@id\":\"https:\/\/ejanc.org\/es\/campanas\/too-young-to-suspendt\/#primaryimage\",\"url\":\"https:\/\/ejanc.org\/wp-content\/uploads\/2023\/10\/ECC9B72A-780E-470B-B749-F5B6199EEC48-Ramiyah.jpeg\",\"contentUrl\":\"https:\/\/ejanc.org\/wp-content\/uploads\/2023\/10\/ECC9B72A-780E-470B-B749-F5B6199EEC48-Ramiyah.jpeg\",\"width\":1800,\"height\":1200},{\"@type\":\"BreadcrumbList\",\"@id\":\"https:\/\/ejanc.org\/es\/campanas\/too-young-to-suspendt\/#breadcrumb\",\"itemListElement\":[{\"@type\":\"ListItem\",\"position\":1,\"name\":\"Home\",\"item\":\"https:\/\/ejanc.org\/es\/inicio\/\"},{\"@type\":\"ListItem\",\"position\":2,\"name\":\"Campa\u00f1as\",\"item\":\"https:\/\/ejanc.org\/campaigns_sbltu6ooudkwlbgvogn6qg\/\"},{\"@type\":\"ListItem\",\"position\":3,\"name\":\"Demasiado J\u00f3ven Para Suspender\"}]},{\"@type\":\"WebSite\",\"@id\":\"https:\/\/ejanc.org\/#website\",\"url\":\"https:\/\/ejanc.org\/\",\"name\":\"Alianza por la Justicia en la Educaci\u00f3n\",\"description\":\"\",\"publisher\":{\"@id\":\"https:\/\/ejanc.org\/#organization\"},\"potentialAction\":[{\"@type\":\"SearchAction\",\"target\":{\"@type\":\"EntryPoint\",\"urlTemplate\":\"https:\/\/ejanc.org\/?s={search_term_string}\"},\"query-input\":{\"@type\":\"PropertyValueSpecification\",\"valueRequired\":true,\"valueName\":\"search_term_string\"}}],\"inLanguage\":\"es\"},{\"@type\":\"Organization\",\"@id\":\"https:\/\/ejanc.org\/#organization\",\"name\":\"Alianza por la Justicia en la Educaci\u00f3n\",\"url\":\"https:\/\/ejanc.org\/\",\"logo\":{\"@type\":\"ImageObject\",\"inLanguage\":\"es\",\"@id\":\"https:\/\/ejanc.org\/#\/schema\/logo\/image\/\",\"url\":\"https:\/\/ejanc.org\/wp-content\/uploads\/2023\/10\/logo.png\",\"contentUrl\":\"https:\/\/ejanc.org\/wp-content\/uploads\/2023\/10\/logo.png\",\"width\":129,\"height\":132,\"caption\":\"Alianza por la Justicia en la Educaci\u00f3n\"},\"image\":{\"@id\":\"https:\/\/ejanc.org\/#\/schema\/logo\/image\/\"},\"sameAs\":[\"https:\/\/www.facebook.com\/EJARALEIGHNC\/\",\"https:\/\/www.instagram.com\/ejaraleighnc\/\",\"https:\/\/www.linkedin.com\/company\/ejaraleighnc\/about\/\",\"https:\/\/www.youtube.com\/@educationjusticealliance8063\"]}]}<\/script>\n<!-- \/ Yoast SEO plugin. -->","yoast_head_json":{"title":"Demasiado J\u00f3ven Para Suspender | Alianza por la Justicia en la Educaci\u00f3n","robots":{"index":"index","follow":"follow","max-snippet":"max-snippet:-1","max-image-preview":"max-image-preview:large","max-video-preview":"max-video-preview:-1"},"canonical":"https:\/\/ejanc.org\/es\/campanas\/too-young-to-suspendt\/","og_locale":"es_ES","og_type":"article","og_title":"Demasiado J\u00f3ven Para Suspender | Alianza por la Justicia en la Educaci\u00f3n","og_description":"La campa\u00f1a Demasiado J\u00f3ven Para Suspender pretende reducir las disparidades raciales en las suspensiones en la escuela primaria. Los alumnos negros de las escuelas p\u00fablicas de Carolina del Norte tienen [&hellip;]","og_url":"https:\/\/ejanc.org\/es\/campanas\/too-young-to-suspendt\/","og_site_name":"Alianza por la Justicia en la Educaci\u00f3n","article_publisher":"https:\/\/www.facebook.com\/EJARALEIGHNC\/","article_modified_time":"2024-08-12T19:46:06+00:00","og_image":[{"width":1800,"height":1200,"url":"https:\/\/ejanc.org\/wp-content\/uploads\/2023\/10\/ECC9B72A-780E-470B-B749-F5B6199EEC48-Ramiyah.jpeg","type":"image\/jpeg"}],"twitter_card":"summary_large_image","twitter_misc":{"Tiempo de lectura":"1 minuto"},"schema":{"@context":"https:\/\/schema.org","@graph":[{"@type":"WebPage","@id":"https:\/\/ejanc.org\/es\/campanas\/too-young-to-suspendt\/","url":"https:\/\/ejanc.org\/es\/campanas\/too-young-to-suspendt\/","name":"Demasiado J\u00f3ven Para Suspender | Alianza por la Justicia en la Educaci\u00f3n","isPartOf":{"@id":"https:\/\/ejanc.org\/#website"},"primaryImageOfPage":{"@id":"https:\/\/ejanc.org\/es\/campanas\/too-young-to-suspendt\/#primaryimage"},"image":{"@id":"https:\/\/ejanc.org\/es\/campanas\/too-young-to-suspendt\/#primaryimage"},"thumbnailUrl":"https:\/\/ejanc.org\/wp-content\/uploads\/2023\/10\/ECC9B72A-780E-470B-B749-F5B6199EEC48-Ramiyah.jpeg","datePublished":"2023-10-04T06:39:23+00:00","dateModified":"2024-08-12T19:46:06+00:00","breadcrumb":{"@id":"https:\/\/ejanc.org\/es\/campanas\/too-young-to-suspendt\/#breadcrumb"},"inLanguage":"es","potentialAction":[{"@type":"ReadAction","target":["https:\/\/ejanc.org\/es\/campanas\/too-young-to-suspendt\/"]}]},{"@type":"ImageObject","inLanguage":"es","@id":"https:\/\/ejanc.org\/es\/campanas\/too-young-to-suspendt\/#primaryimage","url":"https:\/\/ejanc.org\/wp-content\/uploads\/2023\/10\/ECC9B72A-780E-470B-B749-F5B6199EEC48-Ramiyah.jpeg","contentUrl":"https:\/\/ejanc.org\/wp-content\/uploads\/2023\/10\/ECC9B72A-780E-470B-B749-F5B6199EEC48-Ramiyah.jpeg","width":1800,"height":1200},{"@type":"BreadcrumbList","@id":"https:\/\/ejanc.org\/es\/campanas\/too-young-to-suspendt\/#breadcrumb","itemListElement":[{"@type":"ListItem","position":1,"name":"Home","item":"https:\/\/ejanc.org\/es\/inicio\/"},{"@type":"ListItem","position":2,"name":"Campa\u00f1as","item":"https:\/\/ejanc.org\/campaigns_sbltu6ooudkwlbgvogn6qg\/"},{"@type":"ListItem","position":3,"name":"Demasiado J\u00f3ven Para Suspender"}]},{"@type":"WebSite","@id":"https:\/\/ejanc.org\/#website","url":"https:\/\/ejanc.org\/","name":"Alianza por la Justicia en la Educaci\u00f3n","description":"","publisher":{"@id":"https:\/\/ejanc.org\/#organization"},"potentialAction":[{"@type":"SearchAction","target":{"@type":"EntryPoint","urlTemplate":"https:\/\/ejanc.org\/?s={search_term_string}"},"query-input":{"@type":"PropertyValueSpecification","valueRequired":true,"valueName":"search_term_string"}}],"inLanguage":"es"},{"@type":"Organization","@id":"https:\/\/ejanc.org\/#organization","name":"Alianza por la Justicia en la Educaci\u00f3n","url":"https:\/\/ejanc.org\/","logo":{"@type":"ImageObject","inLanguage":"es","@id":"https:\/\/ejanc.org\/#\/schema\/logo\/image\/","url":"https:\/\/ejanc.org\/wp-content\/uploads\/2023\/10\/logo.png","contentUrl":"https:\/\/ejanc.org\/wp-content\/uploads\/2023\/10\/logo.png","width":129,"height":132,"caption":"Alianza por la Justicia en la Educaci\u00f3n"},"image":{"@id":"https:\/\/ejanc.org\/#\/schema\/logo\/image\/"},"sameAs":["https:\/\/www.facebook.com\/EJARALEIGHNC\/","https:\/\/www.instagram.com\/ejaraleighnc\/","https:\/\/www.linkedin.com\/company\/ejaraleighnc\/about\/","https:\/\/www.youtube.com\/@educationjusticealliance8063"]}]}},"campaignId":"","_links":{"self":[{"href":"https:\/\/ejanc.org\/es\/wp-json\/wp\/v2\/pages\/3724","targetHints":{"allow":["GET"]}}],"collection":[{"href":"https:\/\/ejanc.org\/es\/wp-json\/wp\/v2\/pages"}],"about":[{"href":"https:\/\/ejanc.org\/es\/wp-json\/wp\/v2\/types\/page"}],"author":[{"embeddable":true,"href":"https:\/\/ejanc.org\/es\/wp-json\/wp\/v2\/users\/1"}],"replies":[{"embeddable":true,"href":"https:\/\/ejanc.org\/es\/wp-json\/wp\/v2\/comments?post=3724"}],"version-history":[{"count":6,"href":"https:\/\/ejanc.org\/es\/wp-json\/wp\/v2\/pages\/3724\/revisions"}],"predecessor-version":[{"id":5349,"href":"https:\/\/ejanc.org\/es\/wp-json\/wp\/v2\/pages\/3724\/revisions\/5349"}],"up":[{"embeddable":true,"href":"https:\/\/ejanc.org\/es\/wp-json\/wp\/v2\/pages\/3669"}],"wp:featuredmedia":[{"embeddable":true,"href":"https:\/\/ejanc.org\/es\/wp-json\/wp\/v2\/media\/3627"}],"wp:attachment":[{"href":"https:\/\/ejanc.org\/es\/wp-json\/wp\/v2\/media?parent=3724"}],"curies":[{"name":"wp","href":"https:\/\/api.w.org\/{rel}","templated":true}]}}