{"id":4524,"date":"2023-10-10T01:41:24","date_gmt":"2023-10-10T05:41:24","guid":{"rendered":"https:\/\/ejanc.org\/quienes-somos\/personal\/fernando-martinez\/"},"modified":"2024-08-12T17:01:22","modified_gmt":"2024-08-12T21:01:22","slug":"fernando-martinez","status":"publish","type":"page","link":"https:\/\/ejanc.org\/es\/quienes-somos\/equipo\/fernando-martinez\/","title":{"rendered":"Fernando Mart\u00ednez"},"content":{"rendered":"\t\t<div data-elementor-type=\"wp-page\" data-elementor-id=\"4524\" class=\"elementor elementor-4524\" data-elementor-post-type=\"page\">\n\t\t\t\t<div class=\"elementor-element elementor-element-f9096d8 e-flex e-con-boxed e-con e-parent\" data-id=\"f9096d8\" data-element_type=\"container\" data-e-type=\"container\">\n\t\t\t\t\t<div class=\"e-con-inner\">\n\t\t<div class=\"elementor-element elementor-element-4bbd302 e-con-full e-flex e-con e-child\" data-id=\"4bbd302\" data-element_type=\"container\" data-e-type=\"container\">\n\t\t\t\t<div class=\"elementor-element elementor-element-5c476dd elementor-widget elementor-widget-image\" data-id=\"5c476dd\" data-element_type=\"widget\" data-e-type=\"widget\" data-widget_type=\"image.default\">\n\t\t\t\t<div class=\"elementor-widget-container\">\n\t\t\t\t\t\t\t\t\t\t\t\t\t\t\t<img fetchpriority=\"high\" decoding=\"async\" width=\"800\" height=\"600\" src=\"https:\/\/ejanc.org\/wp-content\/uploads\/2023\/10\/FM_profile_work-1024x768.jpg\" class=\"attachment-large size-large wp-image-3594\" alt=\"\" srcset=\"https:\/\/ejanc.org\/wp-content\/uploads\/2023\/10\/FM_profile_work-1024x768.jpg 1024w, https:\/\/ejanc.org\/wp-content\/uploads\/2023\/10\/FM_profile_work-300x225.jpg 300w, https:\/\/ejanc.org\/wp-content\/uploads\/2023\/10\/FM_profile_work-768x576.jpg 768w, https:\/\/ejanc.org\/wp-content\/uploads\/2023\/10\/FM_profile_work-1536x1152.jpg 1536w, https:\/\/ejanc.org\/wp-content\/uploads\/2023\/10\/FM_profile_work-2048x1536.jpg 2048w\" sizes=\"(max-width: 800px) 100vw, 800px\" \/>\t\t\t\t\t\t\t\t\t\t\t\t\t\t\t<\/div>\n\t\t\t\t<\/div>\n\t\t\t\t<div class=\"elementor-element elementor-element-eb1762e elementor-widget elementor-widget-text-editor\" data-id=\"eb1762e\" data-element_type=\"widget\" data-e-type=\"widget\" data-widget_type=\"text-editor.default\">\n\t\t\t\t<div class=\"elementor-widget-container\">\n\t\t\t\t\t\t\t\t\t<p>Director de Organizaci\u00f3n<\/p>\n\t\t\t\t\t\t\t\t<\/div>\n\t\t\t\t<\/div>\n\t\t\t\t<div class=\"elementor-element elementor-element-99462ff elementor-widget-divider--view-line elementor-widget elementor-widget-divider\" data-id=\"99462ff\" data-element_type=\"widget\" data-e-type=\"widget\" data-widget_type=\"divider.default\">\n\t\t\t\t<div class=\"elementor-widget-container\">\n\t\t\t\t\t\t\t<div class=\"elementor-divider\">\n\t\t\t<span class=\"elementor-divider-separator\">\n\t\t\t\t\t\t<\/span>\n\t\t<\/div>\n\t\t\t\t\t\t<\/div>\n\t\t\t\t<\/div>\n\t\t\t\t<div class=\"elementor-element elementor-element-83bb27b elementor-widget elementor-widget-text-editor\" data-id=\"83bb27b\" data-element_type=\"widget\" data-e-type=\"widget\" data-widget_type=\"text-editor.default\">\n\t\t\t\t<div class=\"elementor-widget-container\">\n\t\t\t\t\t\t\t\t\t<p><a href=\"mailto:fernando@ejanc.org\"><strong>fernando@ejanc.org<\/strong><\/a><\/p>\n\t\t\t\t\t\t\t\t<\/div>\n\t\t\t\t<\/div>\n\t\t\t\t<\/div>\n\t\t<div class=\"elementor-element elementor-element-671ad49 e-con-full e-flex e-con e-child\" data-id=\"671ad49\" data-element_type=\"container\" data-e-type=\"container\">\n\t\t\t\t<div class=\"elementor-element elementor-element-3b7b4cf elementor-widget elementor-widget-text-editor\" data-id=\"3b7b4cf\" data-element_type=\"widget\" data-e-type=\"widget\" data-widget_type=\"text-editor.default\">\n\t\t\t\t<div class=\"elementor-widget-container\">\n\t\t\t\t\t\t\t\t\t<p>Antes de unirse a EJA, <strong>Fernando<\/strong> fue el primer organizador nacional de campo de la Campa\u00f1a <a href=\"https:\/\/dignityinschools.org\/\">Dignidad en las Escuelas<\/a>, donde apoy\u00f3 a los miembros de la coalici\u00f3n en todo el pa\u00eds para construir un movimiento liderado por los estudiantes y los padres m\u00e1s afectados por la expulsi\u00f3n y la criminalizaci\u00f3n en las escuelas. M\u00e1s recientemente, Fernando actu\u00f3 como aliado de los adultos y apoy\u00f3 el proceso de formaci\u00f3n de la National Youth Alliance for Boys and Men of Color. Nacido en El Salvador, Fernando comenz\u00f3 su carrera de organizador a finales de los 80, organizando grupos de j\u00f3venes en iglesias durante la guerra civil de ese pa\u00eds. Tras trasladarse a Estados Unidos, continu\u00f3 su lucha por la justicia social con organizaciones comunitarias. Fue el primer organizador de la Coalici\u00f3n de Inter\u00e9s Hispano de Alabama (HICA), que luch\u00f3 contra las leyes antiinmigraci\u00f3n. En Nueva Jersey, fund\u00f3 el Paterson Chapter of the Statewide Education Organizing Committee (SEOC), donde organiz\u00f3 a los padres para conseguir la construcci\u00f3n de dos nuevas escuelas para la ciudad de Paterson y el regreso de los programas de M\u00fasica y Artes a las aulas.<\/p>\n\t\t\t\t\t\t\t\t<\/div>\n\t\t\t\t<\/div>\n\t\t\t\t<\/div>\n\t\t\t\t\t<\/div>\n\t\t\t\t<\/div>\n\t\t<div class=\"elementor-element elementor-element-afe43a9 e-flex e-con-boxed e-con e-parent\" data-id=\"afe43a9\" data-element_type=\"container\" data-e-type=\"container\">\n\t\t\t\t\t<div class=\"e-con-inner\">\n\t\t\t\t<div class=\"elementor-element elementor-element-3d22c27 elementor-align-center elementor-mobile-align-right elementor-tablet_extra-align-right elementor-widget elementor-widget-button\" data-id=\"3d22c27\" data-element_type=\"widget\" data-e-type=\"widget\" data-widget_type=\"button.default\">\n\t\t\t\t<div class=\"elementor-widget-container\">\n\t\t\t\t\t\t\t\t\t<div class=\"elementor-button-wrapper\">\n\t\t\t\t\t<a class=\"elementor-button elementor-button-link elementor-size-sm\" href=\"http:\/\/ejanc.org\/es\/quienes-somos\/equipo\/\">\n\t\t\t\t\t\t<span class=\"elementor-button-content-wrapper\">\n\t\t\t\t\t\t\t\t\t<span class=\"elementor-button-text\">Volver a Personal<\/span>\n\t\t\t\t\t<\/span>\n\t\t\t\t\t<\/a>\n\t\t\t\t<\/div>\n\t\t\t\t\t\t\t\t<\/div>\n\t\t\t\t<\/div>\n\t\t\t\t\t<\/div>\n\t\t\t\t<\/div>\n\t\t\t\t<\/div>\n\t\t","protected":false},"excerpt":{"rendered":"<p>Director de Organizaci\u00f3n fernando@ejanc.org Antes de unirse a EJA, Fernando fue el primer organizador nacional de campo de la Campa\u00f1a Dignidad en las Escuelas, donde apoy\u00f3 a los miembros de [&hellip;]<\/p>\n","protected":false},"author":1,"featured_media":0,"parent":3720,"menu_order":0,"comment_status":"closed","ping_status":"closed","template":"","meta":{"_acf_changed":false,"give_campaign_id":0,"inline_featured_image":false,"footnotes":""},"class_list":["post-4524","page","type-page","status-publish","hentry"],"acf":[],"yoast_head":"<!-- This site is optimized with the Yoast SEO plugin v27.0 - https:\/\/yoast.com\/product\/yoast-seo-wordpress\/ -->\n<title>Fernando Mart\u00ednez | Alianza por la Justicia en la Educaci\u00f3n<\/title>\n<meta name=\"robots\" content=\"index, follow, max-snippet:-1, max-image-preview:large, max-video-preview:-1\" \/>\n<link rel=\"canonical\" href=\"https:\/\/ejanc.org\/about\/team\/fernando-martinez\/\" \/>\n<meta property=\"og:locale\" content=\"es_ES\" \/>\n<meta property=\"og:type\" content=\"article\" \/>\n<meta property=\"og:title\" content=\"Fernando Mart\u00ednez | Alianza por la Justicia en la Educaci\u00f3n\" \/>\n<meta property=\"og:description\" content=\"Director de Organizaci\u00f3n fernando@ejanc.org Antes de unirse a EJA, Fernando fue el primer organizador nacional de campo de la Campa\u00f1a Dignidad en las Escuelas, donde apoy\u00f3 a los miembros de [&hellip;]\" \/>\n<meta property=\"og:url\" content=\"https:\/\/ejanc.org\/about\/team\/fernando-martinez\/\" \/>\n<meta property=\"og:site_name\" content=\"Alianza por la Justicia en la Educaci\u00f3n\" \/>\n<meta property=\"article:publisher\" content=\"https:\/\/www.facebook.com\/EJARALEIGHNC\/\" \/>\n<meta property=\"article:modified_time\" content=\"2024-08-12T21:01:22+00:00\" \/>\n<meta property=\"og:image\" content=\"https:\/\/ejanc.org\/wp-content\/uploads\/2023\/10\/FM_profile_work-1024x768.jpg\" \/>\n<meta name=\"twitter:card\" content=\"summary_large_image\" \/>\n<meta name=\"twitter:label1\" content=\"Tiempo de lectura\" \/>\n\t<meta name=\"twitter:data1\" content=\"1 minuto\" \/>\n<script type=\"application\/ld+json\" class=\"yoast-schema-graph\">{\"@context\":\"https:\/\/schema.org\",\"@graph\":[{\"@type\":\"WebPage\",\"@id\":\"https:\/\/ejanc.org\/about\/team\/fernando-martinez\/\",\"url\":\"https:\/\/ejanc.org\/about\/team\/fernando-martinez\/\",\"name\":\"Fernando Mart\u00ednez | Alianza por la Justicia en la Educaci\u00f3n\",\"isPartOf\":{\"@id\":\"https:\/\/ejanc.org\/#website\"},\"primaryImageOfPage\":{\"@id\":\"https:\/\/ejanc.org\/about\/team\/fernando-martinez\/#primaryimage\"},\"image\":{\"@id\":\"https:\/\/ejanc.org\/about\/team\/fernando-martinez\/#primaryimage\"},\"thumbnailUrl\":\"https:\/\/ejanc.org\/wp-content\/uploads\/2023\/10\/FM_profile_work-1024x768.jpg\",\"datePublished\":\"2023-10-10T05:41:24+00:00\",\"dateModified\":\"2024-08-12T21:01:22+00:00\",\"breadcrumb\":{\"@id\":\"https:\/\/ejanc.org\/about\/team\/fernando-martinez\/#breadcrumb\"},\"inLanguage\":\"es\",\"potentialAction\":[{\"@type\":\"ReadAction\",\"target\":[\"https:\/\/ejanc.org\/about\/team\/fernando-martinez\/\"]}]},{\"@type\":\"ImageObject\",\"inLanguage\":\"es\",\"@id\":\"https:\/\/ejanc.org\/about\/team\/fernando-martinez\/#primaryimage\",\"url\":\"https:\/\/ejanc.org\/wp-content\/uploads\/2023\/10\/FM_profile_work-1024x768.jpg\",\"contentUrl\":\"https:\/\/ejanc.org\/wp-content\/uploads\/2023\/10\/FM_profile_work-1024x768.jpg\"},{\"@type\":\"BreadcrumbList\",\"@id\":\"https:\/\/ejanc.org\/about\/team\/fernando-martinez\/#breadcrumb\",\"itemListElement\":[{\"@type\":\"ListItem\",\"position\":1,\"name\":\"Home\",\"item\":\"https:\/\/ejanc.org\/es\/inicio\/\"},{\"@type\":\"ListItem\",\"position\":2,\"name\":\"Qui\u00e9nes Somos\",\"item\":\"https:\/\/ejanc.org\/es\/quienes-somos\/\"},{\"@type\":\"ListItem\",\"position\":3,\"name\":\"Conozca Al Equipo\",\"item\":\"https:\/\/ejanc.org\/es\/quienes-somos\/equipo\/\"},{\"@type\":\"ListItem\",\"position\":4,\"name\":\"Fernando Mart\u00ednez\"}]},{\"@type\":\"WebSite\",\"@id\":\"https:\/\/ejanc.org\/#website\",\"url\":\"https:\/\/ejanc.org\/\",\"name\":\"Alianza por la Justicia en la Educaci\u00f3n\",\"description\":\"\",\"publisher\":{\"@id\":\"https:\/\/ejanc.org\/#organization\"},\"potentialAction\":[{\"@type\":\"SearchAction\",\"target\":{\"@type\":\"EntryPoint\",\"urlTemplate\":\"https:\/\/ejanc.org\/?s={search_term_string}\"},\"query-input\":{\"@type\":\"PropertyValueSpecification\",\"valueRequired\":true,\"valueName\":\"search_term_string\"}}],\"inLanguage\":\"es\"},{\"@type\":\"Organization\",\"@id\":\"https:\/\/ejanc.org\/#organization\",\"name\":\"Alianza por la Justicia en la Educaci\u00f3n\",\"url\":\"https:\/\/ejanc.org\/\",\"logo\":{\"@type\":\"ImageObject\",\"inLanguage\":\"es\",\"@id\":\"https:\/\/ejanc.org\/#\/schema\/logo\/image\/\",\"url\":\"https:\/\/ejanc.org\/wp-content\/uploads\/2023\/10\/logo.png\",\"contentUrl\":\"https:\/\/ejanc.org\/wp-content\/uploads\/2023\/10\/logo.png\",\"width\":129,\"height\":132,\"caption\":\"Alianza por la Justicia en la Educaci\u00f3n\"},\"image\":{\"@id\":\"https:\/\/ejanc.org\/#\/schema\/logo\/image\/\"},\"sameAs\":[\"https:\/\/www.facebook.com\/EJARALEIGHNC\/\",\"https:\/\/www.instagram.com\/ejaraleighnc\/\",\"https:\/\/www.linkedin.com\/company\/ejaraleighnc\/about\/\",\"https:\/\/www.youtube.com\/@educationjusticealliance8063\"]}]}<\/script>\n<!-- \/ Yoast SEO plugin. -->","yoast_head_json":{"title":"Fernando Mart\u00ednez | Alianza por la Justicia en la Educaci\u00f3n","robots":{"index":"index","follow":"follow","max-snippet":"max-snippet:-1","max-image-preview":"max-image-preview:large","max-video-preview":"max-video-preview:-1"},"canonical":"https:\/\/ejanc.org\/about\/team\/fernando-martinez\/","og_locale":"es_ES","og_type":"article","og_title":"Fernando Mart\u00ednez | Alianza por la Justicia en la Educaci\u00f3n","og_description":"Director de Organizaci\u00f3n fernando@ejanc.org Antes de unirse a EJA, Fernando fue el primer organizador nacional de campo de la Campa\u00f1a Dignidad en las Escuelas, donde apoy\u00f3 a los miembros de [&hellip;]","og_url":"https:\/\/ejanc.org\/about\/team\/fernando-martinez\/","og_site_name":"Alianza por la Justicia en la Educaci\u00f3n","article_publisher":"https:\/\/www.facebook.com\/EJARALEIGHNC\/","article_modified_time":"2024-08-12T21:01:22+00:00","og_image":[{"url":"https:\/\/ejanc.org\/wp-content\/uploads\/2023\/10\/FM_profile_work-1024x768.jpg","type":"","width":"","height":""}],"twitter_card":"summary_large_image","twitter_misc":{"Tiempo de lectura":"1 minuto"},"schema":{"@context":"https:\/\/schema.org","@graph":[{"@type":"WebPage","@id":"https:\/\/ejanc.org\/about\/team\/fernando-martinez\/","url":"https:\/\/ejanc.org\/about\/team\/fernando-martinez\/","name":"Fernando Mart\u00ednez | Alianza por la Justicia en la Educaci\u00f3n","isPartOf":{"@id":"https:\/\/ejanc.org\/#website"},"primaryImageOfPage":{"@id":"https:\/\/ejanc.org\/about\/team\/fernando-martinez\/#primaryimage"},"image":{"@id":"https:\/\/ejanc.org\/about\/team\/fernando-martinez\/#primaryimage"},"thumbnailUrl":"https:\/\/ejanc.org\/wp-content\/uploads\/2023\/10\/FM_profile_work-1024x768.jpg","datePublished":"2023-10-10T05:41:24+00:00","dateModified":"2024-08-12T21:01:22+00:00","breadcrumb":{"@id":"https:\/\/ejanc.org\/about\/team\/fernando-martinez\/#breadcrumb"},"inLanguage":"es","potentialAction":[{"@type":"ReadAction","target":["https:\/\/ejanc.org\/about\/team\/fernando-martinez\/"]}]},{"@type":"ImageObject","inLanguage":"es","@id":"https:\/\/ejanc.org\/about\/team\/fernando-martinez\/#primaryimage","url":"https:\/\/ejanc.org\/wp-content\/uploads\/2023\/10\/FM_profile_work-1024x768.jpg","contentUrl":"https:\/\/ejanc.org\/wp-content\/uploads\/2023\/10\/FM_profile_work-1024x768.jpg"},{"@type":"BreadcrumbList","@id":"https:\/\/ejanc.org\/about\/team\/fernando-martinez\/#breadcrumb","itemListElement":[{"@type":"ListItem","position":1,"name":"Home","item":"https:\/\/ejanc.org\/es\/inicio\/"},{"@type":"ListItem","position":2,"name":"Qui\u00e9nes Somos","item":"https:\/\/ejanc.org\/es\/quienes-somos\/"},{"@type":"ListItem","position":3,"name":"Conozca Al Equipo","item":"https:\/\/ejanc.org\/es\/quienes-somos\/equipo\/"},{"@type":"ListItem","position":4,"name":"Fernando Mart\u00ednez"}]},{"@type":"WebSite","@id":"https:\/\/ejanc.org\/#website","url":"https:\/\/ejanc.org\/","name":"Alianza por la Justicia en la Educaci\u00f3n","description":"","publisher":{"@id":"https:\/\/ejanc.org\/#organization"},"potentialAction":[{"@type":"SearchAction","target":{"@type":"EntryPoint","urlTemplate":"https:\/\/ejanc.org\/?s={search_term_string}"},"query-input":{"@type":"PropertyValueSpecification","valueRequired":true,"valueName":"search_term_string"}}],"inLanguage":"es"},{"@type":"Organization","@id":"https:\/\/ejanc.org\/#organization","name":"Alianza por la Justicia en la Educaci\u00f3n","url":"https:\/\/ejanc.org\/","logo":{"@type":"ImageObject","inLanguage":"es","@id":"https:\/\/ejanc.org\/#\/schema\/logo\/image\/","url":"https:\/\/ejanc.org\/wp-content\/uploads\/2023\/10\/logo.png","contentUrl":"https:\/\/ejanc.org\/wp-content\/uploads\/2023\/10\/logo.png","width":129,"height":132,"caption":"Alianza por la Justicia en la Educaci\u00f3n"},"image":{"@id":"https:\/\/ejanc.org\/#\/schema\/logo\/image\/"},"sameAs":["https:\/\/www.facebook.com\/EJARALEIGHNC\/","https:\/\/www.instagram.com\/ejaraleighnc\/","https:\/\/www.linkedin.com\/company\/ejaraleighnc\/about\/","https:\/\/www.youtube.com\/@educationjusticealliance8063"]}]}},"campaignId":"","_links":{"self":[{"href":"https:\/\/ejanc.org\/es\/wp-json\/wp\/v2\/pages\/4524","targetHints":{"allow":["GET"]}}],"collection":[{"href":"https:\/\/ejanc.org\/es\/wp-json\/wp\/v2\/pages"}],"about":[{"href":"https:\/\/ejanc.org\/es\/wp-json\/wp\/v2\/types\/page"}],"author":[{"embeddable":true,"href":"https:\/\/ejanc.org\/es\/wp-json\/wp\/v2\/users\/1"}],"replies":[{"embeddable":true,"href":"https:\/\/ejanc.org\/es\/wp-json\/wp\/v2\/comments?post=4524"}],"version-history":[{"count":3,"href":"https:\/\/ejanc.org\/es\/wp-json\/wp\/v2\/pages\/4524\/revisions"}],"predecessor-version":[{"id":5422,"href":"https:\/\/ejanc.org\/es\/wp-json\/wp\/v2\/pages\/4524\/revisions\/5422"}],"up":[{"embeddable":true,"href":"https:\/\/ejanc.org\/es\/wp-json\/wp\/v2\/pages\/3720"}],"wp:attachment":[{"href":"https:\/\/ejanc.org\/es\/wp-json\/wp\/v2\/media?parent=4524"}],"curies":[{"name":"wp","href":"https:\/\/api.w.org\/{rel}","templated":true}]}}