{"id":5220,"date":"2023-10-14T19:03:51","date_gmt":"2023-10-14T23:03:51","guid":{"rendered":"https:\/\/ejanc.org\/quejas-de-los-oficiales-en-las-escuelas\/"},"modified":"2024-08-09T10:53:25","modified_gmt":"2024-08-09T14:53:25","slug":"quejas-de-los-oficiales-en-las-escuelas","status":"publish","type":"page","link":"https:\/\/ejanc.org\/es\/quejas-de-los-oficiales-en-las-escuelas\/","title":{"rendered":"Quejas de los Oficiales en las Escuelas"},"content":{"rendered":"\t\t<div data-elementor-type=\"wp-page\" data-elementor-id=\"5220\" class=\"elementor elementor-5220 elementor-4747\" data-elementor-post-type=\"page\">\n\t\t\t\t<div class=\"elementor-element elementor-element-1cdccf6 e-flex e-con-boxed e-con e-parent\" data-id=\"1cdccf6\" data-element_type=\"container\" data-e-type=\"container\">\n\t\t\t\t\t<div class=\"e-con-inner\">\n\t\t<div class=\"elementor-element elementor-element-2f65808 e-con-full e-flex e-con e-child\" data-id=\"2f65808\" data-element_type=\"container\" data-e-type=\"container\">\n\t\t\t\t<div class=\"elementor-element elementor-element-925a20d elementor-widget elementor-widget-text-editor\" data-id=\"925a20d\" data-element_type=\"widget\" data-e-type=\"widget\" data-widget_type=\"text-editor.default\">\n\t\t\t\t<div class=\"elementor-widget-container\">\n\t\t\t\t\t\t\t\t\t<p><span style=\"font-weight: 400;\">\u00bfHas sido perjudicado o maltratado por agentes de la polic\u00eda escolar o guardias de seguridad? EJA y las organizaciones asociadas quieren proveer a los estudiantes y a los padres el apoyo necesario para presentar y supervisar las denuncias formales contra los agentes de polic\u00eda escolar y los guardias de seguridad escolar que violan sus derechos y da\u00f1an a los estudiantes mientras asisten a la escuela o participan en actividades relacionadas con la escuela.<\/span><\/p>\n<p><span style=\"font-weight: 400;\">Se pueden presentar quejas formales contra la polic\u00eda escolar y los guardias de seguridad por muchos motivos, incluyendo:<\/span><\/p>\n<ul>\n<li style=\"font-weight: 400;\" aria-level=\"1\"><span style=\"font-weight: 400;\">Uso de la fuerza (empujones, placajes, uso de spray de pimienta o pistola el\u00e9ctrica, pu\u00f1etazos, estrangulamientos, etc.)<\/span><\/li>\n<li style=\"font-weight: 400;\" aria-level=\"1\"><span style=\"font-weight: 400;\">Acoso<\/span><\/li>\n<li style=\"font-weight: 400;\" aria-level=\"1\"><span style=\"font-weight: 400;\">Discriminaci\u00f3n<\/span><\/li>\n<li style=\"font-weight: 400;\" aria-level=\"1\"><span style=\"font-weight: 400;\">Represalias<\/span><\/li>\n<li style=\"font-weight: 400;\" aria-level=\"1\"><span style=\"font-weight: 400;\">Violaci\u00f3n de la pol\u00edtica escolar<\/span><\/li>\n<li style=\"font-weight: 400;\" aria-level=\"1\"><span style=\"font-weight: 400;\">Trato insultante, degradante o humillante<\/span><\/li>\n<li style=\"font-weight: 400;\" aria-level=\"1\"><span style=\"font-weight: 400;\">Cualquier otro comportamiento inadecuado o perjudicial<\/span><\/li>\n<\/ul><div><br><\/div>\n<p><span style=\"font-weight: 400;\">Si crees que un agente de polic\u00eda escolar y\/o un guardia de seguridad escolar ha violado tus derechos, ponte en contacto con nosotros en <\/span><a href=\"mailto:SROComplaints@ejanc.org\"><span style=\"font-weight: 400;\">SROComplaints@ejanc.org<\/span><\/a><span style=\"font-weight: 400;\"> para solicitar apoyo en la preparaci\u00f3n y presentaci\u00f3n de tu denuncia.&nbsp;<\/span><\/p>\n<p><span style=\"font-weight: 400;\">Puedes encontrar m\u00e1s informaci\u00f3n sobre c\u00f3mo presentar una denuncia por tu cuenta aqu\u00ed: <\/span><a href=\"https:\/\/policefreeschools.org\/resources\/ap-sro-complaint-toolkit\/\" target=\"_blank\" rel=\"noopener\"><span style=\"font-weight: 400;\">https:\/\/policefreeschools.org\/resources\/ap-sro-complaint-toolkit\/<\/span><\/a><span style=\"font-weight: 400;\">.<\/span><\/p>\n<p><span style=\"font-weight: 400;\">Esta informaci\u00f3n general sobre c\u00f3mo presentar una queja tiene fines educativos para quienes deseen presentar denuncias ante el distrito escolar o el departamento de polic\u00eda contra agentes de polic\u00eda escolar y guardias de seguridad escolar. Si busca asesoramiento legal o desea presentar una demanda ante un tribunal, debe ponerse en contacto con un abogado local.<\/span><\/p>\t\t\t\t\t\t\t\t<\/div>\n\t\t\t\t<\/div>\n\t\t\t\t<div class=\"elementor-element elementor-element-2bf43cb elementor-widget-divider--view-line elementor-widget elementor-widget-divider\" data-id=\"2bf43cb\" data-element_type=\"widget\" data-e-type=\"widget\" data-widget_type=\"divider.default\">\n\t\t\t\t<div class=\"elementor-widget-container\">\n\t\t\t\t\t\t\t<div class=\"elementor-divider\">\n\t\t\t<span class=\"elementor-divider-separator\">\n\t\t\t\t\t\t<\/span>\n\t\t<\/div>\n\t\t\t\t\t\t<\/div>\n\t\t\t\t<\/div>\n\t\t<div class=\"elementor-element elementor-element-6b3acfd e-flex e-con-boxed e-con e-child\" data-id=\"6b3acfd\" data-element_type=\"container\" data-e-type=\"container\">\n\t\t\t\t\t<div class=\"e-con-inner\">\n\t\t<div class=\"elementor-element elementor-element-4373d4f e-con-full e-flex e-con e-child\" data-id=\"4373d4f\" data-element_type=\"container\" data-e-type=\"container\">\n\t\t\t\t<div class=\"elementor-element elementor-element-e08f8be elementor-widget elementor-widget-text-editor\" data-id=\"e08f8be\" data-element_type=\"widget\" data-e-type=\"widget\" data-widget_type=\"text-editor.default\">\n\t\t\t\t<div class=\"elementor-widget-container\">\n\t\t\t\t\t\t\t\t\t<p>Si cree que un agente de polic\u00eda escolar y\/o un guardia de seguridad escolar ha violado sus derechos, haga clic aqu\u00ed:<\/p>\n\t\t\t\t\t\t\t\t<\/div>\n\t\t\t\t<\/div>\n\t\t\t\t<div class=\"elementor-element elementor-element-2e4923b elementor-align-center elementor-widget elementor-widget-button\" data-id=\"2e4923b\" data-element_type=\"widget\" data-e-type=\"widget\" data-widget_type=\"button.default\">\n\t\t\t\t<div class=\"elementor-widget-container\">\n\t\t\t\t\t\t\t\t\t<div class=\"elementor-button-wrapper\">\n\t\t\t\t\t<a class=\"elementor-button elementor-button-link elementor-size-sm\" href=\"http:\/\/ejanc.org\/sro-complaints-form\/\">\n\t\t\t\t\t\t<span class=\"elementor-button-content-wrapper\">\n\t\t\t\t\t\t\t\t\t<span class=\"elementor-button-text\">Presentar una queja de SRO<\/span>\n\t\t\t\t\t<\/span>\n\t\t\t\t\t<\/a>\n\t\t\t\t<\/div>\n\t\t\t\t\t\t\t\t<\/div>\n\t\t\t\t<\/div>\n\t\t\t\t<\/div>\n\t\t<div class=\"elementor-element elementor-element-c944baa e-con-full e-flex e-con e-child\" data-id=\"c944baa\" data-element_type=\"container\" data-e-type=\"container\">\n\t\t\t\t<div class=\"elementor-element elementor-element-bd8aa25 elementor-widget elementor-widget-text-editor\" data-id=\"bd8aa25\" data-element_type=\"widget\" data-e-type=\"widget\" data-widget_type=\"text-editor.default\">\n\t\t\t\t<div class=\"elementor-widget-container\">\n\t\t\t\t\t\t\t\t\t<p>Si desea recibir presentaci\u00f3n sobre los derechos de los padres sobre agentes de polic\u00eda escolar (SROs), haga clic aqu\u00ed: <\/p>\n\t\t\t\t\t\t\t\t<\/div>\n\t\t\t\t<\/div>\n\t\t\t\t<div class=\"elementor-element elementor-element-f119cf3 elementor-align-center elementor-widget elementor-widget-button\" data-id=\"f119cf3\" data-element_type=\"widget\" data-e-type=\"widget\" data-widget_type=\"button.default\">\n\t\t\t\t<div class=\"elementor-widget-container\">\n\t\t\t\t\t\t\t\t\t<div class=\"elementor-button-wrapper\">\n\t\t\t\t\t<a class=\"elementor-button elementor-button-link elementor-size-sm\" href=\"http:\/\/ejanc.org\/request-know-your-rights-form\/\">\n\t\t\t\t\t\t<span class=\"elementor-button-content-wrapper\">\n\t\t\t\t\t\t\t\t\t<span class=\"elementor-button-text\">Solicite una presentaci\u00f3n para conocer sus derechos<\/span>\n\t\t\t\t\t<\/span>\n\t\t\t\t\t<\/a>\n\t\t\t\t<\/div>\n\t\t\t\t\t\t\t\t<\/div>\n\t\t\t\t<\/div>\n\t\t\t\t<\/div>\n\t\t\t\t\t<\/div>\n\t\t\t\t<\/div>\n\t\t\t\t<\/div>\n\t\t\t\t\t<\/div>\n\t\t\t\t<\/div>\n\t\t<div class=\"elementor-element elementor-element-ce81d94 e-flex e-con-boxed e-con e-parent\" data-id=\"ce81d94\" data-element_type=\"container\" data-e-type=\"container\">\n\t\t\t\t\t<div class=\"e-con-inner\">\n\t\t\t\t<div class=\"elementor-element elementor-element-523dc68 elementor-widget-divider--view-line elementor-widget elementor-widget-divider\" data-id=\"523dc68\" data-element_type=\"widget\" data-e-type=\"widget\" data-widget_type=\"divider.default\">\n\t\t\t\t<div class=\"elementor-widget-container\">\n\t\t\t\t\t\t\t<div class=\"elementor-divider\">\n\t\t\t<span class=\"elementor-divider-separator\">\n\t\t\t\t\t\t<\/span>\n\t\t<\/div>\n\t\t\t\t\t\t<\/div>\n\t\t\t\t<\/div>\n\t\t\t\t<div class=\"elementor-element elementor-element-0346873 elementor-widget elementor-widget-heading\" data-id=\"0346873\" data-element_type=\"widget\" data-e-type=\"widget\" data-widget_type=\"heading.default\">\n\t\t\t\t<div class=\"elementor-widget-container\">\n\t\t\t\t\t<h1 class=\"elementor-heading-title elementor-size-default\">Colaboradores<\/h1>\t\t\t\t<\/div>\n\t\t\t\t<\/div>\n\t\t<div class=\"elementor-element elementor-element-99a29a9 e-flex e-con-boxed e-con e-child\" data-id=\"99a29a9\" data-element_type=\"container\" data-e-type=\"container\">\n\t\t\t\t\t<div class=\"e-con-inner\">\n\t\t\t\t<div class=\"elementor-element elementor-element-1dddc55 elementor-widget__width-auto elementor-widget elementor-widget-image\" data-id=\"1dddc55\" data-element_type=\"widget\" data-e-type=\"widget\" data-widget_type=\"image.default\">\n\t\t\t\t<div class=\"elementor-widget-container\">\n\t\t\t\t\t\t\t\t\t\t\t\t\t\t\t<img fetchpriority=\"high\" decoding=\"async\" width=\"800\" height=\"318\" src=\"https:\/\/ejanc.org\/wp-content\/uploads\/2023\/10\/ADVP_Logo_RGB-1024x407.png\" class=\"attachment-large size-large wp-image-4893\" alt=\"\" srcset=\"https:\/\/ejanc.org\/wp-content\/uploads\/2023\/10\/ADVP_Logo_RGB-1024x407.png 1024w, https:\/\/ejanc.org\/wp-content\/uploads\/2023\/10\/ADVP_Logo_RGB-300x119.png 300w, https:\/\/ejanc.org\/wp-content\/uploads\/2023\/10\/ADVP_Logo_RGB-768x305.png 768w, https:\/\/ejanc.org\/wp-content\/uploads\/2023\/10\/ADVP_Logo_RGB-1536x610.png 1536w, https:\/\/ejanc.org\/wp-content\/uploads\/2023\/10\/ADVP_Logo_RGB.png 1729w\" sizes=\"(max-width: 800px) 100vw, 800px\" \/>\t\t\t\t\t\t\t\t\t\t\t\t\t\t\t<\/div>\n\t\t\t\t<\/div>\n\t\t\t\t<div class=\"elementor-element elementor-element-46325e3 elementor-widget__width-auto elementor-widget elementor-widget-image\" data-id=\"46325e3\" data-element_type=\"widget\" data-e-type=\"widget\" data-widget_type=\"image.default\">\n\t\t\t\t<div class=\"elementor-widget-container\">\n\t\t\t\t\t\t\t\t\t\t\t\t\t\t\t<img decoding=\"async\" width=\"404\" height=\"125\" src=\"https:\/\/ejanc.org\/wp-content\/uploads\/2023\/10\/Emancipate-NC-Logo-2.png\" class=\"attachment-large size-large wp-image-4895\" alt=\"\" srcset=\"https:\/\/ejanc.org\/wp-content\/uploads\/2023\/10\/Emancipate-NC-Logo-2.png 404w, https:\/\/ejanc.org\/wp-content\/uploads\/2023\/10\/Emancipate-NC-Logo-2-300x93.png 300w\" sizes=\"(max-width: 404px) 100vw, 404px\" \/>\t\t\t\t\t\t\t\t\t\t\t\t\t\t\t<\/div>\n\t\t\t\t<\/div>\n\t\t\t\t<div class=\"elementor-element elementor-element-94022b9 elementor-widget__width-auto elementor-widget elementor-widget-image\" data-id=\"94022b9\" data-element_type=\"widget\" data-e-type=\"widget\" data-widget_type=\"image.default\">\n\t\t\t\t<div class=\"elementor-widget-container\">\n\t\t\t\t\t\t\t\t\t\t\t\t\t\t\t<img decoding=\"async\" width=\"658\" height=\"180\" src=\"https:\/\/ejanc.org\/wp-content\/uploads\/2023\/10\/png-1.png\" class=\"attachment-large size-large wp-image-4954\" alt=\"\" srcset=\"https:\/\/ejanc.org\/wp-content\/uploads\/2023\/10\/png-1.png 658w, https:\/\/ejanc.org\/wp-content\/uploads\/2023\/10\/png-1-300x82.png 300w\" sizes=\"(max-width: 658px) 100vw, 658px\" \/>\t\t\t\t\t\t\t\t\t\t\t\t\t\t\t<\/div>\n\t\t\t\t<\/div>\n\t\t\t\t\t<\/div>\n\t\t\t\t<\/div>\n\t\t\t\t\t<\/div>\n\t\t\t\t<\/div>\n\t\t\t\t<\/div>\n\t\t","protected":false},"excerpt":{"rendered":"<p>\u00bfHas sido perjudicado o maltratado por agentes de la polic\u00eda escolar o guardias de seguridad? EJA y las organizaciones asociadas quieren proveer a los estudiantes y a los padres el [&hellip;]<\/p>\n","protected":false},"author":1,"featured_media":4754,"parent":0,"menu_order":0,"comment_status":"closed","ping_status":"closed","template":"","meta":{"_acf_changed":false,"give_campaign_id":0,"inline_featured_image":false,"footnotes":""},"class_list":["post-5220","page","type-page","status-publish","has-post-thumbnail","hentry"],"acf":[],"yoast_head":"<!-- This site is optimized with the Yoast SEO plugin v27.0 - https:\/\/yoast.com\/product\/yoast-seo-wordpress\/ -->\n<title>Quejas de los Oficiales en las Escuelas | Alianza por la Justicia en la Educaci\u00f3n<\/title>\n<meta name=\"robots\" content=\"index, follow, max-snippet:-1, max-image-preview:large, max-video-preview:-1\" \/>\n<link rel=\"canonical\" href=\"https:\/\/ejanc.org\/es\/quejas-de-los-oficiales-en-las-escuelas\/\" \/>\n<meta property=\"og:locale\" content=\"es_ES\" \/>\n<meta property=\"og:type\" content=\"article\" \/>\n<meta property=\"og:title\" content=\"Quejas de los Oficiales en las Escuelas | Alianza por la Justicia en la Educaci\u00f3n\" \/>\n<meta property=\"og:description\" content=\"\u00bfHas sido perjudicado o maltratado por agentes de la polic\u00eda escolar o guardias de seguridad? EJA y las organizaciones asociadas quieren proveer a los estudiantes y a los padres el [&hellip;]\" \/>\n<meta property=\"og:url\" content=\"https:\/\/ejanc.org\/es\/quejas-de-los-oficiales-en-las-escuelas\/\" \/>\n<meta property=\"og:site_name\" content=\"Alianza por la Justicia en la Educaci\u00f3n\" \/>\n<meta property=\"article:publisher\" content=\"https:\/\/www.facebook.com\/EJARALEIGHNC\/\" \/>\n<meta property=\"article:modified_time\" content=\"2024-08-09T14:53:25+00:00\" \/>\n<meta property=\"og:image\" content=\"https:\/\/ejanc.org\/wp-content\/uploads\/2023\/10\/EBFAD4AA-C7CB-481D-976A-98A659F25AE4-Ramiyah-1-scaled.jpeg\" \/>\n\t<meta property=\"og:image:width\" content=\"2560\" \/>\n\t<meta property=\"og:image:height\" content=\"1920\" \/>\n\t<meta property=\"og:image:type\" content=\"image\/jpeg\" \/>\n<meta name=\"twitter:card\" content=\"summary_large_image\" \/>\n<meta name=\"twitter:label1\" content=\"Tiempo de lectura\" \/>\n\t<meta name=\"twitter:data1\" content=\"2 minutos\" \/>\n<script type=\"application\/ld+json\" class=\"yoast-schema-graph\">{\"@context\":\"https:\/\/schema.org\",\"@graph\":[{\"@type\":\"WebPage\",\"@id\":\"https:\/\/ejanc.org\/es\/quejas-de-los-oficiales-en-las-escuelas\/\",\"url\":\"https:\/\/ejanc.org\/es\/quejas-de-los-oficiales-en-las-escuelas\/\",\"name\":\"Quejas de los Oficiales en las Escuelas | Alianza por la Justicia en la Educaci\u00f3n\",\"isPartOf\":{\"@id\":\"https:\/\/ejanc.org\/#website\"},\"primaryImageOfPage\":{\"@id\":\"https:\/\/ejanc.org\/es\/quejas-de-los-oficiales-en-las-escuelas\/#primaryimage\"},\"image\":{\"@id\":\"https:\/\/ejanc.org\/es\/quejas-de-los-oficiales-en-las-escuelas\/#primaryimage\"},\"thumbnailUrl\":\"https:\/\/ejanc.org\/wp-content\/uploads\/2023\/10\/EBFAD4AA-C7CB-481D-976A-98A659F25AE4-Ramiyah-1-scaled.jpeg\",\"datePublished\":\"2023-10-14T23:03:51+00:00\",\"dateModified\":\"2024-08-09T14:53:25+00:00\",\"breadcrumb\":{\"@id\":\"https:\/\/ejanc.org\/es\/quejas-de-los-oficiales-en-las-escuelas\/#breadcrumb\"},\"inLanguage\":\"es\",\"potentialAction\":[{\"@type\":\"ReadAction\",\"target\":[\"https:\/\/ejanc.org\/es\/quejas-de-los-oficiales-en-las-escuelas\/\"]}]},{\"@type\":\"ImageObject\",\"inLanguage\":\"es\",\"@id\":\"https:\/\/ejanc.org\/es\/quejas-de-los-oficiales-en-las-escuelas\/#primaryimage\",\"url\":\"https:\/\/ejanc.org\/wp-content\/uploads\/2023\/10\/EBFAD4AA-C7CB-481D-976A-98A659F25AE4-Ramiyah-1-scaled.jpeg\",\"contentUrl\":\"https:\/\/ejanc.org\/wp-content\/uploads\/2023\/10\/EBFAD4AA-C7CB-481D-976A-98A659F25AE4-Ramiyah-1-scaled.jpeg\",\"width\":2560,\"height\":1920},{\"@type\":\"BreadcrumbList\",\"@id\":\"https:\/\/ejanc.org\/es\/quejas-de-los-oficiales-en-las-escuelas\/#breadcrumb\",\"itemListElement\":[{\"@type\":\"ListItem\",\"position\":1,\"name\":\"Home\",\"item\":\"https:\/\/ejanc.org\/es\/inicio\/\"},{\"@type\":\"ListItem\",\"position\":2,\"name\":\"Quejas de los Oficiales en las Escuelas\"}]},{\"@type\":\"WebSite\",\"@id\":\"https:\/\/ejanc.org\/#website\",\"url\":\"https:\/\/ejanc.org\/\",\"name\":\"Alianza por la Justicia en la Educaci\u00f3n\",\"description\":\"\",\"publisher\":{\"@id\":\"https:\/\/ejanc.org\/#organization\"},\"potentialAction\":[{\"@type\":\"SearchAction\",\"target\":{\"@type\":\"EntryPoint\",\"urlTemplate\":\"https:\/\/ejanc.org\/?s={search_term_string}\"},\"query-input\":{\"@type\":\"PropertyValueSpecification\",\"valueRequired\":true,\"valueName\":\"search_term_string\"}}],\"inLanguage\":\"es\"},{\"@type\":\"Organization\",\"@id\":\"https:\/\/ejanc.org\/#organization\",\"name\":\"Alianza por la Justicia en la Educaci\u00f3n\",\"url\":\"https:\/\/ejanc.org\/\",\"logo\":{\"@type\":\"ImageObject\",\"inLanguage\":\"es\",\"@id\":\"https:\/\/ejanc.org\/#\/schema\/logo\/image\/\",\"url\":\"https:\/\/ejanc.org\/wp-content\/uploads\/2023\/10\/logo.png\",\"contentUrl\":\"https:\/\/ejanc.org\/wp-content\/uploads\/2023\/10\/logo.png\",\"width\":129,\"height\":132,\"caption\":\"Alianza por la Justicia en la Educaci\u00f3n\"},\"image\":{\"@id\":\"https:\/\/ejanc.org\/#\/schema\/logo\/image\/\"},\"sameAs\":[\"https:\/\/www.facebook.com\/EJARALEIGHNC\/\",\"https:\/\/www.instagram.com\/ejaraleighnc\/\",\"https:\/\/www.linkedin.com\/company\/ejaraleighnc\/about\/\",\"https:\/\/www.youtube.com\/@educationjusticealliance8063\"]}]}<\/script>\n<!-- \/ Yoast SEO plugin. -->","yoast_head_json":{"title":"Quejas de los Oficiales en las Escuelas | Alianza por la Justicia en la Educaci\u00f3n","robots":{"index":"index","follow":"follow","max-snippet":"max-snippet:-1","max-image-preview":"max-image-preview:large","max-video-preview":"max-video-preview:-1"},"canonical":"https:\/\/ejanc.org\/es\/quejas-de-los-oficiales-en-las-escuelas\/","og_locale":"es_ES","og_type":"article","og_title":"Quejas de los Oficiales en las Escuelas | Alianza por la Justicia en la Educaci\u00f3n","og_description":"\u00bfHas sido perjudicado o maltratado por agentes de la polic\u00eda escolar o guardias de seguridad? EJA y las organizaciones asociadas quieren proveer a los estudiantes y a los padres el [&hellip;]","og_url":"https:\/\/ejanc.org\/es\/quejas-de-los-oficiales-en-las-escuelas\/","og_site_name":"Alianza por la Justicia en la Educaci\u00f3n","article_publisher":"https:\/\/www.facebook.com\/EJARALEIGHNC\/","article_modified_time":"2024-08-09T14:53:25+00:00","og_image":[{"width":2560,"height":1920,"url":"https:\/\/ejanc.org\/wp-content\/uploads\/2023\/10\/EBFAD4AA-C7CB-481D-976A-98A659F25AE4-Ramiyah-1-scaled.jpeg","type":"image\/jpeg"}],"twitter_card":"summary_large_image","twitter_misc":{"Tiempo de lectura":"2 minutos"},"schema":{"@context":"https:\/\/schema.org","@graph":[{"@type":"WebPage","@id":"https:\/\/ejanc.org\/es\/quejas-de-los-oficiales-en-las-escuelas\/","url":"https:\/\/ejanc.org\/es\/quejas-de-los-oficiales-en-las-escuelas\/","name":"Quejas de los Oficiales en las Escuelas | Alianza por la Justicia en la Educaci\u00f3n","isPartOf":{"@id":"https:\/\/ejanc.org\/#website"},"primaryImageOfPage":{"@id":"https:\/\/ejanc.org\/es\/quejas-de-los-oficiales-en-las-escuelas\/#primaryimage"},"image":{"@id":"https:\/\/ejanc.org\/es\/quejas-de-los-oficiales-en-las-escuelas\/#primaryimage"},"thumbnailUrl":"https:\/\/ejanc.org\/wp-content\/uploads\/2023\/10\/EBFAD4AA-C7CB-481D-976A-98A659F25AE4-Ramiyah-1-scaled.jpeg","datePublished":"2023-10-14T23:03:51+00:00","dateModified":"2024-08-09T14:53:25+00:00","breadcrumb":{"@id":"https:\/\/ejanc.org\/es\/quejas-de-los-oficiales-en-las-escuelas\/#breadcrumb"},"inLanguage":"es","potentialAction":[{"@type":"ReadAction","target":["https:\/\/ejanc.org\/es\/quejas-de-los-oficiales-en-las-escuelas\/"]}]},{"@type":"ImageObject","inLanguage":"es","@id":"https:\/\/ejanc.org\/es\/quejas-de-los-oficiales-en-las-escuelas\/#primaryimage","url":"https:\/\/ejanc.org\/wp-content\/uploads\/2023\/10\/EBFAD4AA-C7CB-481D-976A-98A659F25AE4-Ramiyah-1-scaled.jpeg","contentUrl":"https:\/\/ejanc.org\/wp-content\/uploads\/2023\/10\/EBFAD4AA-C7CB-481D-976A-98A659F25AE4-Ramiyah-1-scaled.jpeg","width":2560,"height":1920},{"@type":"BreadcrumbList","@id":"https:\/\/ejanc.org\/es\/quejas-de-los-oficiales-en-las-escuelas\/#breadcrumb","itemListElement":[{"@type":"ListItem","position":1,"name":"Home","item":"https:\/\/ejanc.org\/es\/inicio\/"},{"@type":"ListItem","position":2,"name":"Quejas de los Oficiales en las Escuelas"}]},{"@type":"WebSite","@id":"https:\/\/ejanc.org\/#website","url":"https:\/\/ejanc.org\/","name":"Alianza por la Justicia en la Educaci\u00f3n","description":"","publisher":{"@id":"https:\/\/ejanc.org\/#organization"},"potentialAction":[{"@type":"SearchAction","target":{"@type":"EntryPoint","urlTemplate":"https:\/\/ejanc.org\/?s={search_term_string}"},"query-input":{"@type":"PropertyValueSpecification","valueRequired":true,"valueName":"search_term_string"}}],"inLanguage":"es"},{"@type":"Organization","@id":"https:\/\/ejanc.org\/#organization","name":"Alianza por la Justicia en la Educaci\u00f3n","url":"https:\/\/ejanc.org\/","logo":{"@type":"ImageObject","inLanguage":"es","@id":"https:\/\/ejanc.org\/#\/schema\/logo\/image\/","url":"https:\/\/ejanc.org\/wp-content\/uploads\/2023\/10\/logo.png","contentUrl":"https:\/\/ejanc.org\/wp-content\/uploads\/2023\/10\/logo.png","width":129,"height":132,"caption":"Alianza por la Justicia en la Educaci\u00f3n"},"image":{"@id":"https:\/\/ejanc.org\/#\/schema\/logo\/image\/"},"sameAs":["https:\/\/www.facebook.com\/EJARALEIGHNC\/","https:\/\/www.instagram.com\/ejaraleighnc\/","https:\/\/www.linkedin.com\/company\/ejaraleighnc\/about\/","https:\/\/www.youtube.com\/@educationjusticealliance8063"]}]}},"campaignId":"","_links":{"self":[{"href":"https:\/\/ejanc.org\/es\/wp-json\/wp\/v2\/pages\/5220","targetHints":{"allow":["GET"]}}],"collection":[{"href":"https:\/\/ejanc.org\/es\/wp-json\/wp\/v2\/pages"}],"about":[{"href":"https:\/\/ejanc.org\/es\/wp-json\/wp\/v2\/types\/page"}],"author":[{"embeddable":true,"href":"https:\/\/ejanc.org\/es\/wp-json\/wp\/v2\/users\/1"}],"replies":[{"embeddable":true,"href":"https:\/\/ejanc.org\/es\/wp-json\/wp\/v2\/comments?post=5220"}],"version-history":[{"count":1,"href":"https:\/\/ejanc.org\/es\/wp-json\/wp\/v2\/pages\/5220\/revisions"}],"predecessor-version":[{"id":5221,"href":"https:\/\/ejanc.org\/es\/wp-json\/wp\/v2\/pages\/5220\/revisions\/5221"}],"wp:featuredmedia":[{"embeddable":true,"href":"https:\/\/ejanc.org\/es\/wp-json\/wp\/v2\/media\/4754"}],"wp:attachment":[{"href":"https:\/\/ejanc.org\/es\/wp-json\/wp\/v2\/media?parent=5220"}],"curies":[{"name":"wp","href":"https:\/\/api.w.org\/{rel}","templated":true}]}}