{"id":5222,"date":"2023-10-15T01:01:36","date_gmt":"2023-10-15T05:01:36","guid":{"rendered":"https:\/\/ejanc.org\/quienes-somos\/equipo\/miguel-mike-figueras\/"},"modified":"2024-08-12T17:12:28","modified_gmt":"2024-08-12T21:12:28","slug":"miguel-mike-figueras","status":"publish","type":"page","link":"https:\/\/ejanc.org\/es\/quienes-somos\/equipo\/miguel-mike-figueras\/","title":{"rendered":"Miguel \u00abMike\u00bb Figueras"},"content":{"rendered":"\t\t<div data-elementor-type=\"wp-page\" data-elementor-id=\"5222\" class=\"elementor elementor-5222\" data-elementor-post-type=\"page\">\n\t\t\t\t<div class=\"elementor-element elementor-element-f9096d8 e-flex e-con-boxed e-con e-parent\" data-id=\"f9096d8\" data-element_type=\"container\" data-e-type=\"container\">\n\t\t\t\t\t<div class=\"e-con-inner\">\n\t\t<div class=\"elementor-element elementor-element-4bbd302 e-con-full e-flex e-con e-child\" data-id=\"4bbd302\" data-element_type=\"container\" data-e-type=\"container\">\n\t\t\t\t<div class=\"elementor-element elementor-element-5c476dd elementor-widget elementor-widget-image\" data-id=\"5c476dd\" data-element_type=\"widget\" data-e-type=\"widget\" data-widget_type=\"image.default\">\n\t\t\t\t<div class=\"elementor-widget-container\">\n\t\t\t\t\t\t\t\t\t\t\t\t\t\t\t<img decoding=\"async\" src=\"http:\/\/ejanc.org\/wp-content\/uploads\/2024\/03\/Miguel-Headshot.jpg\" title=\"\" alt=\"\" loading=\"lazy\" \/>\t\t\t\t\t\t\t\t\t\t\t\t\t\t\t<\/div>\n\t\t\t\t<\/div>\n\t\t\t\t<div class=\"elementor-element elementor-element-eb1762e elementor-widget elementor-widget-text-editor\" data-id=\"eb1762e\" data-element_type=\"widget\" data-e-type=\"widget\" data-widget_type=\"text-editor.default\">\n\t\t\t\t<div class=\"elementor-widget-container\">\n\t\t\t\t\t\t\t\t\t<p>Organizadora de Padres<\/p>\n\t\t\t\t\t\t\t\t<\/div>\n\t\t\t\t<\/div>\n\t\t\t\t<div class=\"elementor-element elementor-element-99462ff elementor-widget-divider--view-line elementor-widget elementor-widget-divider\" data-id=\"99462ff\" data-element_type=\"widget\" data-e-type=\"widget\" data-widget_type=\"divider.default\">\n\t\t\t\t<div class=\"elementor-widget-container\">\n\t\t\t\t\t\t\t<div class=\"elementor-divider\">\n\t\t\t<span class=\"elementor-divider-separator\">\n\t\t\t\t\t\t<\/span>\n\t\t<\/div>\n\t\t\t\t\t\t<\/div>\n\t\t\t\t<\/div>\n\t\t\t\t<div class=\"elementor-element elementor-element-6a2a573 elementor-widget elementor-widget-text-editor\" data-id=\"6a2a573\" data-element_type=\"widget\" data-e-type=\"widget\" data-widget_type=\"text-editor.default\">\n\t\t\t\t<div class=\"elementor-widget-container\">\n\t\t\t\t\t\t\t\t\t<p><a href=\"mailto:ramiyah@ejanc.org\"><strong>mike@ejanc.org<\/strong><\/a><\/p>\n\t\t\t\t\t\t\t\t<\/div>\n\t\t\t\t<\/div>\n\t\t\t\t<\/div>\n\t\t<div class=\"elementor-element elementor-element-671ad49 e-con-full e-flex e-con e-child\" data-id=\"671ad49\" data-element_type=\"container\" data-e-type=\"container\">\n\t\t\t\t<div class=\"elementor-element elementor-element-3b7b4cf elementor-widget elementor-widget-text-editor\" data-id=\"3b7b4cf\" data-element_type=\"widget\" data-e-type=\"widget\" data-widget_type=\"text-editor.default\">\n\t\t\t\t<div class=\"elementor-widget-container\">\n\t\t\t\t\t\t\t\t\t<p><strong>Miguel \u00abMike\u00bb Figueras<\/strong> es originario de Santiago de Cuba y emigr\u00f3 a Estados Unidos en 1970. Ha vivido en Chicago y Miami, donde pas\u00f3 m\u00e1s de 11 a\u00f1os trabajando con estudiantes y familias en situaci\u00f3n de riesgo como asesor acad\u00e9mico del Programa de Extensi\u00f3n de las Escuelas P\u00fablicas del Condado de Miami Dade. Como inmigrante, ha vivido los retos de la escuela y las injusticias. Desde 2006, Mike ha trabajado en la organizaci\u00f3n de l\u00edderes comunitarios en El Pueblo, as\u00ed como de familias con el programa Juntos del Estado de Carolina del Norte. Su alegr\u00eda es participar en el empoderamiento de la comunidad y ser testigo de un cambio social positivo. Cree que el \u00fanico poder real es el poder de la gente y que la gente de color unificada tiene fuerza suficiente para cambiar el sistema mundial de opresi\u00f3n.<\/p>\n\t\t\t\t\t\t\t\t<\/div>\n\t\t\t\t<\/div>\n\t\t\t\t<\/div>\n\t\t\t\t\t<\/div>\n\t\t\t\t<\/div>\n\t\t<div class=\"elementor-element elementor-element-68acc51 e-flex e-con-boxed e-con e-parent\" data-id=\"68acc51\" data-element_type=\"container\" data-e-type=\"container\">\n\t\t\t\t\t<div class=\"e-con-inner\">\n\t\t\t\t<div class=\"elementor-element elementor-element-65538be elementor-align-center elementor-mobile-align-right elementor-tablet_extra-align-right elementor-widget elementor-widget-button\" data-id=\"65538be\" data-element_type=\"widget\" data-e-type=\"widget\" data-widget_type=\"button.default\">\n\t\t\t\t<div class=\"elementor-widget-container\">\n\t\t\t\t\t\t\t\t\t<div class=\"elementor-button-wrapper\">\n\t\t\t\t\t<a class=\"elementor-button elementor-button-link elementor-size-sm\" href=\"http:\/\/ejanc.org\/es\/quienes-somos\/equipo\/\">\n\t\t\t\t\t\t<span class=\"elementor-button-content-wrapper\">\n\t\t\t\t\t\t\t\t\t<span class=\"elementor-button-text\">Volver a Personal<\/span>\n\t\t\t\t\t<\/span>\n\t\t\t\t\t<\/a>\n\t\t\t\t<\/div>\n\t\t\t\t\t\t\t\t<\/div>\n\t\t\t\t<\/div>\n\t\t\t\t\t<\/div>\n\t\t\t\t<\/div>\n\t\t\t\t<\/div>\n\t\t","protected":false},"excerpt":{"rendered":"<p>Organizadora de Padres mike@ejanc.org Miguel \u00abMike\u00bb Figueras es originario de Santiago de Cuba y emigr\u00f3 a Estados Unidos en 1970. Ha vivido en Chicago y Miami, donde pas\u00f3 m\u00e1s de [&hellip;]<\/p>\n","protected":false},"author":1,"featured_media":0,"parent":3720,"menu_order":0,"comment_status":"closed","ping_status":"closed","template":"","meta":{"_acf_changed":false,"give_campaign_id":0,"inline_featured_image":false,"footnotes":""},"class_list":["post-5222","page","type-page","status-publish","hentry"],"acf":[],"yoast_head":"<!-- This site is optimized with the Yoast SEO plugin v27.0 - https:\/\/yoast.com\/product\/yoast-seo-wordpress\/ -->\n<title>Miguel &quot;Mike&quot; Figueras | Alianza por la Justicia en la Educaci\u00f3n<\/title>\n<meta name=\"robots\" content=\"index, follow, max-snippet:-1, max-image-preview:large, max-video-preview:-1\" \/>\n<link rel=\"canonical\" href=\"https:\/\/ejanc.org\/es\/quienes-somos\/equipo\/miguel-mike-figueras\/\" \/>\n<meta property=\"og:locale\" content=\"es_ES\" \/>\n<meta property=\"og:type\" content=\"article\" \/>\n<meta property=\"og:title\" content=\"Miguel &quot;Mike&quot; Figueras | Alianza por la Justicia en la Educaci\u00f3n\" \/>\n<meta property=\"og:description\" content=\"Organizadora de Padres mike@ejanc.org Miguel \u00abMike\u00bb Figueras es originario de Santiago de Cuba y emigr\u00f3 a Estados Unidos en 1970. Ha vivido en Chicago y Miami, donde pas\u00f3 m\u00e1s de [&hellip;]\" \/>\n<meta property=\"og:url\" content=\"https:\/\/ejanc.org\/es\/quienes-somos\/equipo\/miguel-mike-figueras\/\" \/>\n<meta property=\"og:site_name\" content=\"Alianza por la Justicia en la Educaci\u00f3n\" \/>\n<meta property=\"article:publisher\" content=\"https:\/\/www.facebook.com\/EJARALEIGHNC\/\" \/>\n<meta property=\"article:modified_time\" content=\"2024-08-12T21:12:28+00:00\" \/>\n<meta property=\"og:image\" content=\"https:\/\/ejanc.org\/wp-content\/uploads\/2024\/03\/Miguel-Headshot-822x1024.jpg\" \/>\n<meta name=\"twitter:card\" content=\"summary_large_image\" \/>\n<meta name=\"twitter:label1\" content=\"Tiempo de lectura\" \/>\n\t<meta name=\"twitter:data1\" content=\"1 minuto\" \/>\n<script type=\"application\/ld+json\" class=\"yoast-schema-graph\">{\"@context\":\"https:\/\/schema.org\",\"@graph\":[{\"@type\":\"WebPage\",\"@id\":\"https:\/\/ejanc.org\/es\/quienes-somos\/equipo\/miguel-mike-figueras\/\",\"url\":\"https:\/\/ejanc.org\/es\/quienes-somos\/equipo\/miguel-mike-figueras\/\",\"name\":\"Miguel \\\"Mike\\\" Figueras | Alianza por la Justicia en la Educaci\u00f3n\",\"isPartOf\":{\"@id\":\"https:\/\/ejanc.org\/#website\"},\"primaryImageOfPage\":{\"@id\":\"https:\/\/ejanc.org\/es\/quienes-somos\/equipo\/miguel-mike-figueras\/#primaryimage\"},\"image\":{\"@id\":\"https:\/\/ejanc.org\/es\/quienes-somos\/equipo\/miguel-mike-figueras\/#primaryimage\"},\"thumbnailUrl\":\"https:\/\/ejanc.org\/wp-content\/uploads\/2024\/03\/Miguel-Headshot-822x1024.jpg\",\"datePublished\":\"2023-10-15T05:01:36+00:00\",\"dateModified\":\"2024-08-12T21:12:28+00:00\",\"breadcrumb\":{\"@id\":\"https:\/\/ejanc.org\/es\/quienes-somos\/equipo\/miguel-mike-figueras\/#breadcrumb\"},\"inLanguage\":\"es\",\"potentialAction\":[{\"@type\":\"ReadAction\",\"target\":[\"https:\/\/ejanc.org\/es\/quienes-somos\/equipo\/miguel-mike-figueras\/\"]}]},{\"@type\":\"ImageObject\",\"inLanguage\":\"es\",\"@id\":\"https:\/\/ejanc.org\/es\/quienes-somos\/equipo\/miguel-mike-figueras\/#primaryimage\",\"url\":\"https:\/\/ejanc.org\/wp-content\/uploads\/2024\/03\/Miguel-Headshot-822x1024.jpg\",\"contentUrl\":\"https:\/\/ejanc.org\/wp-content\/uploads\/2024\/03\/Miguel-Headshot-822x1024.jpg\"},{\"@type\":\"BreadcrumbList\",\"@id\":\"https:\/\/ejanc.org\/es\/quienes-somos\/equipo\/miguel-mike-figueras\/#breadcrumb\",\"itemListElement\":[{\"@type\":\"ListItem\",\"position\":1,\"name\":\"Home\",\"item\":\"https:\/\/ejanc.org\/es\/inicio\/\"},{\"@type\":\"ListItem\",\"position\":2,\"name\":\"Qui\u00e9nes Somos\",\"item\":\"https:\/\/ejanc.org\/es\/quienes-somos\/\"},{\"@type\":\"ListItem\",\"position\":3,\"name\":\"Conozca Al Equipo\",\"item\":\"https:\/\/ejanc.org\/es\/quienes-somos\/equipo\/\"},{\"@type\":\"ListItem\",\"position\":4,\"name\":\"Miguel &#8220;Mike&#8221; Figueras\"}]},{\"@type\":\"WebSite\",\"@id\":\"https:\/\/ejanc.org\/#website\",\"url\":\"https:\/\/ejanc.org\/\",\"name\":\"Alianza por la Justicia en la Educaci\u00f3n\",\"description\":\"\",\"publisher\":{\"@id\":\"https:\/\/ejanc.org\/#organization\"},\"potentialAction\":[{\"@type\":\"SearchAction\",\"target\":{\"@type\":\"EntryPoint\",\"urlTemplate\":\"https:\/\/ejanc.org\/?s={search_term_string}\"},\"query-input\":{\"@type\":\"PropertyValueSpecification\",\"valueRequired\":true,\"valueName\":\"search_term_string\"}}],\"inLanguage\":\"es\"},{\"@type\":\"Organization\",\"@id\":\"https:\/\/ejanc.org\/#organization\",\"name\":\"Alianza por la Justicia en la Educaci\u00f3n\",\"url\":\"https:\/\/ejanc.org\/\",\"logo\":{\"@type\":\"ImageObject\",\"inLanguage\":\"es\",\"@id\":\"https:\/\/ejanc.org\/#\/schema\/logo\/image\/\",\"url\":\"https:\/\/ejanc.org\/wp-content\/uploads\/2023\/10\/logo.png\",\"contentUrl\":\"https:\/\/ejanc.org\/wp-content\/uploads\/2023\/10\/logo.png\",\"width\":129,\"height\":132,\"caption\":\"Alianza por la Justicia en la Educaci\u00f3n\"},\"image\":{\"@id\":\"https:\/\/ejanc.org\/#\/schema\/logo\/image\/\"},\"sameAs\":[\"https:\/\/www.facebook.com\/EJARALEIGHNC\/\",\"https:\/\/www.instagram.com\/ejaraleighnc\/\",\"https:\/\/www.linkedin.com\/company\/ejaraleighnc\/about\/\",\"https:\/\/www.youtube.com\/@educationjusticealliance8063\"]}]}<\/script>\n<!-- \/ Yoast SEO plugin. -->","yoast_head_json":{"title":"Miguel \"Mike\" Figueras | Alianza por la Justicia en la Educaci\u00f3n","robots":{"index":"index","follow":"follow","max-snippet":"max-snippet:-1","max-image-preview":"max-image-preview:large","max-video-preview":"max-video-preview:-1"},"canonical":"https:\/\/ejanc.org\/es\/quienes-somos\/equipo\/miguel-mike-figueras\/","og_locale":"es_ES","og_type":"article","og_title":"Miguel \"Mike\" Figueras | Alianza por la Justicia en la Educaci\u00f3n","og_description":"Organizadora de Padres mike@ejanc.org Miguel \u00abMike\u00bb Figueras es originario de Santiago de Cuba y emigr\u00f3 a Estados Unidos en 1970. Ha vivido en Chicago y Miami, donde pas\u00f3 m\u00e1s de [&hellip;]","og_url":"https:\/\/ejanc.org\/es\/quienes-somos\/equipo\/miguel-mike-figueras\/","og_site_name":"Alianza por la Justicia en la Educaci\u00f3n","article_publisher":"https:\/\/www.facebook.com\/EJARALEIGHNC\/","article_modified_time":"2024-08-12T21:12:28+00:00","og_image":[{"url":"https:\/\/ejanc.org\/wp-content\/uploads\/2024\/03\/Miguel-Headshot-822x1024.jpg","type":"","width":"","height":""}],"twitter_card":"summary_large_image","twitter_misc":{"Tiempo de lectura":"1 minuto"},"schema":{"@context":"https:\/\/schema.org","@graph":[{"@type":"WebPage","@id":"https:\/\/ejanc.org\/es\/quienes-somos\/equipo\/miguel-mike-figueras\/","url":"https:\/\/ejanc.org\/es\/quienes-somos\/equipo\/miguel-mike-figueras\/","name":"Miguel \"Mike\" Figueras | Alianza por la Justicia en la Educaci\u00f3n","isPartOf":{"@id":"https:\/\/ejanc.org\/#website"},"primaryImageOfPage":{"@id":"https:\/\/ejanc.org\/es\/quienes-somos\/equipo\/miguel-mike-figueras\/#primaryimage"},"image":{"@id":"https:\/\/ejanc.org\/es\/quienes-somos\/equipo\/miguel-mike-figueras\/#primaryimage"},"thumbnailUrl":"https:\/\/ejanc.org\/wp-content\/uploads\/2024\/03\/Miguel-Headshot-822x1024.jpg","datePublished":"2023-10-15T05:01:36+00:00","dateModified":"2024-08-12T21:12:28+00:00","breadcrumb":{"@id":"https:\/\/ejanc.org\/es\/quienes-somos\/equipo\/miguel-mike-figueras\/#breadcrumb"},"inLanguage":"es","potentialAction":[{"@type":"ReadAction","target":["https:\/\/ejanc.org\/es\/quienes-somos\/equipo\/miguel-mike-figueras\/"]}]},{"@type":"ImageObject","inLanguage":"es","@id":"https:\/\/ejanc.org\/es\/quienes-somos\/equipo\/miguel-mike-figueras\/#primaryimage","url":"https:\/\/ejanc.org\/wp-content\/uploads\/2024\/03\/Miguel-Headshot-822x1024.jpg","contentUrl":"https:\/\/ejanc.org\/wp-content\/uploads\/2024\/03\/Miguel-Headshot-822x1024.jpg"},{"@type":"BreadcrumbList","@id":"https:\/\/ejanc.org\/es\/quienes-somos\/equipo\/miguel-mike-figueras\/#breadcrumb","itemListElement":[{"@type":"ListItem","position":1,"name":"Home","item":"https:\/\/ejanc.org\/es\/inicio\/"},{"@type":"ListItem","position":2,"name":"Qui\u00e9nes Somos","item":"https:\/\/ejanc.org\/es\/quienes-somos\/"},{"@type":"ListItem","position":3,"name":"Conozca Al Equipo","item":"https:\/\/ejanc.org\/es\/quienes-somos\/equipo\/"},{"@type":"ListItem","position":4,"name":"Miguel &#8220;Mike&#8221; Figueras"}]},{"@type":"WebSite","@id":"https:\/\/ejanc.org\/#website","url":"https:\/\/ejanc.org\/","name":"Alianza por la Justicia en la Educaci\u00f3n","description":"","publisher":{"@id":"https:\/\/ejanc.org\/#organization"},"potentialAction":[{"@type":"SearchAction","target":{"@type":"EntryPoint","urlTemplate":"https:\/\/ejanc.org\/?s={search_term_string}"},"query-input":{"@type":"PropertyValueSpecification","valueRequired":true,"valueName":"search_term_string"}}],"inLanguage":"es"},{"@type":"Organization","@id":"https:\/\/ejanc.org\/#organization","name":"Alianza por la Justicia en la Educaci\u00f3n","url":"https:\/\/ejanc.org\/","logo":{"@type":"ImageObject","inLanguage":"es","@id":"https:\/\/ejanc.org\/#\/schema\/logo\/image\/","url":"https:\/\/ejanc.org\/wp-content\/uploads\/2023\/10\/logo.png","contentUrl":"https:\/\/ejanc.org\/wp-content\/uploads\/2023\/10\/logo.png","width":129,"height":132,"caption":"Alianza por la Justicia en la Educaci\u00f3n"},"image":{"@id":"https:\/\/ejanc.org\/#\/schema\/logo\/image\/"},"sameAs":["https:\/\/www.facebook.com\/EJARALEIGHNC\/","https:\/\/www.instagram.com\/ejaraleighnc\/","https:\/\/www.linkedin.com\/company\/ejaraleighnc\/about\/","https:\/\/www.youtube.com\/@educationjusticealliance8063"]}]}},"campaignId":"","_links":{"self":[{"href":"https:\/\/ejanc.org\/es\/wp-json\/wp\/v2\/pages\/5222","targetHints":{"allow":["GET"]}}],"collection":[{"href":"https:\/\/ejanc.org\/es\/wp-json\/wp\/v2\/pages"}],"about":[{"href":"https:\/\/ejanc.org\/es\/wp-json\/wp\/v2\/types\/page"}],"author":[{"embeddable":true,"href":"https:\/\/ejanc.org\/es\/wp-json\/wp\/v2\/users\/1"}],"replies":[{"embeddable":true,"href":"https:\/\/ejanc.org\/es\/wp-json\/wp\/v2\/comments?post=5222"}],"version-history":[{"count":3,"href":"https:\/\/ejanc.org\/es\/wp-json\/wp\/v2\/pages\/5222\/revisions"}],"predecessor-version":[{"id":5445,"href":"https:\/\/ejanc.org\/es\/wp-json\/wp\/v2\/pages\/5222\/revisions\/5445"}],"up":[{"embeddable":true,"href":"https:\/\/ejanc.org\/es\/wp-json\/wp\/v2\/pages\/3720"}],"wp:attachment":[{"href":"https:\/\/ejanc.org\/es\/wp-json\/wp\/v2\/media?parent=5222"}],"curies":[{"name":"wp","href":"https:\/\/api.w.org\/{rel}","templated":true}]}}