{"id":5266,"date":"2024-07-31T12:21:58","date_gmt":"2024-07-31T16:21:58","guid":{"rendered":"https:\/\/ejanc.org\/quienes-somos\/equipo\/ramiyah-robinson\/"},"modified":"2024-08-09T11:14:43","modified_gmt":"2024-08-09T15:14:43","slug":"ramiyah-robinson","status":"publish","type":"page","link":"https:\/\/ejanc.org\/es\/quienes-somos\/equipo\/ramiyah-robinson\/","title":{"rendered":"Ramiyah Robinson"},"content":{"rendered":"\t\t<div data-elementor-type=\"wp-page\" data-elementor-id=\"5266\" class=\"elementor elementor-5266\" data-elementor-post-type=\"page\">\n\t\t\t\t<div class=\"elementor-element elementor-element-616686e e-flex e-con-boxed e-con e-parent\" data-id=\"616686e\" data-element_type=\"container\" data-e-type=\"container\">\n\t\t\t\t\t<div class=\"e-con-inner\">\n\t\t<div class=\"elementor-element elementor-element-f4fb5d7 e-con-full e-flex e-con e-child\" data-id=\"f4fb5d7\" data-element_type=\"container\" data-e-type=\"container\">\n\t\t\t\t<div class=\"elementor-element elementor-element-a925527 elementor-widget elementor-widget-image\" data-id=\"a925527\" data-element_type=\"widget\" data-e-type=\"widget\" data-widget_type=\"image.default\">\n\t\t\t\t<div class=\"elementor-widget-container\">\n\t\t\t\t\t\t\t\t\t\t\t\t\t\t\t<img decoding=\"async\" src=\"http:\/\/ejanc.org\/wp-content\/uploads\/2024\/07\/IMG_2695.jpg\" title=\"\" alt=\"\" loading=\"lazy\" \/>\t\t\t\t\t\t\t\t\t\t\t\t\t\t\t<\/div>\n\t\t\t\t<\/div>\n\t\t\t\t<div class=\"elementor-element elementor-element-6f3cc05 elementor-widget elementor-widget-text-editor\" data-id=\"6f3cc05\" data-element_type=\"widget\" data-e-type=\"widget\" data-widget_type=\"text-editor.default\">\n\t\t\t\t<div class=\"elementor-widget-container\">\n\t\t\t\t\t\t\t\t\t<p>Organizadora Juvenil<\/p>\n\t\t\t\t\t\t\t\t<\/div>\n\t\t\t\t<\/div>\n\t\t\t\t<div class=\"elementor-element elementor-element-0f5d2f1 elementor-widget-divider--view-line elementor-widget elementor-widget-divider\" data-id=\"0f5d2f1\" data-element_type=\"widget\" data-e-type=\"widget\" data-widget_type=\"divider.default\">\n\t\t\t\t<div class=\"elementor-widget-container\">\n\t\t\t\t\t\t\t<div class=\"elementor-divider\">\n\t\t\t<span class=\"elementor-divider-separator\">\n\t\t\t\t\t\t<\/span>\n\t\t<\/div>\n\t\t\t\t\t\t<\/div>\n\t\t\t\t<\/div>\n\t\t\t\t<div class=\"elementor-element elementor-element-f1313b2 elementor-widget elementor-widget-text-editor\" data-id=\"f1313b2\" data-element_type=\"widget\" data-e-type=\"widget\" data-widget_type=\"text-editor.default\">\n\t\t\t\t<div class=\"elementor-widget-container\">\n\t\t\t\t\t\t\t\t\t<p><a href=\"mailto:ramiyah@ejanc.org\"><strong>ramiyah@ejanc.org<\/strong><\/a><\/p>\n\t\t\t\t\t\t\t\t<\/div>\n\t\t\t\t<\/div>\n\t\t\t\t<\/div>\n\t\t<div class=\"elementor-element elementor-element-b9465ac e-con-full e-flex e-con e-child\" data-id=\"b9465ac\" data-element_type=\"container\" data-e-type=\"container\">\n\t\t\t\t<div class=\"elementor-element elementor-element-ad51047 elementor-widget elementor-widget-text-editor\" data-id=\"ad51047\" data-element_type=\"widget\" data-e-type=\"widget\" data-widget_type=\"text-editor.default\">\n\t\t\t\t<div class=\"elementor-widget-container\">\n\t\t\t\t\t\t\t\t\t<p><span style=\"font-weight: 400;\"><strong>Ramiyah Robinson<\/strong> es originaria de Kansas City, MO, pero ha pasado la mayor parte de su vida en el condado de Wake. Asisti\u00f3 a las escuelas p\u00fablicas del condado de Wake desde el primer curso y se gradu\u00f3 en el instituto Southeast Raleigh School. Su trayectoria como organizadora comenz\u00f3 a los 12 a\u00f1os, cuando se hizo miembro de los H\u00e9roes Emergentes entre Adolescentes de Carolina del Norte (NC HEAT) y del Instituto de Organizaci\u00f3n Juvenil. Estas experiencias tempranas han contribuido a fomentar su arraigado compromiso con la educaci\u00f3n y la justicia social. En la actualidad, Ramiyah es organizadora juvenil de la Alianza por la Justicia en la Educaci\u00f3n, y aboga fervientemente por una educaci\u00f3n equitativa, centr\u00e1ndose especialmente en el desarrollo del liderazgo y la capacidad de organizaci\u00f3n de los estudiantes negros y marrones, los estudiantes con discapacidades y los estudiantes LGBTQ+ para desmantelar los conductos que llevan de la escuela a la c\u00e1rcel y de la escuela a la deportaci\u00f3n. M\u00e1s all\u00e1 de su trabajo de organizaci\u00f3n, atesora tiempo de calidad con ella, Yasir, disfruta viendo comedias rom\u00e1nticas y explorando diversas cocinas.<\/span><\/p>\n\t\t\t\t\t\t\t\t<\/div>\n\t\t\t\t<\/div>\n\t\t\t\t<\/div>\n\t\t\t\t\t<\/div>\n\t\t\t\t<\/div>\n\t\t<div class=\"elementor-element elementor-element-0f76379 e-flex e-con-boxed e-con e-parent\" data-id=\"0f76379\" data-element_type=\"container\" data-e-type=\"container\">\n\t\t\t\t\t<div class=\"e-con-inner\">\n\t\t\t\t<div class=\"elementor-element elementor-element-6818388 elementor-align-center elementor-mobile-align-right elementor-tablet_extra-align-right elementor-widget elementor-widget-button\" data-id=\"6818388\" data-element_type=\"widget\" data-e-type=\"widget\" data-widget_type=\"button.default\">\n\t\t\t\t<div class=\"elementor-widget-container\">\n\t\t\t\t\t\t\t\t\t<div class=\"elementor-button-wrapper\">\n\t\t\t\t\t<a class=\"elementor-button elementor-button-link elementor-size-sm\" href=\"http:\/\/ejanc.org\/es\/quienes-somos\/equipo\/\">\n\t\t\t\t\t\t<span class=\"elementor-button-content-wrapper\">\n\t\t\t\t\t\t\t\t\t<span class=\"elementor-button-text\">Volver a Personal<\/span>\n\t\t\t\t\t<\/span>\n\t\t\t\t\t<\/a>\n\t\t\t\t<\/div>\n\t\t\t\t\t\t\t\t<\/div>\n\t\t\t\t<\/div>\n\t\t\t\t\t<\/div>\n\t\t\t\t<\/div>\n\t\t\t\t<\/div>\n\t\t","protected":false},"excerpt":{"rendered":"<p>Organizadora Juvenil ramiyah@ejanc.org Ramiyah Robinson es originaria de Kansas City, MO, pero ha pasado la mayor parte de su vida en el condado de Wake. Asisti\u00f3 a las escuelas p\u00fablicas [&hellip;]<\/p>\n","protected":false},"author":4,"featured_media":0,"parent":3720,"menu_order":0,"comment_status":"closed","ping_status":"closed","template":"","meta":{"_acf_changed":false,"give_campaign_id":0,"inline_featured_image":false,"footnotes":""},"class_list":["post-5266","page","type-page","status-publish","hentry"],"acf":[],"yoast_head":"<!-- This site is optimized with the Yoast SEO plugin v27.0 - https:\/\/yoast.com\/product\/yoast-seo-wordpress\/ -->\n<title>Ramiyah Robinson | Alianza por la Justicia en la Educaci\u00f3n<\/title>\n<meta name=\"robots\" content=\"index, follow, max-snippet:-1, max-image-preview:large, max-video-preview:-1\" \/>\n<link rel=\"canonical\" href=\"https:\/\/ejanc.org\/es\/quienes-somos\/equipo\/ramiyah-robinson\/\" \/>\n<meta property=\"og:locale\" content=\"es_ES\" \/>\n<meta property=\"og:type\" content=\"article\" \/>\n<meta property=\"og:title\" content=\"Ramiyah Robinson | Alianza por la Justicia en la Educaci\u00f3n\" \/>\n<meta property=\"og:description\" content=\"Organizadora Juvenil ramiyah@ejanc.org Ramiyah Robinson es originaria de Kansas City, MO, pero ha pasado la mayor parte de su vida en el condado de Wake. Asisti\u00f3 a las escuelas p\u00fablicas [&hellip;]\" \/>\n<meta property=\"og:url\" content=\"https:\/\/ejanc.org\/es\/quienes-somos\/equipo\/ramiyah-robinson\/\" \/>\n<meta property=\"og:site_name\" content=\"Alianza por la Justicia en la Educaci\u00f3n\" \/>\n<meta property=\"article:publisher\" content=\"https:\/\/www.facebook.com\/EJARALEIGHNC\/\" \/>\n<meta property=\"article:modified_time\" content=\"2024-08-09T15:14:43+00:00\" \/>\n<meta property=\"og:image\" content=\"https:\/\/ejanc.org\/wp-content\/uploads\/2024\/07\/IMG_2695-653x1024.jpg\" \/>\n<meta name=\"twitter:card\" content=\"summary_large_image\" \/>\n<meta name=\"twitter:label1\" content=\"Tiempo de lectura\" \/>\n\t<meta name=\"twitter:data1\" content=\"1 minuto\" \/>\n<script type=\"application\/ld+json\" class=\"yoast-schema-graph\">{\"@context\":\"https:\/\/schema.org\",\"@graph\":[{\"@type\":\"WebPage\",\"@id\":\"https:\/\/ejanc.org\/es\/quienes-somos\/equipo\/ramiyah-robinson\/\",\"url\":\"https:\/\/ejanc.org\/es\/quienes-somos\/equipo\/ramiyah-robinson\/\",\"name\":\"Ramiyah Robinson | Alianza por la Justicia en la Educaci\u00f3n\",\"isPartOf\":{\"@id\":\"https:\/\/ejanc.org\/#website\"},\"primaryImageOfPage\":{\"@id\":\"https:\/\/ejanc.org\/es\/quienes-somos\/equipo\/ramiyah-robinson\/#primaryimage\"},\"image\":{\"@id\":\"https:\/\/ejanc.org\/es\/quienes-somos\/equipo\/ramiyah-robinson\/#primaryimage\"},\"thumbnailUrl\":\"https:\/\/ejanc.org\/wp-content\/uploads\/2024\/07\/IMG_2695-653x1024.jpg\",\"datePublished\":\"2024-07-31T16:21:58+00:00\",\"dateModified\":\"2024-08-09T15:14:43+00:00\",\"breadcrumb\":{\"@id\":\"https:\/\/ejanc.org\/es\/quienes-somos\/equipo\/ramiyah-robinson\/#breadcrumb\"},\"inLanguage\":\"es\",\"potentialAction\":[{\"@type\":\"ReadAction\",\"target\":[\"https:\/\/ejanc.org\/es\/quienes-somos\/equipo\/ramiyah-robinson\/\"]}]},{\"@type\":\"ImageObject\",\"inLanguage\":\"es\",\"@id\":\"https:\/\/ejanc.org\/es\/quienes-somos\/equipo\/ramiyah-robinson\/#primaryimage\",\"url\":\"https:\/\/ejanc.org\/wp-content\/uploads\/2024\/07\/IMG_2695-653x1024.jpg\",\"contentUrl\":\"https:\/\/ejanc.org\/wp-content\/uploads\/2024\/07\/IMG_2695-653x1024.jpg\"},{\"@type\":\"BreadcrumbList\",\"@id\":\"https:\/\/ejanc.org\/es\/quienes-somos\/equipo\/ramiyah-robinson\/#breadcrumb\",\"itemListElement\":[{\"@type\":\"ListItem\",\"position\":1,\"name\":\"Home\",\"item\":\"https:\/\/ejanc.org\/es\/inicio\/\"},{\"@type\":\"ListItem\",\"position\":2,\"name\":\"Qui\u00e9nes Somos\",\"item\":\"https:\/\/ejanc.org\/es\/quienes-somos\/\"},{\"@type\":\"ListItem\",\"position\":3,\"name\":\"Conozca Al Equipo\",\"item\":\"https:\/\/ejanc.org\/es\/quienes-somos\/equipo\/\"},{\"@type\":\"ListItem\",\"position\":4,\"name\":\"Ramiyah Robinson\"}]},{\"@type\":\"WebSite\",\"@id\":\"https:\/\/ejanc.org\/#website\",\"url\":\"https:\/\/ejanc.org\/\",\"name\":\"Alianza por la Justicia en la Educaci\u00f3n\",\"description\":\"\",\"publisher\":{\"@id\":\"https:\/\/ejanc.org\/#organization\"},\"potentialAction\":[{\"@type\":\"SearchAction\",\"target\":{\"@type\":\"EntryPoint\",\"urlTemplate\":\"https:\/\/ejanc.org\/?s={search_term_string}\"},\"query-input\":{\"@type\":\"PropertyValueSpecification\",\"valueRequired\":true,\"valueName\":\"search_term_string\"}}],\"inLanguage\":\"es\"},{\"@type\":\"Organization\",\"@id\":\"https:\/\/ejanc.org\/#organization\",\"name\":\"Alianza por la Justicia en la Educaci\u00f3n\",\"url\":\"https:\/\/ejanc.org\/\",\"logo\":{\"@type\":\"ImageObject\",\"inLanguage\":\"es\",\"@id\":\"https:\/\/ejanc.org\/#\/schema\/logo\/image\/\",\"url\":\"https:\/\/ejanc.org\/wp-content\/uploads\/2023\/10\/logo.png\",\"contentUrl\":\"https:\/\/ejanc.org\/wp-content\/uploads\/2023\/10\/logo.png\",\"width\":129,\"height\":132,\"caption\":\"Alianza por la Justicia en la Educaci\u00f3n\"},\"image\":{\"@id\":\"https:\/\/ejanc.org\/#\/schema\/logo\/image\/\"},\"sameAs\":[\"https:\/\/www.facebook.com\/EJARALEIGHNC\/\",\"https:\/\/www.instagram.com\/ejaraleighnc\/\",\"https:\/\/www.linkedin.com\/company\/ejaraleighnc\/about\/\",\"https:\/\/www.youtube.com\/@educationjusticealliance8063\"]}]}<\/script>\n<!-- \/ Yoast SEO plugin. -->","yoast_head_json":{"title":"Ramiyah Robinson | Alianza por la Justicia en la Educaci\u00f3n","robots":{"index":"index","follow":"follow","max-snippet":"max-snippet:-1","max-image-preview":"max-image-preview:large","max-video-preview":"max-video-preview:-1"},"canonical":"https:\/\/ejanc.org\/es\/quienes-somos\/equipo\/ramiyah-robinson\/","og_locale":"es_ES","og_type":"article","og_title":"Ramiyah Robinson | Alianza por la Justicia en la Educaci\u00f3n","og_description":"Organizadora Juvenil ramiyah@ejanc.org Ramiyah Robinson es originaria de Kansas City, MO, pero ha pasado la mayor parte de su vida en el condado de Wake. Asisti\u00f3 a las escuelas p\u00fablicas [&hellip;]","og_url":"https:\/\/ejanc.org\/es\/quienes-somos\/equipo\/ramiyah-robinson\/","og_site_name":"Alianza por la Justicia en la Educaci\u00f3n","article_publisher":"https:\/\/www.facebook.com\/EJARALEIGHNC\/","article_modified_time":"2024-08-09T15:14:43+00:00","og_image":[{"url":"https:\/\/ejanc.org\/wp-content\/uploads\/2024\/07\/IMG_2695-653x1024.jpg","type":"","width":"","height":""}],"twitter_card":"summary_large_image","twitter_misc":{"Tiempo de lectura":"1 minuto"},"schema":{"@context":"https:\/\/schema.org","@graph":[{"@type":"WebPage","@id":"https:\/\/ejanc.org\/es\/quienes-somos\/equipo\/ramiyah-robinson\/","url":"https:\/\/ejanc.org\/es\/quienes-somos\/equipo\/ramiyah-robinson\/","name":"Ramiyah Robinson | Alianza por la Justicia en la Educaci\u00f3n","isPartOf":{"@id":"https:\/\/ejanc.org\/#website"},"primaryImageOfPage":{"@id":"https:\/\/ejanc.org\/es\/quienes-somos\/equipo\/ramiyah-robinson\/#primaryimage"},"image":{"@id":"https:\/\/ejanc.org\/es\/quienes-somos\/equipo\/ramiyah-robinson\/#primaryimage"},"thumbnailUrl":"https:\/\/ejanc.org\/wp-content\/uploads\/2024\/07\/IMG_2695-653x1024.jpg","datePublished":"2024-07-31T16:21:58+00:00","dateModified":"2024-08-09T15:14:43+00:00","breadcrumb":{"@id":"https:\/\/ejanc.org\/es\/quienes-somos\/equipo\/ramiyah-robinson\/#breadcrumb"},"inLanguage":"es","potentialAction":[{"@type":"ReadAction","target":["https:\/\/ejanc.org\/es\/quienes-somos\/equipo\/ramiyah-robinson\/"]}]},{"@type":"ImageObject","inLanguage":"es","@id":"https:\/\/ejanc.org\/es\/quienes-somos\/equipo\/ramiyah-robinson\/#primaryimage","url":"https:\/\/ejanc.org\/wp-content\/uploads\/2024\/07\/IMG_2695-653x1024.jpg","contentUrl":"https:\/\/ejanc.org\/wp-content\/uploads\/2024\/07\/IMG_2695-653x1024.jpg"},{"@type":"BreadcrumbList","@id":"https:\/\/ejanc.org\/es\/quienes-somos\/equipo\/ramiyah-robinson\/#breadcrumb","itemListElement":[{"@type":"ListItem","position":1,"name":"Home","item":"https:\/\/ejanc.org\/es\/inicio\/"},{"@type":"ListItem","position":2,"name":"Qui\u00e9nes Somos","item":"https:\/\/ejanc.org\/es\/quienes-somos\/"},{"@type":"ListItem","position":3,"name":"Conozca Al Equipo","item":"https:\/\/ejanc.org\/es\/quienes-somos\/equipo\/"},{"@type":"ListItem","position":4,"name":"Ramiyah Robinson"}]},{"@type":"WebSite","@id":"https:\/\/ejanc.org\/#website","url":"https:\/\/ejanc.org\/","name":"Alianza por la Justicia en la Educaci\u00f3n","description":"","publisher":{"@id":"https:\/\/ejanc.org\/#organization"},"potentialAction":[{"@type":"SearchAction","target":{"@type":"EntryPoint","urlTemplate":"https:\/\/ejanc.org\/?s={search_term_string}"},"query-input":{"@type":"PropertyValueSpecification","valueRequired":true,"valueName":"search_term_string"}}],"inLanguage":"es"},{"@type":"Organization","@id":"https:\/\/ejanc.org\/#organization","name":"Alianza por la Justicia en la Educaci\u00f3n","url":"https:\/\/ejanc.org\/","logo":{"@type":"ImageObject","inLanguage":"es","@id":"https:\/\/ejanc.org\/#\/schema\/logo\/image\/","url":"https:\/\/ejanc.org\/wp-content\/uploads\/2023\/10\/logo.png","contentUrl":"https:\/\/ejanc.org\/wp-content\/uploads\/2023\/10\/logo.png","width":129,"height":132,"caption":"Alianza por la Justicia en la Educaci\u00f3n"},"image":{"@id":"https:\/\/ejanc.org\/#\/schema\/logo\/image\/"},"sameAs":["https:\/\/www.facebook.com\/EJARALEIGHNC\/","https:\/\/www.instagram.com\/ejaraleighnc\/","https:\/\/www.linkedin.com\/company\/ejaraleighnc\/about\/","https:\/\/www.youtube.com\/@educationjusticealliance8063"]}]}},"campaignId":"","_links":{"self":[{"href":"https:\/\/ejanc.org\/es\/wp-json\/wp\/v2\/pages\/5266","targetHints":{"allow":["GET"]}}],"collection":[{"href":"https:\/\/ejanc.org\/es\/wp-json\/wp\/v2\/pages"}],"about":[{"href":"https:\/\/ejanc.org\/es\/wp-json\/wp\/v2\/types\/page"}],"author":[{"embeddable":true,"href":"https:\/\/ejanc.org\/es\/wp-json\/wp\/v2\/users\/4"}],"replies":[{"embeddable":true,"href":"https:\/\/ejanc.org\/es\/wp-json\/wp\/v2\/comments?post=5266"}],"version-history":[{"count":1,"href":"https:\/\/ejanc.org\/es\/wp-json\/wp\/v2\/pages\/5266\/revisions"}],"predecessor-version":[{"id":5267,"href":"https:\/\/ejanc.org\/es\/wp-json\/wp\/v2\/pages\/5266\/revisions\/5267"}],"up":[{"embeddable":true,"href":"https:\/\/ejanc.org\/es\/wp-json\/wp\/v2\/pages\/3720"}],"wp:attachment":[{"href":"https:\/\/ejanc.org\/es\/wp-json\/wp\/v2\/media?parent=5266"}],"curies":[{"name":"wp","href":"https:\/\/api.w.org\/{rel}","templated":true}]}}