{"id":5450,"date":"2024-08-12T16:51:54","date_gmt":"2024-08-12T20:51:54","guid":{"rendered":"https:\/\/ejanc.org\/jasimine-murray\/"},"modified":"2024-08-12T17:13:56","modified_gmt":"2024-08-12T21:13:56","slug":"jasimine-murray","status":"publish","type":"page","link":"https:\/\/ejanc.org\/es\/jasimine-murray\/","title":{"rendered":"Jasimine Murray"},"content":{"rendered":"\t\t<div data-elementor-type=\"wp-page\" data-elementor-id=\"5450\" class=\"elementor elementor-5450 elementor-5400\" data-elementor-post-type=\"page\">\n\t\t\t\t<div class=\"elementor-element elementor-element-7487bdd e-flex e-con-boxed e-con e-parent\" data-id=\"7487bdd\" data-element_type=\"container\" data-e-type=\"container\">\n\t\t\t\t\t<div class=\"e-con-inner\">\n\t\t<div class=\"elementor-element elementor-element-fbd9e6d e-con-full e-flex e-con e-child\" data-id=\"fbd9e6d\" data-element_type=\"container\" data-e-type=\"container\">\n\t\t\t\t<div class=\"elementor-element elementor-element-511117b elementor-widget elementor-widget-image\" data-id=\"511117b\" data-element_type=\"widget\" data-e-type=\"widget\" data-widget_type=\"image.default\">\n\t\t\t\t<div class=\"elementor-widget-container\">\n\t\t\t\t\t\t\t\t\t\t\t\t\t\t\t<img decoding=\"async\" src=\"http:\/\/ejanc.org\/wp-content\/uploads\/2024\/08\/IMG_5234-scaled-e1723494993676.jpg\" title=\"\" alt=\"\" loading=\"lazy\" \/>\t\t\t\t\t\t\t\t\t\t\t\t\t\t\t<\/div>\n\t\t\t\t<\/div>\n\t\t\t\t<div class=\"elementor-element elementor-element-700a3d5 elementor-widget elementor-widget-text-editor\" data-id=\"700a3d5\" data-element_type=\"widget\" data-e-type=\"widget\" data-widget_type=\"text-editor.default\">\n\t\t\t\t<div class=\"elementor-widget-container\">\n\t\t\t\t\t\t\t\t\t<p>Specialista de Pol\u00edtica y Curr\u00edculo<\/p>\n\t\t\t\t\t\t\t\t<\/div>\n\t\t\t\t<\/div>\n\t\t\t\t<div class=\"elementor-element elementor-element-cdfc086 elementor-widget-divider--view-line elementor-widget elementor-widget-divider\" data-id=\"cdfc086\" data-element_type=\"widget\" data-e-type=\"widget\" data-widget_type=\"divider.default\">\n\t\t\t\t<div class=\"elementor-widget-container\">\n\t\t\t\t\t\t\t<div class=\"elementor-divider\">\n\t\t\t<span class=\"elementor-divider-separator\">\n\t\t\t\t\t\t<\/span>\n\t\t<\/div>\n\t\t\t\t\t\t<\/div>\n\t\t\t\t<\/div>\n\t\t\t\t<div class=\"elementor-element elementor-element-45a359f elementor-widget elementor-widget-text-editor\" data-id=\"45a359f\" data-element_type=\"widget\" data-e-type=\"widget\" data-widget_type=\"text-editor.default\">\n\t\t\t\t<div class=\"elementor-widget-container\">\n\t\t\t\t\t\t\t\t\t<p><a href=\"mailto:jasimine@ejanc.org\"><strong>jasimine@ejanc.org<\/strong><\/a><\/p>\n\t\t\t\t\t\t\t\t<\/div>\n\t\t\t\t<\/div>\n\t\t\t\t<div class=\"elementor-element elementor-element-c3308a9 elementor-shape-rounded elementor-grid-0 e-grid-align-center elementor-widget elementor-widget-social-icons\" data-id=\"c3308a9\" data-element_type=\"widget\" data-e-type=\"widget\" data-widget_type=\"social-icons.default\">\n\t\t\t\t<div class=\"elementor-widget-container\">\n\t\t\t\t\t\t\t<div class=\"elementor-social-icons-wrapper elementor-grid\" role=\"list\">\n\t\t\t\t\t\t\t<span class=\"elementor-grid-item\" role=\"listitem\">\n\t\t\t\t\t<a class=\"elementor-icon elementor-social-icon elementor-social-icon-facebook elementor-repeater-item-b7fefa0\" target=\"_blank\">\n\t\t\t\t\t\t<span class=\"elementor-screen-only\">Facebook<\/span>\n\t\t\t\t\t\t<svg aria-hidden=\"true\" class=\"e-font-icon-svg e-fab-facebook\" viewBox=\"0 0 512 512\" xmlns=\"http:\/\/www.w3.org\/2000\/svg\"><path d=\"M504 256C504 119 393 8 256 8S8 119 8 256c0 123.78 90.69 226.38 209.25 245V327.69h-63V256h63v-54.64c0-62.15 37-96.48 93.67-96.48 27.14 0 55.52 4.84 55.52 4.84v61h-31.28c-30.8 0-40.41 19.12-40.41 38.73V256h68.78l-11 71.69h-57.78V501C413.31 482.38 504 379.78 504 256z\"><\/path><\/svg>\t\t\t\t\t<\/a>\n\t\t\t\t<\/span>\n\t\t\t\t\t\t\t<span class=\"elementor-grid-item\" role=\"listitem\">\n\t\t\t\t\t<a class=\"elementor-icon elementor-social-icon elementor-social-icon-twitter elementor-repeater-item-68d611b\" target=\"_blank\">\n\t\t\t\t\t\t<span class=\"elementor-screen-only\">Twitter<\/span>\n\t\t\t\t\t\t<svg aria-hidden=\"true\" class=\"e-font-icon-svg e-fab-twitter\" viewBox=\"0 0 512 512\" xmlns=\"http:\/\/www.w3.org\/2000\/svg\"><path d=\"M459.37 151.716c.325 4.548.325 9.097.325 13.645 0 138.72-105.583 298.558-298.558 298.558-59.452 0-114.68-17.219-161.137-47.106 8.447.974 16.568 1.299 25.34 1.299 49.055 0 94.213-16.568 130.274-44.832-46.132-.975-84.792-31.188-98.112-72.772 6.498.974 12.995 1.624 19.818 1.624 9.421 0 18.843-1.3 27.614-3.573-48.081-9.747-84.143-51.98-84.143-102.985v-1.299c13.969 7.797 30.214 12.67 47.431 13.319-28.264-18.843-46.781-51.005-46.781-87.391 0-19.492 5.197-37.36 14.294-52.954 51.655 63.675 129.3 105.258 216.365 109.807-1.624-7.797-2.599-15.918-2.599-24.04 0-57.828 46.782-104.934 104.934-104.934 30.213 0 57.502 12.67 76.67 33.137 23.715-4.548 46.456-13.32 66.599-25.34-7.798 24.366-24.366 44.833-46.132 57.827 21.117-2.273 41.584-8.122 60.426-16.243-14.292 20.791-32.161 39.308-52.628 54.253z\"><\/path><\/svg>\t\t\t\t\t<\/a>\n\t\t\t\t<\/span>\n\t\t\t\t\t\t\t<span class=\"elementor-grid-item\" role=\"listitem\">\n\t\t\t\t\t<a class=\"elementor-icon elementor-social-icon elementor-social-icon-youtube elementor-repeater-item-412d373\" target=\"_blank\">\n\t\t\t\t\t\t<span class=\"elementor-screen-only\">Youtube<\/span>\n\t\t\t\t\t\t<svg aria-hidden=\"true\" class=\"e-font-icon-svg e-fab-youtube\" viewBox=\"0 0 576 512\" xmlns=\"http:\/\/www.w3.org\/2000\/svg\"><path d=\"M549.655 124.083c-6.281-23.65-24.787-42.276-48.284-48.597C458.781 64 288 64 288 64S117.22 64 74.629 75.486c-23.497 6.322-42.003 24.947-48.284 48.597-11.412 42.867-11.412 132.305-11.412 132.305s0 89.438 11.412 132.305c6.281 23.65 24.787 41.5 48.284 47.821C117.22 448 288 448 288 448s170.78 0 213.371-11.486c23.497-6.321 42.003-24.171 48.284-47.821 11.412-42.867 11.412-132.305 11.412-132.305s0-89.438-11.412-132.305zm-317.51 213.508V175.185l142.739 81.205-142.739 81.201z\"><\/path><\/svg>\t\t\t\t\t<\/a>\n\t\t\t\t<\/span>\n\t\t\t\t\t<\/div>\n\t\t\t\t\t\t<\/div>\n\t\t\t\t<\/div>\n\t\t\t\t<\/div>\n\t\t<div class=\"elementor-element elementor-element-51012ba e-con-full e-flex e-con e-child\" data-id=\"51012ba\" data-element_type=\"container\" data-e-type=\"container\">\n\t\t\t\t<div class=\"elementor-element elementor-element-dc79e49 elementor-widget elementor-widget-text-editor\" data-id=\"dc79e49\" data-element_type=\"widget\" data-e-type=\"widget\" data-widget_type=\"text-editor.default\">\n\t\t\t\t<div class=\"elementor-widget-container\">\n\t\t\t\t\t\t\t\t\t<p class=\"p1\"><strong>Jasimine Murray<\/strong> se une a la EJA con m\u00e1s de diez a\u00f1os de experiencia en periodismo televisivo. En su papel de Especialista en Comunicaciones, Jasimine elabora mensajes directos y atractivos para solidificar, renovar y atraer relaciones con padres y alumnos de toda Carolina del Norte. A Jasimine le mueve el deseo de ayudar a cambiar la situaci\u00f3n de las personas m\u00e1s expuestas al racismo sist\u00e9mico. En su tiempo libre, disfruta decorando interiores y pasando tiempo con su marido y sus dos hijos.<\/p>\n\t\t\t\t\t\t\t\t<\/div>\n\t\t\t\t<\/div>\n\t\t\t\t<\/div>\n\t\t\t\t\t<\/div>\n\t\t\t\t<\/div>\n\t\t<div class=\"elementor-element elementor-element-ad94165 e-flex e-con-boxed e-con e-parent\" data-id=\"ad94165\" data-element_type=\"container\" data-e-type=\"container\">\n\t\t\t\t\t<div class=\"e-con-inner\">\n\t\t\t\t<div class=\"elementor-element elementor-element-d1d4c28 elementor-align-center elementor-mobile-align-right elementor-tablet_extra-align-right elementor-widget elementor-widget-button\" data-id=\"d1d4c28\" data-element_type=\"widget\" data-e-type=\"widget\" data-widget_type=\"button.default\">\n\t\t\t\t<div class=\"elementor-widget-container\">\n\t\t\t\t\t\t\t\t\t<div class=\"elementor-button-wrapper\">\n\t\t\t\t\t<a class=\"elementor-button elementor-button-link elementor-size-sm\" href=\"http:\/\/ejanc.org\/es\/quienes-somos\/equipo\/\">\n\t\t\t\t\t\t<span class=\"elementor-button-content-wrapper\">\n\t\t\t\t\t\t\t\t\t<span class=\"elementor-button-text\">Volver a Personal<\/span>\n\t\t\t\t\t<\/span>\n\t\t\t\t\t<\/a>\n\t\t\t\t<\/div>\n\t\t\t\t\t\t\t\t<\/div>\n\t\t\t\t<\/div>\n\t\t\t\t\t<\/div>\n\t\t\t\t<\/div>\n\t\t\t\t<\/div>\n\t\t","protected":false},"excerpt":{"rendered":"<p>Specialista de Pol\u00edtica y Curr\u00edculo jasimine@ejanc.org Facebook Twitter Youtube Jasimine Murray se une a la EJA con m\u00e1s de diez a\u00f1os de experiencia en periodismo televisivo. En su papel de [&hellip;]<\/p>\n","protected":false},"author":4,"featured_media":0,"parent":0,"menu_order":0,"comment_status":"closed","ping_status":"closed","template":"","meta":{"_acf_changed":false,"give_campaign_id":0,"inline_featured_image":false,"footnotes":""},"class_list":["post-5450","page","type-page","status-publish","hentry"],"acf":[],"yoast_head":"<!-- This site is optimized with the Yoast SEO plugin v27.0 - https:\/\/yoast.com\/product\/yoast-seo-wordpress\/ -->\n<title>Jasimine Murray | Alianza por la Justicia en la Educaci\u00f3n<\/title>\n<meta name=\"robots\" content=\"index, follow, max-snippet:-1, max-image-preview:large, max-video-preview:-1\" \/>\n<link rel=\"canonical\" href=\"https:\/\/ejanc.org\/es\/jasimine-murray\/\" \/>\n<meta property=\"og:locale\" content=\"es_ES\" \/>\n<meta property=\"og:type\" content=\"article\" \/>\n<meta property=\"og:title\" content=\"Jasimine Murray | Alianza por la Justicia en la Educaci\u00f3n\" \/>\n<meta property=\"og:description\" content=\"Specialista de Pol\u00edtica y Curr\u00edculo jasimine@ejanc.org Facebook Twitter Youtube Jasimine Murray se une a la EJA con m\u00e1s de diez a\u00f1os de experiencia en periodismo televisivo. En su papel de [&hellip;]\" \/>\n<meta property=\"og:url\" content=\"https:\/\/ejanc.org\/es\/jasimine-murray\/\" \/>\n<meta property=\"og:site_name\" content=\"Alianza por la Justicia en la Educaci\u00f3n\" \/>\n<meta property=\"article:publisher\" content=\"https:\/\/www.facebook.com\/EJARALEIGHNC\/\" \/>\n<meta property=\"article:modified_time\" content=\"2024-08-12T21:13:56+00:00\" \/>\n<meta property=\"og:image\" content=\"https:\/\/ejanc.org\/wp-content\/uploads\/2024\/08\/IMG_5234-scaled-e1723494993676-951x1024.jpg\" \/>\n<meta name=\"twitter:card\" content=\"summary_large_image\" \/>\n<meta name=\"twitter:label1\" content=\"Tiempo de lectura\" \/>\n\t<meta name=\"twitter:data1\" content=\"1 minuto\" \/>\n<script type=\"application\/ld+json\" class=\"yoast-schema-graph\">{\"@context\":\"https:\/\/schema.org\",\"@graph\":[{\"@type\":\"WebPage\",\"@id\":\"https:\/\/ejanc.org\/es\/jasimine-murray\/\",\"url\":\"https:\/\/ejanc.org\/es\/jasimine-murray\/\",\"name\":\"Jasimine Murray | Alianza por la Justicia en la Educaci\u00f3n\",\"isPartOf\":{\"@id\":\"https:\/\/ejanc.org\/#website\"},\"primaryImageOfPage\":{\"@id\":\"https:\/\/ejanc.org\/es\/jasimine-murray\/#primaryimage\"},\"image\":{\"@id\":\"https:\/\/ejanc.org\/es\/jasimine-murray\/#primaryimage\"},\"thumbnailUrl\":\"https:\/\/ejanc.org\/wp-content\/uploads\/2024\/08\/IMG_5234-scaled-e1723494993676-951x1024.jpg\",\"datePublished\":\"2024-08-12T20:51:54+00:00\",\"dateModified\":\"2024-08-12T21:13:56+00:00\",\"breadcrumb\":{\"@id\":\"https:\/\/ejanc.org\/es\/jasimine-murray\/#breadcrumb\"},\"inLanguage\":\"es\",\"potentialAction\":[{\"@type\":\"ReadAction\",\"target\":[\"https:\/\/ejanc.org\/es\/jasimine-murray\/\"]}]},{\"@type\":\"ImageObject\",\"inLanguage\":\"es\",\"@id\":\"https:\/\/ejanc.org\/es\/jasimine-murray\/#primaryimage\",\"url\":\"https:\/\/ejanc.org\/wp-content\/uploads\/2024\/08\/IMG_5234-scaled-e1723494993676-951x1024.jpg\",\"contentUrl\":\"https:\/\/ejanc.org\/wp-content\/uploads\/2024\/08\/IMG_5234-scaled-e1723494993676-951x1024.jpg\"},{\"@type\":\"BreadcrumbList\",\"@id\":\"https:\/\/ejanc.org\/es\/jasimine-murray\/#breadcrumb\",\"itemListElement\":[{\"@type\":\"ListItem\",\"position\":1,\"name\":\"Home\",\"item\":\"https:\/\/ejanc.org\/es\/inicio\/\"},{\"@type\":\"ListItem\",\"position\":2,\"name\":\"Jasimine Murray\"}]},{\"@type\":\"WebSite\",\"@id\":\"https:\/\/ejanc.org\/#website\",\"url\":\"https:\/\/ejanc.org\/\",\"name\":\"Alianza por la Justicia en la Educaci\u00f3n\",\"description\":\"\",\"publisher\":{\"@id\":\"https:\/\/ejanc.org\/#organization\"},\"potentialAction\":[{\"@type\":\"SearchAction\",\"target\":{\"@type\":\"EntryPoint\",\"urlTemplate\":\"https:\/\/ejanc.org\/?s={search_term_string}\"},\"query-input\":{\"@type\":\"PropertyValueSpecification\",\"valueRequired\":true,\"valueName\":\"search_term_string\"}}],\"inLanguage\":\"es\"},{\"@type\":\"Organization\",\"@id\":\"https:\/\/ejanc.org\/#organization\",\"name\":\"Alianza por la Justicia en la Educaci\u00f3n\",\"url\":\"https:\/\/ejanc.org\/\",\"logo\":{\"@type\":\"ImageObject\",\"inLanguage\":\"es\",\"@id\":\"https:\/\/ejanc.org\/#\/schema\/logo\/image\/\",\"url\":\"https:\/\/ejanc.org\/wp-content\/uploads\/2023\/10\/logo.png\",\"contentUrl\":\"https:\/\/ejanc.org\/wp-content\/uploads\/2023\/10\/logo.png\",\"width\":129,\"height\":132,\"caption\":\"Alianza por la Justicia en la Educaci\u00f3n\"},\"image\":{\"@id\":\"https:\/\/ejanc.org\/#\/schema\/logo\/image\/\"},\"sameAs\":[\"https:\/\/www.facebook.com\/EJARALEIGHNC\/\",\"https:\/\/www.instagram.com\/ejaraleighnc\/\",\"https:\/\/www.linkedin.com\/company\/ejaraleighnc\/about\/\",\"https:\/\/www.youtube.com\/@educationjusticealliance8063\"]}]}<\/script>\n<!-- \/ Yoast SEO plugin. -->","yoast_head_json":{"title":"Jasimine Murray | Alianza por la Justicia en la Educaci\u00f3n","robots":{"index":"index","follow":"follow","max-snippet":"max-snippet:-1","max-image-preview":"max-image-preview:large","max-video-preview":"max-video-preview:-1"},"canonical":"https:\/\/ejanc.org\/es\/jasimine-murray\/","og_locale":"es_ES","og_type":"article","og_title":"Jasimine Murray | Alianza por la Justicia en la Educaci\u00f3n","og_description":"Specialista de Pol\u00edtica y Curr\u00edculo jasimine@ejanc.org Facebook Twitter Youtube Jasimine Murray se une a la EJA con m\u00e1s de diez a\u00f1os de experiencia en periodismo televisivo. En su papel de [&hellip;]","og_url":"https:\/\/ejanc.org\/es\/jasimine-murray\/","og_site_name":"Alianza por la Justicia en la Educaci\u00f3n","article_publisher":"https:\/\/www.facebook.com\/EJARALEIGHNC\/","article_modified_time":"2024-08-12T21:13:56+00:00","og_image":[{"url":"https:\/\/ejanc.org\/wp-content\/uploads\/2024\/08\/IMG_5234-scaled-e1723494993676-951x1024.jpg","type":"","width":"","height":""}],"twitter_card":"summary_large_image","twitter_misc":{"Tiempo de lectura":"1 minuto"},"schema":{"@context":"https:\/\/schema.org","@graph":[{"@type":"WebPage","@id":"https:\/\/ejanc.org\/es\/jasimine-murray\/","url":"https:\/\/ejanc.org\/es\/jasimine-murray\/","name":"Jasimine Murray | Alianza por la Justicia en la Educaci\u00f3n","isPartOf":{"@id":"https:\/\/ejanc.org\/#website"},"primaryImageOfPage":{"@id":"https:\/\/ejanc.org\/es\/jasimine-murray\/#primaryimage"},"image":{"@id":"https:\/\/ejanc.org\/es\/jasimine-murray\/#primaryimage"},"thumbnailUrl":"https:\/\/ejanc.org\/wp-content\/uploads\/2024\/08\/IMG_5234-scaled-e1723494993676-951x1024.jpg","datePublished":"2024-08-12T20:51:54+00:00","dateModified":"2024-08-12T21:13:56+00:00","breadcrumb":{"@id":"https:\/\/ejanc.org\/es\/jasimine-murray\/#breadcrumb"},"inLanguage":"es","potentialAction":[{"@type":"ReadAction","target":["https:\/\/ejanc.org\/es\/jasimine-murray\/"]}]},{"@type":"ImageObject","inLanguage":"es","@id":"https:\/\/ejanc.org\/es\/jasimine-murray\/#primaryimage","url":"https:\/\/ejanc.org\/wp-content\/uploads\/2024\/08\/IMG_5234-scaled-e1723494993676-951x1024.jpg","contentUrl":"https:\/\/ejanc.org\/wp-content\/uploads\/2024\/08\/IMG_5234-scaled-e1723494993676-951x1024.jpg"},{"@type":"BreadcrumbList","@id":"https:\/\/ejanc.org\/es\/jasimine-murray\/#breadcrumb","itemListElement":[{"@type":"ListItem","position":1,"name":"Home","item":"https:\/\/ejanc.org\/es\/inicio\/"},{"@type":"ListItem","position":2,"name":"Jasimine Murray"}]},{"@type":"WebSite","@id":"https:\/\/ejanc.org\/#website","url":"https:\/\/ejanc.org\/","name":"Alianza por la Justicia en la Educaci\u00f3n","description":"","publisher":{"@id":"https:\/\/ejanc.org\/#organization"},"potentialAction":[{"@type":"SearchAction","target":{"@type":"EntryPoint","urlTemplate":"https:\/\/ejanc.org\/?s={search_term_string}"},"query-input":{"@type":"PropertyValueSpecification","valueRequired":true,"valueName":"search_term_string"}}],"inLanguage":"es"},{"@type":"Organization","@id":"https:\/\/ejanc.org\/#organization","name":"Alianza por la Justicia en la Educaci\u00f3n","url":"https:\/\/ejanc.org\/","logo":{"@type":"ImageObject","inLanguage":"es","@id":"https:\/\/ejanc.org\/#\/schema\/logo\/image\/","url":"https:\/\/ejanc.org\/wp-content\/uploads\/2023\/10\/logo.png","contentUrl":"https:\/\/ejanc.org\/wp-content\/uploads\/2023\/10\/logo.png","width":129,"height":132,"caption":"Alianza por la Justicia en la Educaci\u00f3n"},"image":{"@id":"https:\/\/ejanc.org\/#\/schema\/logo\/image\/"},"sameAs":["https:\/\/www.facebook.com\/EJARALEIGHNC\/","https:\/\/www.instagram.com\/ejaraleighnc\/","https:\/\/www.linkedin.com\/company\/ejaraleighnc\/about\/","https:\/\/www.youtube.com\/@educationjusticealliance8063"]}]}},"campaignId":"","_links":{"self":[{"href":"https:\/\/ejanc.org\/es\/wp-json\/wp\/v2\/pages\/5450","targetHints":{"allow":["GET"]}}],"collection":[{"href":"https:\/\/ejanc.org\/es\/wp-json\/wp\/v2\/pages"}],"about":[{"href":"https:\/\/ejanc.org\/es\/wp-json\/wp\/v2\/types\/page"}],"author":[{"embeddable":true,"href":"https:\/\/ejanc.org\/es\/wp-json\/wp\/v2\/users\/4"}],"replies":[{"embeddable":true,"href":"https:\/\/ejanc.org\/es\/wp-json\/wp\/v2\/comments?post=5450"}],"version-history":[{"count":1,"href":"https:\/\/ejanc.org\/es\/wp-json\/wp\/v2\/pages\/5450\/revisions"}],"predecessor-version":[{"id":5452,"href":"https:\/\/ejanc.org\/es\/wp-json\/wp\/v2\/pages\/5450\/revisions\/5452"}],"wp:attachment":[{"href":"https:\/\/ejanc.org\/es\/wp-json\/wp\/v2\/media?parent=5450"}],"curies":[{"name":"wp","href":"https:\/\/api.w.org\/{rel}","templated":true}]}}