{"id":7154,"date":"2025-05-08T20:10:15","date_gmt":"2025-05-09T00:10:15","guid":{"rendered":"https:\/\/ejanc.org\/donar-2\/"},"modified":"2025-05-09T00:09:08","modified_gmt":"2025-05-09T04:09:08","slug":"donar-2","status":"publish","type":"page","link":"https:\/\/ejanc.org\/es\/donar-2\/","title":{"rendered":"Donar"},"content":{"rendered":"\t\t<div data-elementor-type=\"wp-page\" data-elementor-id=\"7154\" class=\"elementor elementor-7154 elementor-7145\" data-elementor-post-type=\"page\">\n\t\t\t\t<div class=\"elementor-element elementor-element-cbc1247 e-flex e-con-boxed e-con e-parent\" data-id=\"cbc1247\" data-element_type=\"container\" data-e-type=\"container\">\n\t\t\t\t\t<div class=\"e-con-inner\">\n\t\t<div class=\"elementor-element elementor-element-c0fe073 e-con-full e-flex e-con e-child\" data-id=\"c0fe073\" data-element_type=\"container\" data-e-type=\"container\">\n\t\t\t\t<div class=\"elementor-element elementor-element-47db44d elementor-widget elementor-widget-image\" data-id=\"47db44d\" data-element_type=\"widget\" data-e-type=\"widget\" data-widget_type=\"image.default\">\n\t\t\t\t<div class=\"elementor-widget-container\">\n\t\t\t\t\t\t\t\t\t\t\t\t\t\t\t<img fetchpriority=\"high\" decoding=\"async\" width=\"800\" height=\"450\" src=\"https:\/\/ejanc.org\/wp-content\/uploads\/2025\/05\/Monthly-Donor-Program-11-1024x576.png\" class=\"attachment-large size-large wp-image-7214\" alt=\"\" srcset=\"https:\/\/ejanc.org\/wp-content\/uploads\/2025\/05\/Monthly-Donor-Program-11-1024x576.png 1024w, https:\/\/ejanc.org\/wp-content\/uploads\/2025\/05\/Monthly-Donor-Program-11-300x169.png 300w, https:\/\/ejanc.org\/wp-content\/uploads\/2025\/05\/Monthly-Donor-Program-11-768x432.png 768w, https:\/\/ejanc.org\/wp-content\/uploads\/2025\/05\/Monthly-Donor-Program-11.png 1366w\" sizes=\"(max-width: 800px) 100vw, 800px\" \/>\t\t\t\t\t\t\t\t\t\t\t\t\t\t\t<\/div>\n\t\t\t\t<\/div>\n\t\t\t\t<div class=\"elementor-element elementor-element-06b6435 elementor-widget elementor-widget-text-editor\" data-id=\"06b6435\" data-element_type=\"widget\" data-e-type=\"widget\" data-widget_type=\"text-editor.default\">\n\t\t\t\t<div class=\"elementor-widget-container\">\n\t\t\t\t\t\t\t\t\t<h2><a href=\"https:\/\/ejanc.org\/es\/sostenedores-de-justicia-educativa\/\">Convi\u00e9rtete en un Aliados de Justicia Educativa<\/a><\/h2>\t\t\t\t\t\t\t\t<\/div>\n\t\t\t\t<\/div>\n\t\t\t\t<\/div>\n\t\t<div class=\"elementor-element elementor-element-59a40a2 e-con-full e-flex e-con e-child\" data-id=\"59a40a2\" data-element_type=\"container\" data-e-type=\"container\">\n\t\t\t\t<div class=\"elementor-element elementor-element-1bc38af elementor-widget elementor-widget-image\" data-id=\"1bc38af\" data-element_type=\"widget\" data-e-type=\"widget\" data-widget_type=\"image.default\">\n\t\t\t\t<div class=\"elementor-widget-container\">\n\t\t\t\t\t\t\t\t\t\t\t\t\t\t\t<img decoding=\"async\" width=\"1\" height=\"1\" src=\"https:\/\/ejanc.org\/wp-content\/uploads\/2024\/11\/swirl-1.svg\" class=\"attachment-large size-large wp-image-5820\" alt=\"\" \/>\t\t\t\t\t\t\t\t\t\t\t\t\t\t\t<\/div>\n\t\t\t\t<\/div>\n\t\t\t\t<div class=\"elementor-element elementor-element-4bc60d5 elementor-widget elementor-widget-text-editor\" data-id=\"4bc60d5\" data-element_type=\"widget\" data-e-type=\"widget\" data-widget_type=\"text-editor.default\">\n\t\t\t\t<div class=\"elementor-widget-container\">\n\t\t\t\t\t\t\t\t\t<h2><a href=\"https:\/\/ejanc.org\/es\/donar\/\">\u00danete a nuestra red de donaciones<\/a><\/h2>\t\t\t\t\t\t\t\t<\/div>\n\t\t\t\t<\/div>\n\t\t\t\t<\/div>\n\t\t\t\t\t<\/div>\n\t\t\t\t<\/div>\n\t\t\t\t<\/div>\n\t\t","protected":false},"excerpt":{"rendered":"<p>Convi\u00e9rtete en un Aliados de Justicia Educativa \u00danete a nuestra red de donaciones<\/p>\n","protected":false},"author":4,"featured_media":0,"parent":0,"menu_order":0,"comment_status":"closed","ping_status":"closed","template":"","meta":{"_acf_changed":false,"give_campaign_id":0,"inline_featured_image":false,"footnotes":""},"class_list":["post-7154","page","type-page","status-publish","hentry"],"acf":[],"yoast_head":"<!-- This site is optimized with the Yoast SEO plugin v27.0 - https:\/\/yoast.com\/product\/yoast-seo-wordpress\/ -->\n<title>Donar | Alianza por la Justicia en la Educaci\u00f3n<\/title>\n<meta name=\"robots\" content=\"index, follow, max-snippet:-1, max-image-preview:large, max-video-preview:-1\" \/>\n<link rel=\"canonical\" href=\"https:\/\/ejanc.org\/donate\/\" \/>\n<meta property=\"og:locale\" content=\"es_ES\" \/>\n<meta property=\"og:type\" content=\"article\" \/>\n<meta property=\"og:title\" content=\"Donar | Alianza por la Justicia en la Educaci\u00f3n\" \/>\n<meta property=\"og:description\" content=\"Convi\u00e9rtete en un Aliados de Justicia Educativa \u00danete a nuestra red de donaciones\" \/>\n<meta property=\"og:url\" content=\"https:\/\/ejanc.org\/donate\/\" \/>\n<meta property=\"og:site_name\" content=\"Alianza por la Justicia en la Educaci\u00f3n\" \/>\n<meta property=\"article:publisher\" content=\"https:\/\/www.facebook.com\/EJARALEIGHNC\/\" \/>\n<meta property=\"article:modified_time\" content=\"2025-05-09T04:09:08+00:00\" \/>\n<meta property=\"og:image\" content=\"https:\/\/ejanc.org\/wp-content\/uploads\/2025\/05\/Monthly-Donor-Program-11.png\" \/>\n\t<meta property=\"og:image:width\" content=\"1366\" \/>\n\t<meta property=\"og:image:height\" content=\"768\" \/>\n\t<meta property=\"og:image:type\" content=\"image\/png\" \/>\n<meta name=\"twitter:card\" content=\"summary_large_image\" \/>\n<meta name=\"twitter:label1\" content=\"Tiempo de lectura\" \/>\n\t<meta name=\"twitter:data1\" content=\"1 minuto\" \/>\n<script type=\"application\/ld+json\" class=\"yoast-schema-graph\">{\"@context\":\"https:\/\/schema.org\",\"@graph\":[{\"@type\":\"WebPage\",\"@id\":\"https:\/\/ejanc.org\/donate\/\",\"url\":\"https:\/\/ejanc.org\/donate\/\",\"name\":\"Donar | Alianza por la Justicia en la Educaci\u00f3n\",\"isPartOf\":{\"@id\":\"https:\/\/ejanc.org\/#website\"},\"primaryImageOfPage\":{\"@id\":\"https:\/\/ejanc.org\/donate\/#primaryimage\"},\"image\":{\"@id\":\"https:\/\/ejanc.org\/donate\/#primaryimage\"},\"thumbnailUrl\":\"https:\/\/ejanc.org\/wp-content\/uploads\/2025\/05\/Monthly-Donor-Program-11-1024x576.png\",\"datePublished\":\"2025-05-09T00:10:15+00:00\",\"dateModified\":\"2025-05-09T04:09:08+00:00\",\"breadcrumb\":{\"@id\":\"https:\/\/ejanc.org\/donate\/#breadcrumb\"},\"inLanguage\":\"es\",\"potentialAction\":[{\"@type\":\"ReadAction\",\"target\":[\"https:\/\/ejanc.org\/donate\/\"]}]},{\"@type\":\"ImageObject\",\"inLanguage\":\"es\",\"@id\":\"https:\/\/ejanc.org\/donate\/#primaryimage\",\"url\":\"https:\/\/ejanc.org\/wp-content\/uploads\/2025\/05\/Monthly-Donor-Program-11-1024x576.png\",\"contentUrl\":\"https:\/\/ejanc.org\/wp-content\/uploads\/2025\/05\/Monthly-Donor-Program-11-1024x576.png\"},{\"@type\":\"BreadcrumbList\",\"@id\":\"https:\/\/ejanc.org\/donate\/#breadcrumb\",\"itemListElement\":[{\"@type\":\"ListItem\",\"position\":1,\"name\":\"Home\",\"item\":\"https:\/\/ejanc.org\/es\/inicio\/\"},{\"@type\":\"ListItem\",\"position\":2,\"name\":\"Donar\"}]},{\"@type\":\"WebSite\",\"@id\":\"https:\/\/ejanc.org\/#website\",\"url\":\"https:\/\/ejanc.org\/\",\"name\":\"Alianza por la Justicia en la Educaci\u00f3n\",\"description\":\"\",\"publisher\":{\"@id\":\"https:\/\/ejanc.org\/#organization\"},\"potentialAction\":[{\"@type\":\"SearchAction\",\"target\":{\"@type\":\"EntryPoint\",\"urlTemplate\":\"https:\/\/ejanc.org\/?s={search_term_string}\"},\"query-input\":{\"@type\":\"PropertyValueSpecification\",\"valueRequired\":true,\"valueName\":\"search_term_string\"}}],\"inLanguage\":\"es\"},{\"@type\":\"Organization\",\"@id\":\"https:\/\/ejanc.org\/#organization\",\"name\":\"Alianza por la Justicia en la Educaci\u00f3n\",\"url\":\"https:\/\/ejanc.org\/\",\"logo\":{\"@type\":\"ImageObject\",\"inLanguage\":\"es\",\"@id\":\"https:\/\/ejanc.org\/#\/schema\/logo\/image\/\",\"url\":\"https:\/\/ejanc.org\/wp-content\/uploads\/2023\/10\/logo.png\",\"contentUrl\":\"https:\/\/ejanc.org\/wp-content\/uploads\/2023\/10\/logo.png\",\"width\":129,\"height\":132,\"caption\":\"Alianza por la Justicia en la Educaci\u00f3n\"},\"image\":{\"@id\":\"https:\/\/ejanc.org\/#\/schema\/logo\/image\/\"},\"sameAs\":[\"https:\/\/www.facebook.com\/EJARALEIGHNC\/\",\"https:\/\/www.instagram.com\/ejaraleighnc\/\",\"https:\/\/www.linkedin.com\/company\/ejaraleighnc\/about\/\",\"https:\/\/www.youtube.com\/@educationjusticealliance8063\"]}]}<\/script>\n<!-- \/ Yoast SEO plugin. -->","yoast_head_json":{"title":"Donar | Alianza por la Justicia en la Educaci\u00f3n","robots":{"index":"index","follow":"follow","max-snippet":"max-snippet:-1","max-image-preview":"max-image-preview:large","max-video-preview":"max-video-preview:-1"},"canonical":"https:\/\/ejanc.org\/donate\/","og_locale":"es_ES","og_type":"article","og_title":"Donar | Alianza por la Justicia en la Educaci\u00f3n","og_description":"Convi\u00e9rtete en un Aliados de Justicia Educativa \u00danete a nuestra red de donaciones","og_url":"https:\/\/ejanc.org\/donate\/","og_site_name":"Alianza por la Justicia en la Educaci\u00f3n","article_publisher":"https:\/\/www.facebook.com\/EJARALEIGHNC\/","article_modified_time":"2025-05-09T04:09:08+00:00","og_image":[{"width":1366,"height":768,"url":"https:\/\/ejanc.org\/wp-content\/uploads\/2025\/05\/Monthly-Donor-Program-11.png","type":"image\/png"}],"twitter_card":"summary_large_image","twitter_misc":{"Tiempo de lectura":"1 minuto"},"schema":{"@context":"https:\/\/schema.org","@graph":[{"@type":"WebPage","@id":"https:\/\/ejanc.org\/donate\/","url":"https:\/\/ejanc.org\/donate\/","name":"Donar | Alianza por la Justicia en la Educaci\u00f3n","isPartOf":{"@id":"https:\/\/ejanc.org\/#website"},"primaryImageOfPage":{"@id":"https:\/\/ejanc.org\/donate\/#primaryimage"},"image":{"@id":"https:\/\/ejanc.org\/donate\/#primaryimage"},"thumbnailUrl":"https:\/\/ejanc.org\/wp-content\/uploads\/2025\/05\/Monthly-Donor-Program-11-1024x576.png","datePublished":"2025-05-09T00:10:15+00:00","dateModified":"2025-05-09T04:09:08+00:00","breadcrumb":{"@id":"https:\/\/ejanc.org\/donate\/#breadcrumb"},"inLanguage":"es","potentialAction":[{"@type":"ReadAction","target":["https:\/\/ejanc.org\/donate\/"]}]},{"@type":"ImageObject","inLanguage":"es","@id":"https:\/\/ejanc.org\/donate\/#primaryimage","url":"https:\/\/ejanc.org\/wp-content\/uploads\/2025\/05\/Monthly-Donor-Program-11-1024x576.png","contentUrl":"https:\/\/ejanc.org\/wp-content\/uploads\/2025\/05\/Monthly-Donor-Program-11-1024x576.png"},{"@type":"BreadcrumbList","@id":"https:\/\/ejanc.org\/donate\/#breadcrumb","itemListElement":[{"@type":"ListItem","position":1,"name":"Home","item":"https:\/\/ejanc.org\/es\/inicio\/"},{"@type":"ListItem","position":2,"name":"Donar"}]},{"@type":"WebSite","@id":"https:\/\/ejanc.org\/#website","url":"https:\/\/ejanc.org\/","name":"Alianza por la Justicia en la Educaci\u00f3n","description":"","publisher":{"@id":"https:\/\/ejanc.org\/#organization"},"potentialAction":[{"@type":"SearchAction","target":{"@type":"EntryPoint","urlTemplate":"https:\/\/ejanc.org\/?s={search_term_string}"},"query-input":{"@type":"PropertyValueSpecification","valueRequired":true,"valueName":"search_term_string"}}],"inLanguage":"es"},{"@type":"Organization","@id":"https:\/\/ejanc.org\/#organization","name":"Alianza por la Justicia en la Educaci\u00f3n","url":"https:\/\/ejanc.org\/","logo":{"@type":"ImageObject","inLanguage":"es","@id":"https:\/\/ejanc.org\/#\/schema\/logo\/image\/","url":"https:\/\/ejanc.org\/wp-content\/uploads\/2023\/10\/logo.png","contentUrl":"https:\/\/ejanc.org\/wp-content\/uploads\/2023\/10\/logo.png","width":129,"height":132,"caption":"Alianza por la Justicia en la Educaci\u00f3n"},"image":{"@id":"https:\/\/ejanc.org\/#\/schema\/logo\/image\/"},"sameAs":["https:\/\/www.facebook.com\/EJARALEIGHNC\/","https:\/\/www.instagram.com\/ejaraleighnc\/","https:\/\/www.linkedin.com\/company\/ejaraleighnc\/about\/","https:\/\/www.youtube.com\/@educationjusticealliance8063"]}]}},"campaignId":"","_links":{"self":[{"href":"https:\/\/ejanc.org\/es\/wp-json\/wp\/v2\/pages\/7154","targetHints":{"allow":["GET"]}}],"collection":[{"href":"https:\/\/ejanc.org\/es\/wp-json\/wp\/v2\/pages"}],"about":[{"href":"https:\/\/ejanc.org\/es\/wp-json\/wp\/v2\/types\/page"}],"author":[{"embeddable":true,"href":"https:\/\/ejanc.org\/es\/wp-json\/wp\/v2\/users\/4"}],"replies":[{"embeddable":true,"href":"https:\/\/ejanc.org\/es\/wp-json\/wp\/v2\/comments?post=7154"}],"version-history":[{"count":7,"href":"https:\/\/ejanc.org\/es\/wp-json\/wp\/v2\/pages\/7154\/revisions"}],"predecessor-version":[{"id":7218,"href":"https:\/\/ejanc.org\/es\/wp-json\/wp\/v2\/pages\/7154\/revisions\/7218"}],"wp:attachment":[{"href":"https:\/\/ejanc.org\/es\/wp-json\/wp\/v2\/media?parent=7154"}],"curies":[{"name":"wp","href":"https:\/\/api.w.org\/{rel}","templated":true}]}}