{"id":7591,"date":"2025-05-30T12:40:21","date_gmt":"2025-05-30T16:40:21","guid":{"rendered":"https:\/\/ejanc.org\/como-protegerte-a-ti-y-a-tu-familia-y-conocer-tus-derechos\/"},"modified":"2025-09-08T12:57:07","modified_gmt":"2025-09-08T16:57:07","slug":"como-protegerte-a-ti-y-a-tu-familia-y-conocer-tus-derechos","status":"publish","type":"page","link":"https:\/\/ejanc.org\/es\/como-protegerte-a-ti-y-a-tu-familia-y-conocer-tus-derechos\/","title":{"rendered":"C\u00f3mo protegerte a ti y a tu familia (y conocer tus derechos)"},"content":{"rendered":"\t\t<div data-elementor-type=\"wp-page\" data-elementor-id=\"7591\" class=\"elementor elementor-7591 elementor-7585\" data-elementor-post-type=\"page\">\n\t\t\t\t<div class=\"elementor-element elementor-element-5613e31 e-flex e-con-boxed e-con e-parent\" data-id=\"5613e31\" data-element_type=\"container\" data-e-type=\"container\">\n\t\t\t\t\t<div class=\"e-con-inner\">\n\t\t<div class=\"elementor-element elementor-element-0eface6 e-con-full e-flex e-con e-child\" data-id=\"0eface6\" data-element_type=\"container\" data-e-type=\"container\">\n\t\t\t\t<div class=\"elementor-element elementor-element-86534ec elementor-widget__width-initial elementor-widget elementor-widget-heading\" data-id=\"86534ec\" data-element_type=\"widget\" data-e-type=\"widget\" data-widget_type=\"heading.default\">\n\t\t\t\t<div class=\"elementor-widget-container\">\n\t\t\t\t\t<h2 class=\"elementor-heading-title elementor-size-default\">TU DERECHO A LA EDUCACI\u00d3N<\/h2>\t\t\t\t<\/div>\n\t\t\t\t<\/div>\n\t\t\t\t<\/div>\n\t\t<div class=\"elementor-element elementor-element-18b9a4e e-con-full e-flex e-con e-child\" data-id=\"18b9a4e\" data-element_type=\"container\" data-e-type=\"container\">\n\t\t\t\t<div class=\"elementor-element elementor-element-d9ec424 elementor-widget elementor-widget-text-editor\" data-id=\"d9ec424\" data-element_type=\"widget\" data-e-type=\"widget\" data-widget_type=\"text-editor.default\">\n\t\t\t\t<div class=\"elementor-widget-container\">\n\t\t\t\t\t\t\t\t\t<ul>\n<li>\n<p>Independientemente de la situaci\u00f3n de inmigraci\u00f3n, todos los ni\u00f1os tienen derecho a una educaci\u00f3n p\u00fablica gratuita K-12<\/p>\n<\/li>\n<li>\n<p>Las escuelas no pueden denegar la matr\u00edcula por motivos de inmigraci\u00f3n ni pedir documentos de inmigraci\u00f3n<\/p>\n<\/li>\n<li>\n<p>No necesitas proporcionar un n\u00famero de la Seguridad Social para inscribir a tu hijo en la escuela<\/p>\n<\/li>\n<\/ul>\n<div><br><\/div>\t\t\t\t\t\t\t\t<\/div>\n\t\t\t\t<\/div>\n\t\t<div class=\"elementor-element elementor-element-970e8db e-con-full e-flex e-con e-child\" data-id=\"970e8db\" data-element_type=\"container\" data-e-type=\"container\">\n\t\t\t\t<div class=\"elementor-element elementor-element-fc57804 elementor-widget elementor-widget-heading\" data-id=\"fc57804\" data-element_type=\"widget\" data-e-type=\"widget\" data-widget_type=\"heading.default\">\n\t\t\t\t<div class=\"elementor-widget-container\">\n\t\t\t\t\t<h2 class=\"elementor-heading-title elementor-size-default\">CREA UN PLAN FAMILIAR<\/h2>\t\t\t\t<\/div>\n\t\t\t\t<\/div>\n\t\t\t\t<\/div>\n\t\t\t\t<\/div>\n\t\t\t\t<div class=\"elementor-element elementor-element-e01ad5c elementor-widget elementor-widget-text-editor\" data-id=\"e01ad5c\" data-element_type=\"widget\" data-e-type=\"widget\" data-widget_type=\"text-editor.default\">\n\t\t\t\t<div class=\"elementor-widget-container\">\n\t\t\t\t\t\t\t\t\t<p>Todas las familias deben crear un plan de seguridad en caso de detenci\u00f3n, retenci\u00f3n o expulsi\u00f3n inesperada por motivos de inmigraci\u00f3n. Independientemente de la situaci\u00f3n de inmigraci\u00f3n, un plan de seguridad familiar puede ayudar a reducir el estr\u00e9s y permitir a tu familia mantener informaci\u00f3n valiosa f\u00e1cilmente accesible en caso de emergencia. <\/p><ul><li><p><span style=\"font-weight: 400;\">Haz un plan claro sobre a qui\u00e9n debe llamar o acudir tu hijo si est\u00e1s detenido o ilocalizable<\/span><\/p><\/li><li style=\"font-weight: 400;\" aria-level=\"1\"><p><span style=\"font-weight: 400;\">Habla con tu familia sobre lo que podr\u00eda ocurrir si el ICE llega a tu casa o a tu vecindario<\/span><\/p><\/li><li style=\"font-weight: 400;\" aria-level=\"1\"><p><span style=\"font-weight: 400;\">Considera la posibilidad de rellenar un poder notarial para nombrar a alguien que pueda cuidar de tus hijos en caso necesario<\/span><\/p><\/li><li style=\"font-weight: 400;\" aria-level=\"1\"><p><span style=\"font-weight: 400;\">Ten tus documentos importantes en un lugar seguro, incluidos historiales m\u00e9dicos, documentos legales y pruebas de que has vivido en EE.UU. m\u00e1s de 2 a\u00f1os.<\/span><\/p><\/li><li style=\"font-weight: 400;\" aria-level=\"1\"><p><span style=\"font-weight: 400;\">Lleva siempre contigo<\/span><b> Tarjeta \u00abConoce tus derechos<\/b><span style=\"font-weight: 400;\"> y ense\u00f1a a tu familia a utilizarla<\/span><\/p><\/li><\/ul><p> <\/p>\t\t\t\t\t\t\t\t<\/div>\n\t\t\t\t<\/div>\n\t\t\t\t\t<\/div>\n\t\t\t\t<\/div>\n\t\t<div class=\"elementor-element elementor-element-eafb3d6 e-flex e-con-boxed e-con e-parent\" data-id=\"eafb3d6\" data-element_type=\"container\" data-e-type=\"container\">\n\t\t\t\t\t<div class=\"e-con-inner\">\n\t\t\t\t<div class=\"elementor-element elementor-element-e7be753 elementor-widget elementor-widget-heading\" data-id=\"e7be753\" data-element_type=\"widget\" data-e-type=\"widget\" data-widget_type=\"heading.default\">\n\t\t\t\t<div class=\"elementor-widget-container\">\n\t\t\t\t\t<h2 class=\"elementor-heading-title elementor-size-default\">mant\u00e9n actualizada la informaci\u00f3n de contacto<\/h2>\t\t\t\t<\/div>\n\t\t\t\t<\/div>\n\t\t\t\t\t<\/div>\n\t\t\t\t<\/div>\n\t\t<div class=\"elementor-element elementor-element-0bf4540 e-flex e-con-boxed e-con e-parent\" data-id=\"0bf4540\" data-element_type=\"container\" data-e-type=\"container\">\n\t\t\t\t\t<div class=\"e-con-inner\">\n\t\t\t\t<div class=\"elementor-element elementor-element-66904e5 elementor-widget elementor-widget-text-editor\" data-id=\"66904e5\" data-element_type=\"widget\" data-e-type=\"widget\" data-widget_type=\"text-editor.default\">\n\t\t\t\t<div class=\"elementor-widget-container\">\n\t\t\t\t\t\t\t\t\t<p><span style=\"font-weight: 400;\">Aseg\u00farate de que la escuela tiene los n\u00fameros de tel\u00e9fono correctos y los contactos de emergencia de tu familia<\/span><\/p><p> <\/p>\t\t\t\t\t\t\t\t<\/div>\n\t\t\t\t<\/div>\n\t\t\t\t\t<\/div>\n\t\t\t\t<\/div>\n\t\t<div class=\"elementor-element elementor-element-ddb3464 e-flex e-con-boxed e-con e-parent\" data-id=\"ddb3464\" data-element_type=\"container\" data-e-type=\"container\">\n\t\t\t\t\t<div class=\"e-con-inner\">\n\t\t\t\t<div class=\"elementor-element elementor-element-75a69d5 elementor-widget elementor-widget-heading\" data-id=\"75a69d5\" data-element_type=\"widget\" data-e-type=\"widget\" data-widget_type=\"heading.default\">\n\t\t\t\t<div class=\"elementor-widget-container\">\n\t\t\t\t\t<h2 class=\"elementor-heading-title elementor-size-default\">si te encuentras con hielo...  <\/h2>\t\t\t\t<\/div>\n\t\t\t\t<\/div>\n\t\t\t\t\t<\/div>\n\t\t\t\t<\/div>\n\t\t<div class=\"elementor-element elementor-element-11b7249 e-flex e-con-boxed e-con e-parent\" data-id=\"11b7249\" data-element_type=\"container\" data-e-type=\"container\">\n\t\t\t\t\t<div class=\"e-con-inner\">\n\t\t\t\t<div class=\"elementor-element elementor-element-df2c301 elementor-widget elementor-widget-text-editor\" data-id=\"df2c301\" data-element_type=\"widget\" data-e-type=\"widget\" data-widget_type=\"text-editor.default\">\n\t\t\t\t<div class=\"elementor-widget-container\">\n\t\t\t\t\t\t\t\t\t<ul>\n<li>Tienes derecho a guardar silencio<\/li>\n<li><span style=\"text-decoration: underline;\"><strong>No abras la puerta<\/strong><\/span> a menos que el ICE muestre una <span style=\"text-decoration: underline;\"><strong>orden judicial firmada por un juez<\/strong><\/span><\/li>\n<li><span style=\"text-decoration: underline;\"><strong>Tienes derecho a un abogado<\/strong><\/span> y no tienes que firmar nada antes de hablar con uno<\/li>\n<li>Informa al ICE si tienes hijos, especialmente si eres el cuidador principal<\/li>\n<\/ul><div><br><\/div>\t\t\t\t\t\t\t\t<\/div>\n\t\t\t\t<\/div>\n\t\t\t\t\t<\/div>\n\t\t\t\t<\/div>\n\t\t<div class=\"elementor-element elementor-element-f7d3be8 e-flex e-con-boxed e-con e-parent\" data-id=\"f7d3be8\" data-element_type=\"container\" data-e-type=\"container\">\n\t\t\t\t\t<div class=\"e-con-inner\">\n\t\t\t\t<div class=\"elementor-element elementor-element-3b48c37 elementor-widget elementor-widget-text-editor\" data-id=\"3b48c37\" data-element_type=\"widget\" data-e-type=\"widget\" data-widget_type=\"text-editor.default\">\n\t\t\t\t<div class=\"elementor-widget-container\">\n\t\t\t\t\t\t\t\t\t<p> <\/p><p><a href=\"https:\/\/drive.google.com\/file\/d\/1goxzS8PLIHBicdO8Tk8YdRjuDDXFwwi4\/view?usp=sharing\"><b>Haz clic aqu\u00ed<\/b><\/a> <span style=\"font-weight: 400;\">para obtener m\u00e1s orientaci\u00f3n sobre la creaci\u00f3n de un plan de seguridad.<\/span><\/p><p><a href=\"https:\/\/drive.google.com\/file\/d\/1FB9ymt0lvr6j9f4VLBMG4G7ZgU_zJp8t\/view?usp=sharing\"><b>Haz clic aqu\u00ed<\/b><\/a><span style=\"font-weight: 400;\"> para obtener m\u00e1s informaci\u00f3n sobre el poder notarial. <\/span> <\/p><p><a href=\"https:\/\/ailalawyer.com\/spanish\/default.aspx\"><b>Haz clic aqu\u00ed<\/b><\/a><span style=\"font-weight: 400;\"> para m\u00e1s informaci\u00f3n sobre c\u00f3mo encontrar un abogado. <\/span> <\/p><p><a href=\"https:\/\/drive.google.com\/file\/d\/1UUHjNQq4imJPQd9sbKUX2GovJrhRKhIh\/view?usp=sharing\"><b>Haz clic aqu\u00ed<\/b><\/a><span style=\"font-weight: 400;\"> para obtener una plantilla de \u00ablista de contactos de emergencia\u00bb. <\/span> <\/p><p><a href=\"https:\/\/drive.google.com\/file\/d\/1WXc_czTf9hVVhU3KkarOnyxSvMFNTRyi\/view?usp=sharing\"><b>Pulsa aqu\u00ed<\/b><\/a><span style=\"font-weight: 400;\"> para obtener informaci\u00f3n importante sobre tus hijos. <\/span> <\/p><p><a href=\"https:\/\/drive.google.com\/file\/d\/1lukI36hsYvGX58D_5Dum8vtiEmocWm1P\/view?usp=sharing\"><b>Pulsa aqu\u00ed<\/b><\/a><span style=\"font-weight: 400;\"> para obtener informaci\u00f3n importante sobre tus finanzas y propiedades. <\/span> <\/p><p><a href=\"https:\/\/drive.google.com\/file\/d\/10WwNSeh-QNbIp7jllhsMnPz0NGNV6Nw_\/view?usp=sharing\"><b>Haz clic aqu\u00ed<\/b><\/a><span style=\"font-weight: 400;\"> para obtener informaci\u00f3n sobre las oficinas consulares. <\/span> <\/p><p><a href=\"https:\/\/www.ilrc.org\/red-cards-tarjetas-rojas\"><b>Haz clic aqu\u00ed<\/b><\/a> <span style=\"font-weight: 400;\">para descargar e imprimir las tarjetas rojas. <\/span> <\/p><p><span style=\"font-weight: 400;\">\u00bfQuieres saber m\u00e1s sobre alguno de los temas mencionados? <\/span><a href=\"https:\/\/ejanc.org\/es\/recursos-para-inmigrantes\/\"><b>Haz clic aqu\u00ed<\/b><\/a><span style=\"font-weight: 400;\"> para acceder a una Gu\u00eda de Recursos con enlaces para obtener m\u00e1s informaci\u00f3n<\/span><\/p>\t\t\t\t\t\t\t\t<\/div>\n\t\t\t\t<\/div>\n\t\t\t\t\t<\/div>\n\t\t\t\t<\/div>\n\t\t\t\t<\/div>\n\t\t","protected":false},"excerpt":{"rendered":"<p>TU DERECHO A LA EDUCACI\u00d3N Independientemente de la situaci\u00f3n de inmigraci\u00f3n, todos los ni\u00f1os tienen derecho a una educaci\u00f3n p\u00fablica gratuita K-12 Las escuelas no pueden denegar la matr\u00edcula por [&hellip;]<\/p>\n","protected":false},"author":4,"featured_media":0,"parent":0,"menu_order":0,"comment_status":"closed","ping_status":"closed","template":"","meta":{"_acf_changed":false,"give_campaign_id":0,"inline_featured_image":false,"footnotes":""},"class_list":["post-7591","page","type-page","status-publish","hentry"],"acf":[],"yoast_head":"<!-- This site is optimized with the Yoast SEO plugin v27.0 - https:\/\/yoast.com\/product\/yoast-seo-wordpress\/ -->\n<title>C\u00f3mo protegerte a ti y a tu familia (y conocer tus derechos) | Alianza por la Justicia en la Educaci\u00f3n<\/title>\n<meta name=\"robots\" content=\"index, follow, max-snippet:-1, max-image-preview:large, max-video-preview:-1\" \/>\n<link rel=\"canonical\" href=\"https:\/\/ejanc.org\/es\/como-protegerte-a-ti-y-a-tu-familia-y-conocer-tus-derechos\/\" \/>\n<meta property=\"og:locale\" content=\"es_ES\" \/>\n<meta property=\"og:type\" content=\"article\" \/>\n<meta property=\"og:title\" content=\"C\u00f3mo protegerte a ti y a tu familia (y conocer tus derechos) | Alianza por la Justicia en la Educaci\u00f3n\" \/>\n<meta property=\"og:description\" content=\"TU DERECHO A LA EDUCACI\u00d3N Independientemente de la situaci\u00f3n de inmigraci\u00f3n, todos los ni\u00f1os tienen derecho a una educaci\u00f3n p\u00fablica gratuita K-12 Las escuelas no pueden denegar la matr\u00edcula por [&hellip;]\" \/>\n<meta property=\"og:url\" content=\"https:\/\/ejanc.org\/es\/como-protegerte-a-ti-y-a-tu-familia-y-conocer-tus-derechos\/\" \/>\n<meta property=\"og:site_name\" content=\"Alianza por la Justicia en la Educaci\u00f3n\" \/>\n<meta property=\"article:publisher\" content=\"https:\/\/www.facebook.com\/EJARALEIGHNC\/\" \/>\n<meta property=\"article:modified_time\" content=\"2025-09-08T16:57:07+00:00\" \/>\n<meta name=\"twitter:card\" content=\"summary_large_image\" \/>\n<meta name=\"twitter:label1\" content=\"Tiempo de lectura\" \/>\n\t<meta name=\"twitter:data1\" content=\"2 minutos\" \/>\n<script type=\"application\/ld+json\" class=\"yoast-schema-graph\">{\"@context\":\"https:\/\/schema.org\",\"@graph\":[{\"@type\":\"WebPage\",\"@id\":\"https:\/\/ejanc.org\/es\/como-protegerte-a-ti-y-a-tu-familia-y-conocer-tus-derechos\/\",\"url\":\"https:\/\/ejanc.org\/es\/como-protegerte-a-ti-y-a-tu-familia-y-conocer-tus-derechos\/\",\"name\":\"C\u00f3mo protegerte a ti y a tu familia (y conocer tus derechos) | Alianza por la Justicia en la Educaci\u00f3n\",\"isPartOf\":{\"@id\":\"https:\/\/ejanc.org\/#website\"},\"datePublished\":\"2025-05-30T16:40:21+00:00\",\"dateModified\":\"2025-09-08T16:57:07+00:00\",\"breadcrumb\":{\"@id\":\"https:\/\/ejanc.org\/es\/como-protegerte-a-ti-y-a-tu-familia-y-conocer-tus-derechos\/#breadcrumb\"},\"inLanguage\":\"es\",\"potentialAction\":[{\"@type\":\"ReadAction\",\"target\":[\"https:\/\/ejanc.org\/es\/como-protegerte-a-ti-y-a-tu-familia-y-conocer-tus-derechos\/\"]}]},{\"@type\":\"BreadcrumbList\",\"@id\":\"https:\/\/ejanc.org\/es\/como-protegerte-a-ti-y-a-tu-familia-y-conocer-tus-derechos\/#breadcrumb\",\"itemListElement\":[{\"@type\":\"ListItem\",\"position\":1,\"name\":\"Home\",\"item\":\"https:\/\/ejanc.org\/es\/inicio\/\"},{\"@type\":\"ListItem\",\"position\":2,\"name\":\"C\u00f3mo protegerte a ti y a tu familia (y conocer tus derechos)\"}]},{\"@type\":\"WebSite\",\"@id\":\"https:\/\/ejanc.org\/#website\",\"url\":\"https:\/\/ejanc.org\/\",\"name\":\"Alianza por la Justicia en la Educaci\u00f3n\",\"description\":\"\",\"publisher\":{\"@id\":\"https:\/\/ejanc.org\/#organization\"},\"potentialAction\":[{\"@type\":\"SearchAction\",\"target\":{\"@type\":\"EntryPoint\",\"urlTemplate\":\"https:\/\/ejanc.org\/?s={search_term_string}\"},\"query-input\":{\"@type\":\"PropertyValueSpecification\",\"valueRequired\":true,\"valueName\":\"search_term_string\"}}],\"inLanguage\":\"es\"},{\"@type\":\"Organization\",\"@id\":\"https:\/\/ejanc.org\/#organization\",\"name\":\"Alianza por la Justicia en la Educaci\u00f3n\",\"url\":\"https:\/\/ejanc.org\/\",\"logo\":{\"@type\":\"ImageObject\",\"inLanguage\":\"es\",\"@id\":\"https:\/\/ejanc.org\/#\/schema\/logo\/image\/\",\"url\":\"https:\/\/ejanc.org\/wp-content\/uploads\/2023\/10\/logo.png\",\"contentUrl\":\"https:\/\/ejanc.org\/wp-content\/uploads\/2023\/10\/logo.png\",\"width\":129,\"height\":132,\"caption\":\"Alianza por la Justicia en la Educaci\u00f3n\"},\"image\":{\"@id\":\"https:\/\/ejanc.org\/#\/schema\/logo\/image\/\"},\"sameAs\":[\"https:\/\/www.facebook.com\/EJARALEIGHNC\/\",\"https:\/\/www.instagram.com\/ejaraleighnc\/\",\"https:\/\/www.linkedin.com\/company\/ejaraleighnc\/about\/\",\"https:\/\/www.youtube.com\/@educationjusticealliance8063\"]}]}<\/script>\n<!-- \/ Yoast SEO plugin. -->","yoast_head_json":{"title":"C\u00f3mo protegerte a ti y a tu familia (y conocer tus derechos) | Alianza por la Justicia en la Educaci\u00f3n","robots":{"index":"index","follow":"follow","max-snippet":"max-snippet:-1","max-image-preview":"max-image-preview:large","max-video-preview":"max-video-preview:-1"},"canonical":"https:\/\/ejanc.org\/es\/como-protegerte-a-ti-y-a-tu-familia-y-conocer-tus-derechos\/","og_locale":"es_ES","og_type":"article","og_title":"C\u00f3mo protegerte a ti y a tu familia (y conocer tus derechos) | Alianza por la Justicia en la Educaci\u00f3n","og_description":"TU DERECHO A LA EDUCACI\u00d3N Independientemente de la situaci\u00f3n de inmigraci\u00f3n, todos los ni\u00f1os tienen derecho a una educaci\u00f3n p\u00fablica gratuita K-12 Las escuelas no pueden denegar la matr\u00edcula por [&hellip;]","og_url":"https:\/\/ejanc.org\/es\/como-protegerte-a-ti-y-a-tu-familia-y-conocer-tus-derechos\/","og_site_name":"Alianza por la Justicia en la Educaci\u00f3n","article_publisher":"https:\/\/www.facebook.com\/EJARALEIGHNC\/","article_modified_time":"2025-09-08T16:57:07+00:00","twitter_card":"summary_large_image","twitter_misc":{"Tiempo de lectura":"2 minutos"},"schema":{"@context":"https:\/\/schema.org","@graph":[{"@type":"WebPage","@id":"https:\/\/ejanc.org\/es\/como-protegerte-a-ti-y-a-tu-familia-y-conocer-tus-derechos\/","url":"https:\/\/ejanc.org\/es\/como-protegerte-a-ti-y-a-tu-familia-y-conocer-tus-derechos\/","name":"C\u00f3mo protegerte a ti y a tu familia (y conocer tus derechos) | Alianza por la Justicia en la Educaci\u00f3n","isPartOf":{"@id":"https:\/\/ejanc.org\/#website"},"datePublished":"2025-05-30T16:40:21+00:00","dateModified":"2025-09-08T16:57:07+00:00","breadcrumb":{"@id":"https:\/\/ejanc.org\/es\/como-protegerte-a-ti-y-a-tu-familia-y-conocer-tus-derechos\/#breadcrumb"},"inLanguage":"es","potentialAction":[{"@type":"ReadAction","target":["https:\/\/ejanc.org\/es\/como-protegerte-a-ti-y-a-tu-familia-y-conocer-tus-derechos\/"]}]},{"@type":"BreadcrumbList","@id":"https:\/\/ejanc.org\/es\/como-protegerte-a-ti-y-a-tu-familia-y-conocer-tus-derechos\/#breadcrumb","itemListElement":[{"@type":"ListItem","position":1,"name":"Home","item":"https:\/\/ejanc.org\/es\/inicio\/"},{"@type":"ListItem","position":2,"name":"C\u00f3mo protegerte a ti y a tu familia (y conocer tus derechos)"}]},{"@type":"WebSite","@id":"https:\/\/ejanc.org\/#website","url":"https:\/\/ejanc.org\/","name":"Alianza por la Justicia en la Educaci\u00f3n","description":"","publisher":{"@id":"https:\/\/ejanc.org\/#organization"},"potentialAction":[{"@type":"SearchAction","target":{"@type":"EntryPoint","urlTemplate":"https:\/\/ejanc.org\/?s={search_term_string}"},"query-input":{"@type":"PropertyValueSpecification","valueRequired":true,"valueName":"search_term_string"}}],"inLanguage":"es"},{"@type":"Organization","@id":"https:\/\/ejanc.org\/#organization","name":"Alianza por la Justicia en la Educaci\u00f3n","url":"https:\/\/ejanc.org\/","logo":{"@type":"ImageObject","inLanguage":"es","@id":"https:\/\/ejanc.org\/#\/schema\/logo\/image\/","url":"https:\/\/ejanc.org\/wp-content\/uploads\/2023\/10\/logo.png","contentUrl":"https:\/\/ejanc.org\/wp-content\/uploads\/2023\/10\/logo.png","width":129,"height":132,"caption":"Alianza por la Justicia en la Educaci\u00f3n"},"image":{"@id":"https:\/\/ejanc.org\/#\/schema\/logo\/image\/"},"sameAs":["https:\/\/www.facebook.com\/EJARALEIGHNC\/","https:\/\/www.instagram.com\/ejaraleighnc\/","https:\/\/www.linkedin.com\/company\/ejaraleighnc\/about\/","https:\/\/www.youtube.com\/@educationjusticealliance8063"]}]}},"campaignId":"","_links":{"self":[{"href":"https:\/\/ejanc.org\/es\/wp-json\/wp\/v2\/pages\/7591","targetHints":{"allow":["GET"]}}],"collection":[{"href":"https:\/\/ejanc.org\/es\/wp-json\/wp\/v2\/pages"}],"about":[{"href":"https:\/\/ejanc.org\/es\/wp-json\/wp\/v2\/types\/page"}],"author":[{"embeddable":true,"href":"https:\/\/ejanc.org\/es\/wp-json\/wp\/v2\/users\/4"}],"replies":[{"embeddable":true,"href":"https:\/\/ejanc.org\/es\/wp-json\/wp\/v2\/comments?post=7591"}],"version-history":[{"count":7,"href":"https:\/\/ejanc.org\/es\/wp-json\/wp\/v2\/pages\/7591\/revisions"}],"predecessor-version":[{"id":8576,"href":"https:\/\/ejanc.org\/es\/wp-json\/wp\/v2\/pages\/7591\/revisions\/8576"}],"wp:attachment":[{"href":"https:\/\/ejanc.org\/es\/wp-json\/wp\/v2\/media?parent=7591"}],"curies":[{"name":"wp","href":"https:\/\/api.w.org\/{rel}","templated":true}]}}