{"id":7605,"date":"2025-05-30T12:43:58","date_gmt":"2025-05-30T16:43:58","guid":{"rendered":"https:\/\/ejanc.org\/hablar-con-los-ninos-sobre-sus-derechos\/"},"modified":"2025-09-08T13:15:28","modified_gmt":"2025-09-08T17:15:28","slug":"hablar-con-los-ninos-sobre-sus-derechos","status":"publish","type":"page","link":"https:\/\/ejanc.org\/es\/hablar-con-los-ninos-sobre-sus-derechos\/","title":{"rendered":"Hablar con los ni\u00f1os sobre sus derechos"},"content":{"rendered":"\t\t<div data-elementor-type=\"wp-page\" data-elementor-id=\"7605\" class=\"elementor elementor-7605 elementor-7601\" data-elementor-post-type=\"page\">\n\t\t\t\t<div class=\"elementor-element elementor-element-b621321 e-flex e-con-boxed e-con e-parent\" data-id=\"b621321\" data-element_type=\"container\" data-e-type=\"container\">\n\t\t\t\t\t<div class=\"e-con-inner\">\n\t\t\t\t<div class=\"elementor-element elementor-element-ee85ae2 elementor-widget elementor-widget-text-editor\" data-id=\"ee85ae2\" data-element_type=\"widget\" data-e-type=\"widget\" data-widget_type=\"text-editor.default\">\n\t\t\t\t<div class=\"elementor-widget-container\">\n\t\t\t\t\t\t\t\t\t<ul><li style=\"font-weight: 400;\" aria-level=\"1\"><b>Hazles saber que se supone que las escuelas deben protegerles.<\/b><span style=\"font-weight: 400;\">  Aseg\u00farales que nadie debe preguntarles por su situaci\u00f3n de inmigraci\u00f3n, y que los profesores no pueden interrogarles sobre sus antecedentes.<\/span><p> <\/p><\/li><li style=\"font-weight: 400;\" aria-level=\"1\"><b>Si no vas a estar en casa despu\u00e9s de clase<\/b><span style=\"font-weight: 400;\">dile a tu hijo exactamente qui\u00e9n puede recogerle o ir a buscarle a la parada del autob\u00fas. Guarda en su mochila una lista de adultos de confianza y sus n\u00fameros de tel\u00e9fono.<\/span><p> <\/p><\/li><li style=\"font-weight: 400;\" aria-level=\"1\"><b>Practica pasos tranquilos y claros<\/b><span style=\"font-weight: 400;\">  sobre qu\u00e9 hacer si se menciona a ICE en la escuela o si ven a la polic\u00eda cerca del recinto escolar. Por ejemplo \u201cSi algo te da miedo o te resulta confuso, busca a un adulto de confianza, como tu profesor o tu orientador escolar, y d\u00edselo enseguida\u201d.<\/span><p> <\/p><\/li><li style=\"font-weight: 400;\" aria-level=\"1\"><b>Prepara un gui\u00f3n sencillo que puedan utilizar<\/b><span style=\"font-weight: 400;\"> si alguien les pregunta por su familia o sus antecedentes: \u201cNo estoy seguro. Tendr\u00e9 que preguntar a mis padres\u201d.<\/span><p> <\/p><\/li><li style=\"font-weight: 400;\" aria-level=\"1\"><b>Recu\u00e9rdales que no es su trabajo responder a las preguntas<\/b><span style=\"font-weight: 400;\">  de adultos que no conocen. Hazles saber que siempre pueden decir \u201cno lo s\u00e9\u201d y venir a buscarte m\u00e1s tarde.<\/span><p> <\/p><\/li><li style=\"font-weight: 400;\" aria-level=\"1\"><b>Aseg\u00farales que tienes un plan.<\/b><span style=\"font-weight: 400;\"> Saber que has tomado medidas para mantenerlos a salvo (como nombrar a alguien con<\/span><a href=\"https:\/\/drive.google.com\/file\/d\/1FB9ymt0lvr6j9f4VLBMG4G7ZgU_zJp8t\/view?usp=sharing\"><span style=\"font-weight: 400;\"> poder notarial <\/span><\/a><span style=\"font-weight: 400;\">o crear un plan de seguridad) puede aliviar su ansiedad.<\/span><\/li><\/ul>\t\t\t\t\t\t\t\t<\/div>\n\t\t\t\t<\/div>\n\t\t\t\t\t<\/div>\n\t\t\t\t<\/div>\n\t\t<div class=\"elementor-element elementor-element-386825e e-flex e-con-boxed e-con e-parent\" data-id=\"386825e\" data-element_type=\"container\" data-e-type=\"container\">\n\t\t\t\t\t<div class=\"e-con-inner\">\n\t\t\t\t<div class=\"elementor-element elementor-element-2451942 elementor-widget elementor-widget-text-editor\" data-id=\"2451942\" data-element_type=\"widget\" data-e-type=\"widget\" data-widget_type=\"text-editor.default\">\n\t\t\t\t<div class=\"elementor-widget-container\">\n\t\t\t\t\t\t\t\t\t<p> <\/p><p><a href=\"https:\/\/elfuturo-nc.org\/?fbclid=IwY2xjawLnYDpleHRuA2FlbQIxMABicmlkETEyMVNrdWtqd0g3SVJXRDVLAR7mJSXWYyout6_IZnm9VuZDwmocvAlXSeepWFqns-BWCI8njUp2wzdu9wiqGQ_aem_W7EohS7qGi4VUFHUK1SQgw\"><span style=\"font-weight: 400;\">EL futuro<\/span><\/a><span style=\"font-weight: 400;\"> y Centro Unido Latinoamericano <\/span> <\/p>\t\t\t\t\t\t\t\t<\/div>\n\t\t\t\t<\/div>\n\t\t\t\t\t<\/div>\n\t\t\t\t<\/div>\n\t\t\t\t<\/div>\n\t\t","protected":false},"excerpt":{"rendered":"<p>Hazles saber que se supone que las escuelas deben protegerles. Aseg\u00farales que nadie debe preguntarles por su situaci\u00f3n de inmigraci\u00f3n, y que los profesores no pueden interrogarles sobre sus antecedentes. [&hellip;]<\/p>\n","protected":false},"author":4,"featured_media":0,"parent":0,"menu_order":0,"comment_status":"closed","ping_status":"closed","template":"","meta":{"_acf_changed":false,"give_campaign_id":0,"inline_featured_image":false,"footnotes":""},"class_list":["post-7605","page","type-page","status-publish","hentry"],"acf":[],"yoast_head":"<!-- This site is optimized with the Yoast SEO plugin v27.0 - https:\/\/yoast.com\/product\/yoast-seo-wordpress\/ -->\n<title>Hablar con los ni\u00f1os sobre sus derechos | Alianza por la Justicia en la Educaci\u00f3n<\/title>\n<meta name=\"robots\" content=\"index, follow, max-snippet:-1, max-image-preview:large, max-video-preview:-1\" \/>\n<link rel=\"canonical\" href=\"https:\/\/ejanc.org\/es\/hablar-con-los-ninos-sobre-sus-derechos\/\" \/>\n<meta property=\"og:locale\" content=\"es_ES\" \/>\n<meta property=\"og:type\" content=\"article\" \/>\n<meta property=\"og:title\" content=\"Hablar con los ni\u00f1os sobre sus derechos | Alianza por la Justicia en la Educaci\u00f3n\" \/>\n<meta property=\"og:description\" content=\"Hazles saber que se supone que las escuelas deben protegerles. Aseg\u00farales que nadie debe preguntarles por su situaci\u00f3n de inmigraci\u00f3n, y que los profesores no pueden interrogarles sobre sus antecedentes. [&hellip;]\" \/>\n<meta property=\"og:url\" content=\"https:\/\/ejanc.org\/es\/hablar-con-los-ninos-sobre-sus-derechos\/\" \/>\n<meta property=\"og:site_name\" content=\"Alianza por la Justicia en la Educaci\u00f3n\" \/>\n<meta property=\"article:publisher\" content=\"https:\/\/www.facebook.com\/EJARALEIGHNC\/\" \/>\n<meta property=\"article:modified_time\" content=\"2025-09-08T17:15:28+00:00\" \/>\n<meta name=\"twitter:card\" content=\"summary_large_image\" \/>\n<meta name=\"twitter:label1\" content=\"Tiempo de lectura\" \/>\n\t<meta name=\"twitter:data1\" content=\"1 minuto\" \/>\n<script type=\"application\/ld+json\" class=\"yoast-schema-graph\">{\"@context\":\"https:\/\/schema.org\",\"@graph\":[{\"@type\":\"WebPage\",\"@id\":\"https:\/\/ejanc.org\/es\/hablar-con-los-ninos-sobre-sus-derechos\/\",\"url\":\"https:\/\/ejanc.org\/es\/hablar-con-los-ninos-sobre-sus-derechos\/\",\"name\":\"Hablar con los ni\u00f1os sobre sus derechos | Alianza por la Justicia en la Educaci\u00f3n\",\"isPartOf\":{\"@id\":\"https:\/\/ejanc.org\/#website\"},\"datePublished\":\"2025-05-30T16:43:58+00:00\",\"dateModified\":\"2025-09-08T17:15:28+00:00\",\"breadcrumb\":{\"@id\":\"https:\/\/ejanc.org\/es\/hablar-con-los-ninos-sobre-sus-derechos\/#breadcrumb\"},\"inLanguage\":\"es\",\"potentialAction\":[{\"@type\":\"ReadAction\",\"target\":[\"https:\/\/ejanc.org\/es\/hablar-con-los-ninos-sobre-sus-derechos\/\"]}]},{\"@type\":\"BreadcrumbList\",\"@id\":\"https:\/\/ejanc.org\/es\/hablar-con-los-ninos-sobre-sus-derechos\/#breadcrumb\",\"itemListElement\":[{\"@type\":\"ListItem\",\"position\":1,\"name\":\"Home\",\"item\":\"https:\/\/ejanc.org\/es\/inicio\/\"},{\"@type\":\"ListItem\",\"position\":2,\"name\":\"Hablar con los ni\u00f1os sobre sus derechos\"}]},{\"@type\":\"WebSite\",\"@id\":\"https:\/\/ejanc.org\/#website\",\"url\":\"https:\/\/ejanc.org\/\",\"name\":\"Alianza por la Justicia en la Educaci\u00f3n\",\"description\":\"\",\"publisher\":{\"@id\":\"https:\/\/ejanc.org\/#organization\"},\"potentialAction\":[{\"@type\":\"SearchAction\",\"target\":{\"@type\":\"EntryPoint\",\"urlTemplate\":\"https:\/\/ejanc.org\/?s={search_term_string}\"},\"query-input\":{\"@type\":\"PropertyValueSpecification\",\"valueRequired\":true,\"valueName\":\"search_term_string\"}}],\"inLanguage\":\"es\"},{\"@type\":\"Organization\",\"@id\":\"https:\/\/ejanc.org\/#organization\",\"name\":\"Alianza por la Justicia en la Educaci\u00f3n\",\"url\":\"https:\/\/ejanc.org\/\",\"logo\":{\"@type\":\"ImageObject\",\"inLanguage\":\"es\",\"@id\":\"https:\/\/ejanc.org\/#\/schema\/logo\/image\/\",\"url\":\"https:\/\/ejanc.org\/wp-content\/uploads\/2023\/10\/logo.png\",\"contentUrl\":\"https:\/\/ejanc.org\/wp-content\/uploads\/2023\/10\/logo.png\",\"width\":129,\"height\":132,\"caption\":\"Alianza por la Justicia en la Educaci\u00f3n\"},\"image\":{\"@id\":\"https:\/\/ejanc.org\/#\/schema\/logo\/image\/\"},\"sameAs\":[\"https:\/\/www.facebook.com\/EJARALEIGHNC\/\",\"https:\/\/www.instagram.com\/ejaraleighnc\/\",\"https:\/\/www.linkedin.com\/company\/ejaraleighnc\/about\/\",\"https:\/\/www.youtube.com\/@educationjusticealliance8063\"]}]}<\/script>\n<!-- \/ Yoast SEO plugin. -->","yoast_head_json":{"title":"Hablar con los ni\u00f1os sobre sus derechos | Alianza por la Justicia en la Educaci\u00f3n","robots":{"index":"index","follow":"follow","max-snippet":"max-snippet:-1","max-image-preview":"max-image-preview:large","max-video-preview":"max-video-preview:-1"},"canonical":"https:\/\/ejanc.org\/es\/hablar-con-los-ninos-sobre-sus-derechos\/","og_locale":"es_ES","og_type":"article","og_title":"Hablar con los ni\u00f1os sobre sus derechos | Alianza por la Justicia en la Educaci\u00f3n","og_description":"Hazles saber que se supone que las escuelas deben protegerles. Aseg\u00farales que nadie debe preguntarles por su situaci\u00f3n de inmigraci\u00f3n, y que los profesores no pueden interrogarles sobre sus antecedentes. [&hellip;]","og_url":"https:\/\/ejanc.org\/es\/hablar-con-los-ninos-sobre-sus-derechos\/","og_site_name":"Alianza por la Justicia en la Educaci\u00f3n","article_publisher":"https:\/\/www.facebook.com\/EJARALEIGHNC\/","article_modified_time":"2025-09-08T17:15:28+00:00","twitter_card":"summary_large_image","twitter_misc":{"Tiempo de lectura":"1 minuto"},"schema":{"@context":"https:\/\/schema.org","@graph":[{"@type":"WebPage","@id":"https:\/\/ejanc.org\/es\/hablar-con-los-ninos-sobre-sus-derechos\/","url":"https:\/\/ejanc.org\/es\/hablar-con-los-ninos-sobre-sus-derechos\/","name":"Hablar con los ni\u00f1os sobre sus derechos | Alianza por la Justicia en la Educaci\u00f3n","isPartOf":{"@id":"https:\/\/ejanc.org\/#website"},"datePublished":"2025-05-30T16:43:58+00:00","dateModified":"2025-09-08T17:15:28+00:00","breadcrumb":{"@id":"https:\/\/ejanc.org\/es\/hablar-con-los-ninos-sobre-sus-derechos\/#breadcrumb"},"inLanguage":"es","potentialAction":[{"@type":"ReadAction","target":["https:\/\/ejanc.org\/es\/hablar-con-los-ninos-sobre-sus-derechos\/"]}]},{"@type":"BreadcrumbList","@id":"https:\/\/ejanc.org\/es\/hablar-con-los-ninos-sobre-sus-derechos\/#breadcrumb","itemListElement":[{"@type":"ListItem","position":1,"name":"Home","item":"https:\/\/ejanc.org\/es\/inicio\/"},{"@type":"ListItem","position":2,"name":"Hablar con los ni\u00f1os sobre sus derechos"}]},{"@type":"WebSite","@id":"https:\/\/ejanc.org\/#website","url":"https:\/\/ejanc.org\/","name":"Alianza por la Justicia en la Educaci\u00f3n","description":"","publisher":{"@id":"https:\/\/ejanc.org\/#organization"},"potentialAction":[{"@type":"SearchAction","target":{"@type":"EntryPoint","urlTemplate":"https:\/\/ejanc.org\/?s={search_term_string}"},"query-input":{"@type":"PropertyValueSpecification","valueRequired":true,"valueName":"search_term_string"}}],"inLanguage":"es"},{"@type":"Organization","@id":"https:\/\/ejanc.org\/#organization","name":"Alianza por la Justicia en la Educaci\u00f3n","url":"https:\/\/ejanc.org\/","logo":{"@type":"ImageObject","inLanguage":"es","@id":"https:\/\/ejanc.org\/#\/schema\/logo\/image\/","url":"https:\/\/ejanc.org\/wp-content\/uploads\/2023\/10\/logo.png","contentUrl":"https:\/\/ejanc.org\/wp-content\/uploads\/2023\/10\/logo.png","width":129,"height":132,"caption":"Alianza por la Justicia en la Educaci\u00f3n"},"image":{"@id":"https:\/\/ejanc.org\/#\/schema\/logo\/image\/"},"sameAs":["https:\/\/www.facebook.com\/EJARALEIGHNC\/","https:\/\/www.instagram.com\/ejaraleighnc\/","https:\/\/www.linkedin.com\/company\/ejaraleighnc\/about\/","https:\/\/www.youtube.com\/@educationjusticealliance8063"]}]}},"campaignId":"","_links":{"self":[{"href":"https:\/\/ejanc.org\/es\/wp-json\/wp\/v2\/pages\/7605","targetHints":{"allow":["GET"]}}],"collection":[{"href":"https:\/\/ejanc.org\/es\/wp-json\/wp\/v2\/pages"}],"about":[{"href":"https:\/\/ejanc.org\/es\/wp-json\/wp\/v2\/types\/page"}],"author":[{"embeddable":true,"href":"https:\/\/ejanc.org\/es\/wp-json\/wp\/v2\/users\/4"}],"replies":[{"embeddable":true,"href":"https:\/\/ejanc.org\/es\/wp-json\/wp\/v2\/comments?post=7605"}],"version-history":[{"count":3,"href":"https:\/\/ejanc.org\/es\/wp-json\/wp\/v2\/pages\/7605\/revisions"}],"predecessor-version":[{"id":8590,"href":"https:\/\/ejanc.org\/es\/wp-json\/wp\/v2\/pages\/7605\/revisions\/8590"}],"wp:attachment":[{"href":"https:\/\/ejanc.org\/es\/wp-json\/wp\/v2\/media?parent=7605"}],"curies":[{"name":"wp","href":"https:\/\/api.w.org\/{rel}","templated":true}]}}