{"id":9012,"date":"2025-11-18T10:25:08","date_gmt":"2025-11-18T15:25:08","guid":{"rendered":"https:\/\/ejanc.org\/respuesta-rapida-dona-para-apoyar-a-las-familias-inmigrantes\/"},"modified":"2025-11-18T10:31:40","modified_gmt":"2025-11-18T15:31:40","slug":"respuesta-rapida-dona-para-apoyar-a-las-familias-inmigrantes","status":"publish","type":"page","link":"https:\/\/ejanc.org\/es\/respuesta-rapida-dona-para-apoyar-a-las-familias-inmigrantes\/","title":{"rendered":"Respuesta R\u00e1pida: Dona para apoyar a las familias inmigrantes"},"content":{"rendered":"\t\t<div data-elementor-type=\"wp-page\" data-elementor-id=\"9012\" class=\"elementor elementor-9012 elementor-9007\" data-elementor-post-type=\"page\">\n\t\t\t\t<div class=\"elementor-element elementor-element-a77ec45 e-con-full e-flex e-con e-parent\" data-id=\"a77ec45\" data-element_type=\"container\" data-e-type=\"container\">\n\t\t\t\t<div class=\"elementor-element elementor-element-7fd5b8c elementor-widget elementor-widget-text-editor\" data-id=\"7fd5b8c\" data-element_type=\"widget\" data-e-type=\"widget\" data-widget_type=\"text-editor.default\">\n\t\t\t\t<div class=\"elementor-widget-container\">\n\t\t\t\t\t\t\t\t\t<p class=\"p1\">Mientras los agentes federales de inmigraci\u00f3n se cuelan violentamente en nuestras comunidades, EJA est\u00e1 en modo de respuesta r\u00e1pida. Estamos sobre el terreno ayudando a las familias, formando a los organizadores e instando a los responsables pol\u00edticos a que act\u00faen con eficacia para garantizar la seguridad de los estudiantes inmigrantes y sus familias. <\/p>\n<p class=\"p1\">Sin embargo, no podemos hacerlo solos. Necesitamos toda la ayuda posible para luchar contra esta aterrorizaci\u00f3n de nuestras comunidades. <\/p>\n<p class=\"p1\">Tu donativo, por el importe que sea, contribuye a la seguridad que TODOS NOSOTROS merecemos.<\/p>\t\t\t\t\t\t\t\t<\/div>\n\t\t\t\t<\/div>\n\t\t\t\t<\/div>\n\t\t<div class=\"elementor-element elementor-element-4040424 e-flex e-con-boxed e-con e-parent\" data-id=\"4040424\" data-element_type=\"container\" data-e-type=\"container\">\n\t\t\t\t\t<div class=\"e-con-inner\">\n\t\t\t\t<div class=\"elementor-element elementor-element-cffdcc7 elementor-widget elementor-widget-givewp_donation_form\" data-id=\"cffdcc7\" data-element_type=\"widget\" data-e-type=\"widget\" data-settings=\"{&quot;display_style&quot;:&quot;onpage&quot;}\" data-widget_type=\"givewp_donation_form.default\">\n\t\t\t\t\t<div class='root-data-givewp-embed' data-form-locale='es_ES' data-form-url='https:\/\/ejanc.org\/?post_type=give_forms&#038;p=6010' data-form-view-url='https:\/\/ejanc.org\/es\/?givewp-route=donation-form-view&form-id=6010' data-src='https:\/\/ejanc.org\/es\/?givewp-route=donation-form-view&form-id=6010' data-givewp-embed-id='give-form-shortcode-1' data-form-format='onpage' data-open-form-button='Donar ahora' style='--givewp-primary-color: #7d1323; --givewp-secondary-color: #51c5ed;'><\/div>\t\t\t\t<\/div>\n\t\t\t\t\t<\/div>\n\t\t\t\t<\/div>\n\t\t\t\t<\/div>\n\t\t","protected":false},"excerpt":{"rendered":"<p>Mientras los agentes federales de inmigraci\u00f3n se cuelan violentamente en nuestras comunidades, EJA est\u00e1 en modo de respuesta r\u00e1pida. Estamos sobre el terreno ayudando a las familias, formando a los [&hellip;]<\/p>\n","protected":false},"author":4,"featured_media":0,"parent":0,"menu_order":0,"comment_status":"closed","ping_status":"closed","template":"","meta":{"_acf_changed":false,"give_campaign_id":0,"inline_featured_image":false,"footnotes":""},"class_list":["post-9012","page","type-page","status-publish","hentry"],"acf":[],"yoast_head":"<!-- This site is optimized with the Yoast SEO plugin v27.0 - https:\/\/yoast.com\/product\/yoast-seo-wordpress\/ -->\n<title>Respuesta R\u00e1pida: Dona para apoyar a las familias inmigrantes | Alianza por la Justicia en la Educaci\u00f3n<\/title>\n<meta name=\"robots\" content=\"index, follow, max-snippet:-1, max-image-preview:large, max-video-preview:-1\" \/>\n<link rel=\"canonical\" href=\"https:\/\/ejanc.org\/es\/respuesta-rapida-dona-para-apoyar-a-las-familias-inmigrantes\/\" \/>\n<meta property=\"og:locale\" content=\"es_ES\" \/>\n<meta property=\"og:type\" content=\"article\" \/>\n<meta property=\"og:title\" content=\"Respuesta R\u00e1pida: Dona para apoyar a las familias inmigrantes | Alianza por la Justicia en la Educaci\u00f3n\" \/>\n<meta property=\"og:description\" content=\"Mientras los agentes federales de inmigraci\u00f3n se cuelan violentamente en nuestras comunidades, EJA est\u00e1 en modo de respuesta r\u00e1pida. Estamos sobre el terreno ayudando a las familias, formando a los [&hellip;]\" \/>\n<meta property=\"og:url\" content=\"https:\/\/ejanc.org\/es\/respuesta-rapida-dona-para-apoyar-a-las-familias-inmigrantes\/\" \/>\n<meta property=\"og:site_name\" content=\"Alianza por la Justicia en la Educaci\u00f3n\" \/>\n<meta property=\"article:publisher\" content=\"https:\/\/www.facebook.com\/EJARALEIGHNC\/\" \/>\n<meta property=\"article:modified_time\" content=\"2025-11-18T15:31:40+00:00\" \/>\n<meta name=\"twitter:card\" content=\"summary_large_image\" \/>\n<script type=\"application\/ld+json\" class=\"yoast-schema-graph\">{\"@context\":\"https:\/\/schema.org\",\"@graph\":[{\"@type\":\"WebPage\",\"@id\":\"https:\/\/ejanc.org\/es\/respuesta-rapida-dona-para-apoyar-a-las-familias-inmigrantes\/\",\"url\":\"https:\/\/ejanc.org\/es\/respuesta-rapida-dona-para-apoyar-a-las-familias-inmigrantes\/\",\"name\":\"Respuesta R\u00e1pida: Dona para apoyar a las familias inmigrantes | Alianza por la Justicia en la Educaci\u00f3n\",\"isPartOf\":{\"@id\":\"https:\/\/ejanc.org\/#website\"},\"datePublished\":\"2025-11-18T15:25:08+00:00\",\"dateModified\":\"2025-11-18T15:31:40+00:00\",\"breadcrumb\":{\"@id\":\"https:\/\/ejanc.org\/es\/respuesta-rapida-dona-para-apoyar-a-las-familias-inmigrantes\/#breadcrumb\"},\"inLanguage\":\"es\",\"potentialAction\":[{\"@type\":\"ReadAction\",\"target\":[\"https:\/\/ejanc.org\/es\/respuesta-rapida-dona-para-apoyar-a-las-familias-inmigrantes\/\"]}]},{\"@type\":\"BreadcrumbList\",\"@id\":\"https:\/\/ejanc.org\/es\/respuesta-rapida-dona-para-apoyar-a-las-familias-inmigrantes\/#breadcrumb\",\"itemListElement\":[{\"@type\":\"ListItem\",\"position\":1,\"name\":\"Home\",\"item\":\"https:\/\/ejanc.org\/es\/inicio\/\"},{\"@type\":\"ListItem\",\"position\":2,\"name\":\"Respuesta R\u00e1pida: Dona para apoyar a las familias inmigrantes\"}]},{\"@type\":\"WebSite\",\"@id\":\"https:\/\/ejanc.org\/#website\",\"url\":\"https:\/\/ejanc.org\/\",\"name\":\"Alianza por la Justicia en la Educaci\u00f3n\",\"description\":\"\",\"publisher\":{\"@id\":\"https:\/\/ejanc.org\/#organization\"},\"potentialAction\":[{\"@type\":\"SearchAction\",\"target\":{\"@type\":\"EntryPoint\",\"urlTemplate\":\"https:\/\/ejanc.org\/?s={search_term_string}\"},\"query-input\":{\"@type\":\"PropertyValueSpecification\",\"valueRequired\":true,\"valueName\":\"search_term_string\"}}],\"inLanguage\":\"es\"},{\"@type\":\"Organization\",\"@id\":\"https:\/\/ejanc.org\/#organization\",\"name\":\"Alianza por la Justicia en la Educaci\u00f3n\",\"url\":\"https:\/\/ejanc.org\/\",\"logo\":{\"@type\":\"ImageObject\",\"inLanguage\":\"es\",\"@id\":\"https:\/\/ejanc.org\/#\/schema\/logo\/image\/\",\"url\":\"https:\/\/ejanc.org\/wp-content\/uploads\/2023\/10\/logo.png\",\"contentUrl\":\"https:\/\/ejanc.org\/wp-content\/uploads\/2023\/10\/logo.png\",\"width\":129,\"height\":132,\"caption\":\"Alianza por la Justicia en la Educaci\u00f3n\"},\"image\":{\"@id\":\"https:\/\/ejanc.org\/#\/schema\/logo\/image\/\"},\"sameAs\":[\"https:\/\/www.facebook.com\/EJARALEIGHNC\/\",\"https:\/\/www.instagram.com\/ejaraleighnc\/\",\"https:\/\/www.linkedin.com\/company\/ejaraleighnc\/about\/\",\"https:\/\/www.youtube.com\/@educationjusticealliance8063\"]}]}<\/script>\n<!-- \/ Yoast SEO plugin. -->","yoast_head_json":{"title":"Respuesta R\u00e1pida: Dona para apoyar a las familias inmigrantes | Alianza por la Justicia en la Educaci\u00f3n","robots":{"index":"index","follow":"follow","max-snippet":"max-snippet:-1","max-image-preview":"max-image-preview:large","max-video-preview":"max-video-preview:-1"},"canonical":"https:\/\/ejanc.org\/es\/respuesta-rapida-dona-para-apoyar-a-las-familias-inmigrantes\/","og_locale":"es_ES","og_type":"article","og_title":"Respuesta R\u00e1pida: Dona para apoyar a las familias inmigrantes | Alianza por la Justicia en la Educaci\u00f3n","og_description":"Mientras los agentes federales de inmigraci\u00f3n se cuelan violentamente en nuestras comunidades, EJA est\u00e1 en modo de respuesta r\u00e1pida. Estamos sobre el terreno ayudando a las familias, formando a los [&hellip;]","og_url":"https:\/\/ejanc.org\/es\/respuesta-rapida-dona-para-apoyar-a-las-familias-inmigrantes\/","og_site_name":"Alianza por la Justicia en la Educaci\u00f3n","article_publisher":"https:\/\/www.facebook.com\/EJARALEIGHNC\/","article_modified_time":"2025-11-18T15:31:40+00:00","twitter_card":"summary_large_image","schema":{"@context":"https:\/\/schema.org","@graph":[{"@type":"WebPage","@id":"https:\/\/ejanc.org\/es\/respuesta-rapida-dona-para-apoyar-a-las-familias-inmigrantes\/","url":"https:\/\/ejanc.org\/es\/respuesta-rapida-dona-para-apoyar-a-las-familias-inmigrantes\/","name":"Respuesta R\u00e1pida: Dona para apoyar a las familias inmigrantes | Alianza por la Justicia en la Educaci\u00f3n","isPartOf":{"@id":"https:\/\/ejanc.org\/#website"},"datePublished":"2025-11-18T15:25:08+00:00","dateModified":"2025-11-18T15:31:40+00:00","breadcrumb":{"@id":"https:\/\/ejanc.org\/es\/respuesta-rapida-dona-para-apoyar-a-las-familias-inmigrantes\/#breadcrumb"},"inLanguage":"es","potentialAction":[{"@type":"ReadAction","target":["https:\/\/ejanc.org\/es\/respuesta-rapida-dona-para-apoyar-a-las-familias-inmigrantes\/"]}]},{"@type":"BreadcrumbList","@id":"https:\/\/ejanc.org\/es\/respuesta-rapida-dona-para-apoyar-a-las-familias-inmigrantes\/#breadcrumb","itemListElement":[{"@type":"ListItem","position":1,"name":"Home","item":"https:\/\/ejanc.org\/es\/inicio\/"},{"@type":"ListItem","position":2,"name":"Respuesta R\u00e1pida: Dona para apoyar a las familias inmigrantes"}]},{"@type":"WebSite","@id":"https:\/\/ejanc.org\/#website","url":"https:\/\/ejanc.org\/","name":"Alianza por la Justicia en la Educaci\u00f3n","description":"","publisher":{"@id":"https:\/\/ejanc.org\/#organization"},"potentialAction":[{"@type":"SearchAction","target":{"@type":"EntryPoint","urlTemplate":"https:\/\/ejanc.org\/?s={search_term_string}"},"query-input":{"@type":"PropertyValueSpecification","valueRequired":true,"valueName":"search_term_string"}}],"inLanguage":"es"},{"@type":"Organization","@id":"https:\/\/ejanc.org\/#organization","name":"Alianza por la Justicia en la Educaci\u00f3n","url":"https:\/\/ejanc.org\/","logo":{"@type":"ImageObject","inLanguage":"es","@id":"https:\/\/ejanc.org\/#\/schema\/logo\/image\/","url":"https:\/\/ejanc.org\/wp-content\/uploads\/2023\/10\/logo.png","contentUrl":"https:\/\/ejanc.org\/wp-content\/uploads\/2023\/10\/logo.png","width":129,"height":132,"caption":"Alianza por la Justicia en la Educaci\u00f3n"},"image":{"@id":"https:\/\/ejanc.org\/#\/schema\/logo\/image\/"},"sameAs":["https:\/\/www.facebook.com\/EJARALEIGHNC\/","https:\/\/www.instagram.com\/ejaraleighnc\/","https:\/\/www.linkedin.com\/company\/ejaraleighnc\/about\/","https:\/\/www.youtube.com\/@educationjusticealliance8063"]}]}},"campaignId":"","_links":{"self":[{"href":"https:\/\/ejanc.org\/es\/wp-json\/wp\/v2\/pages\/9012","targetHints":{"allow":["GET"]}}],"collection":[{"href":"https:\/\/ejanc.org\/es\/wp-json\/wp\/v2\/pages"}],"about":[{"href":"https:\/\/ejanc.org\/es\/wp-json\/wp\/v2\/types\/page"}],"author":[{"embeddable":true,"href":"https:\/\/ejanc.org\/es\/wp-json\/wp\/v2\/users\/4"}],"replies":[{"embeddable":true,"href":"https:\/\/ejanc.org\/es\/wp-json\/wp\/v2\/comments?post=9012"}],"version-history":[{"count":4,"href":"https:\/\/ejanc.org\/es\/wp-json\/wp\/v2\/pages\/9012\/revisions"}],"predecessor-version":[{"id":9019,"href":"https:\/\/ejanc.org\/es\/wp-json\/wp\/v2\/pages\/9012\/revisions\/9019"}],"wp:attachment":[{"href":"https:\/\/ejanc.org\/es\/wp-json\/wp\/v2\/media?parent=9012"}],"curies":[{"name":"wp","href":"https:\/\/api.w.org\/{rel}","templated":true}]}}